{"id":101,"date":"2020-12-27T22:41:45","date_gmt":"2020-12-27T21:41:45","guid":{"rendered":"https:\/\/devowl.io\/?page_id=101"},"modified":"2026-03-27T08:48:45","modified_gmt":"2026-03-27T06:48:45","slug":"support","status":"publish","type":"page","link":"https:\/\/devowl.io\/de\/support\/","title":{"rendered":"Support"},"content":{"rendered":"<section class=\"l-section wpb_row us_custom_0d54facf height_medium color_primary with_img parallax_ver\"><div class=\"l-section-img\" role=\"img\" aria-label=\"Bild\" data-img-width=\"1920\" data-img-height=\"800\" style=\"background-image: url(https:\/\/devowl.io\/wp-content\/uploads\/background\/bg-overlay-01.png);background-position: top center;background-repeat: no-repeat;\"><\/div><div class=\"l-section-h i-cf\"><div class=\"g-cols vc_row via_flex valign_top type_default stacking_default\"><div class=\"vc_col-sm-12 wpb_column vc_column_container\"><div class=\"vc_column-inner\"><div class=\"wpb_wrapper\"><div class=\"wpb_text_column us_custom_c3605269 text-shadow has_text_color\"><div class=\"wpb_wrapper\"><h1>Fragen oder Hilfe ben\u00f6tigt?<\/h1>\n<\/div><\/div><div class=\"wpb_text_column us_custom_8a6b2fc5 text-shadow has_text_color\"><div class=\"wpb_wrapper\"><p class=\"translation-block\"><p>Wir stellen eine Wissensdatenbank f\u00fcr unsere Produkte zur Verf\u00fcgung. <strong>Dies erm\u00f6glicht es unseren Kunden oft, ihre Probleme zu l\u00f6sen, ohne auf eine Antwort von uns zu warten.<\/strong> Wenn du jedoch einen pers\u00f6nlichen Kontakt bevorzugst, kannst du gerne ein Ticket er\u00f6ffnen!<\/p><\/p>\n<\/div><\/div><\/div><\/div><\/div><\/div><\/div><\/section><section class=\"l-section wpb_row us_custom_3896e3a5 height_medium\"><div class=\"l-section-h i-cf\"><div class=\"g-cols vc_row via_flex valign_top type_default stacking_default\"><div class=\"vc_col-sm-12 wpb_column vc_column_container\"><div class=\"vc_column-inner\"><div class=\"wpb_wrapper\"><div class=\"wpb_text_column us_custom_b6205bb4\"><div class=\"wpb_wrapper\"><h2>Kundenmeinungen zu unserem Support<\/h2>\n<p class=\"translation-block\"><strong>Mehr als 200.000 aktive Websites<\/strong> haben WordPress-Plugins von devowl.io installiert\u00a0und Real Cookie Banner mit <strong>4,9 von 5,0 Sterne bewertet.<\/strong><\/p>\n<\/div><\/div><div class=\"w-image us_custom_f6af2fd3 align_none\"><div class=\"w-image-h\"><img decoding=\"async\" src=\"https:\/\/devowl.io\/wp-content\/uploads\/top-rating.svg\" class=\"attachment-full size-full\" alt=\"4.8 aus 5.0 Sterne Bewertung\" loading=\"lazy\" \/><\/div><\/div><div class=\"g-cols wpb_row us_custom_72fc42ef via_flex valign_top type_default stacking_default\"><div class=\"vc_col-sm-4 wpb_column vc_column_container has_bg_color has-link\"><div class=\"vc_column-inner us_custom_312da3ed\"><div class=\"wpb_wrapper\"><div class=\"ult-just-icon-wrapper   vc_custom_1644326827429\"><div class=\"align-icon\" style=\"text-align:center;\">\n<div class=\"aio-icon circle\"  style=\"color:#45b3dd;background:#ffffff;font-size:32px;display:inline-block;\">\n\t<i class=\"devowl-icons-quote\"><\/i>\n<\/div><\/div><\/div><div class=\"wpb_text_column\"><div class=\"wpb_wrapper\"><p style=\"text-align: left;\">\u201cDer Kundensupport ist mindestens so gut wie das Plugin \u2013 und das Plugin ist einfach gro\u00dfartig!\u201d<\/p>\n<p style=\"text-align: right;\"><strong>hofmeister<\/strong><br \/>\nhat Real Media Library gekauft<\/p>\n<\/div><\/div><\/div><\/div><a target=\"_blank\" rel=\"nofollow\" href=\"https:\/\/codecanyon.net\/ratings\/3039684\" class=\"vc_column-link smooth-scroll\" aria-label=\"Link\"><\/a><\/div><div class=\"vc_col-sm-4 wpb_column vc_column_container has_bg_color has-link\"><div class=\"vc_column-inner us_custom_8bf0870e\"><div class=\"wpb_wrapper\"><div class=\"ult-just-icon-wrapper   vc_custom_1644326831127\"><div class=\"align-icon\" style=\"text-align:center;\">\n<div class=\"aio-icon circle\"  style=\"color:#45b3dd;background:#ffffff;font-size:32px;display:inline-block;\">\n\t<i class=\"devowl-icons-quote\"><\/i>\n<\/div><\/div><\/div><div class=\"wpb_text_column\"><div class=\"wpb_wrapper\"><p style=\"text-align: left;\">\u201cIch kann nicht sagen, was besser ist. Das Plugin tut genau das, was es tun soll, und der Support ist erstklassig.\u201d<\/p>\n<p style=\"text-align: right;\"><strong>Gerhard Werner<\/strong><br \/>\nhat Real Media Library gekauft<\/p>\n<\/div><\/div><\/div><\/div><a target=\"_blank\" rel=\"nofollow\" href=\"https:\/\/codecanyon.net\/ratings\/3030285\" class=\"vc_column-link smooth-scroll\" aria-label=\"Link\"><\/a><\/div><div class=\"vc_col-sm-4 wpb_column vc_column_container has_bg_color has-link\"><div class=\"vc_column-inner us_custom_3d9021b3\"><div class=\"wpb_wrapper\"><div class=\"ult-just-icon-wrapper   vc_custom_1644326835612\"><div class=\"align-icon\" style=\"text-align:center;\">\n<div class=\"aio-icon circle\"  style=\"color:#45b3dd;background:#ffffff;font-size:32px;display:inline-block;\">\n\t<i class=\"devowl-icons-quote\"><\/i>\n<\/div><\/div><\/div><div class=\"wpb_text_column\"><div class=\"wpb_wrapper\"><p style=\"text-align: left;\">\u201cDer Kundensupport ist einer der besten, mit denen ich je zu tun hatte. Macht weiter so gute Arbeit!\u201d<\/p>\n<p style=\"text-align: right;\"><strong>kreswach<\/strong><br \/>\nhat Real Media Library gekauft<\/p>\n<\/div><\/div><\/div><\/div><a target=\"_blank\" rel=\"nofollow\" href=\"https:\/\/codecanyon.net\/ratings\/2995400\" class=\"vc_column-link smooth-scroll\" aria-label=\"Link\"><\/a><\/div><\/div><div class=\"wpb_text_column us_custom_900258c3\"><div class=\"wpb_wrapper\"><p>Bewertungen sind auszugsweise zitiert und k\u00f6nnen \u00fcbersetzt sein. Um das Original zu sehen, klicke auf das Zitat. Alle WordPress.org-Benutzer k\u00f6nnen Bewertungen einreichen, unabh\u00e4ngig davon, ob sie das Produkt genutzt haben oder nicht. Auf Codecanyon.net k\u00f6nnen jedoch nur Kunden, die das Produkt gekauft haben, Bewertungen abgeben.<\/p>\n<\/div><\/div><\/div><\/div><\/div><\/div><\/div><\/section><section class=\"l-section wpb_row us_custom_3896e3a5 height_medium\"><div class=\"l-section-h i-cf\"><div class=\"g-cols vc_row via_flex valign_top type_default stacking_default\"><div class=\"vc_col-sm-6 wpb_column vc_column_container\"><div class=\"vc_column-inner\"><div class=\"wpb_wrapper\"><div class=\"wpb_text_column\"><div class=\"wpb_wrapper\"><h2>Wissensdatenbank (FAQ)<\/h2>\n<p class=\"translation-block\">Wir sammeln <strong>alle h\u00e4ufig gestellten Fragen unserer Kunden<\/strong> und schreiben Artikel zur L\u00f6sung des Problems. Oftmals kannst du die Antwort auf deine Fragen hier schneller finden, als auf eine Antwort von uns zu warten.<\/p>\n<\/div><\/div><div class=\"g-cols wpb_row us_custom_05fc9381 mobile-column-no-margin via_flex valign_top type_default stacking_default\"><div class=\"vc_col-sm-10 vc_col-xs-4\/5 wpb_column vc_column_container has-link\"><div class=\"vc_column-inner us_custom_e7f5d98a\"><div class=\"wpb_wrapper\"><div class=\"wpb_text_column us_custom_e46bfb84 has_text_color\"><div class=\"wpb_wrapper\"><p><img decoding=\"async\" class=\"alignleft size-full kb-small-product-logo\" src=\"https:\/\/devowl.io\/wp-content\/uploads\/logo\/real-cookie-banner.svg\" alt=\"Real Cookie Banner Logo\" \/><br \/>\n<span class=\"kb-product-title\">Real Cookie Banner<\/span><\/p>\n<\/div><\/div><\/div><\/div><a target=\"_blank\" rel=\"nofollow\" href=\"\/de\/wissensdatenbank\/topic\/real-cookie-banner\/\" class=\"vc_column-link smooth-scroll\" aria-label=\"Link\"><\/a><\/div><div class=\"vc_col-sm-2 vc_col-xs-1\/5 wpb_column vc_column_container has-link\"><div class=\"vc_column-inner us_custom_e7f5d98a\"><div class=\"wpb_wrapper\"><div class=\"ult-just-icon-wrapper   vc_custom_1644331206346\"><div class=\"align-icon\" style=\"text-align:right;\">\n<div class=\"aio-icon none\"  style=\"color:#45b3dd;font-size:27px;display:inline-block;\">\n\t<i class=\"devowl-icons-arrow-left\"><\/i>\n<\/div><\/div><\/div><\/div><\/div><a target=\"_blank\" rel=\"nofollow\" href=\"\/de\/wissensdatenbank\/topic\/real-cookie-banner\/\" class=\"vc_column-link smooth-scroll\" aria-label=\"Link\"><\/a><\/div><\/div><div class=\"g-cols wpb_row us_custom_db420023 mobile-column-no-margin via_flex valign_top type_default stacking_default\"><div class=\"vc_col-sm-10 vc_col-xs-4\/5 wpb_column vc_column_container has-link\"><div class=\"vc_column-inner us_custom_e7f5d98a\"><div class=\"wpb_wrapper\"><div class=\"wpb_text_column us_custom_e46bfb84 has_text_color\"><div class=\"wpb_wrapper\"><p><img decoding=\"async\" class=\"alignleft size-full kb-small-product-logo\" src=\"https:\/\/devowl.io\/wp-content\/uploads\/logo\/real-media-library.svg\" alt=\"Real Media Library logo\" \/><br \/>\n<span class=\"kb-product-title\">Real Media Library<\/span><\/p>\n<\/div><\/div><\/div><\/div><a target=\"_blank\" rel=\"nofollow\" href=\"\/de\/wissensdatenbank\/topic\/real-media-library\/\" class=\"vc_column-link smooth-scroll\" aria-label=\"Link\"><\/a><\/div><div class=\"vc_col-sm-2 vc_col-xs-1\/5 wpb_column vc_column_container has-link\"><div class=\"vc_column-inner us_custom_e7f5d98a\"><div class=\"wpb_wrapper\"><div class=\"ult-just-icon-wrapper   vc_custom_1644331206346\"><div class=\"align-icon\" style=\"text-align:right;\">\n<div class=\"aio-icon none\"  style=\"color:#45b3dd;font-size:27px;display:inline-block;\">\n\t<i class=\"devowl-icons-arrow-left\"><\/i>\n<\/div><\/div><\/div><\/div><\/div><a target=\"_blank\" rel=\"nofollow\" href=\"\/de\/wissensdatenbank\/topic\/real-media-library\/\" class=\"vc_column-link smooth-scroll\" aria-label=\"Link\"><\/a><\/div><\/div><div class=\"g-cols wpb_row us_custom_db420023 mobile-column-no-margin via_flex valign_top type_default stacking_default\"><div class=\"vc_col-sm-10 vc_col-xs-4\/5 wpb_column vc_column_container has-link\"><div class=\"vc_column-inner us_custom_e7f5d98a\"><div class=\"wpb_wrapper\"><div class=\"wpb_text_column us_custom_e46bfb84 has_text_color\"><div class=\"wpb_wrapper\"><p><img decoding=\"async\" class=\"alignleft size-full kb-small-product-logo\" src=\"https:\/\/devowl.io\/wp-content\/uploads\/logo\/real-physical-media.svg\" alt=\"Real Physical Media Logo\" \/><br \/>\n<span class=\"kb-product-title\">Real Physical Media<\/span><\/p>\n<\/div><\/div><\/div><\/div><a target=\"_blank\" rel=\"nofollow\" href=\"\/de\/wissensdatenbank\/topic\/real-physical-media\/\" class=\"vc_column-link smooth-scroll\" aria-label=\"Link\"><\/a><\/div><div class=\"vc_col-sm-2 vc_col-xs-1\/5 wpb_column vc_column_container has-link\"><div class=\"vc_column-inner us_custom_e7f5d98a\"><div class=\"wpb_wrapper\"><div class=\"ult-just-icon-wrapper   vc_custom_1644331206346\"><div class=\"align-icon\" style=\"text-align:right;\">\n<div class=\"aio-icon none\"  style=\"color:#45b3dd;font-size:27px;display:inline-block;\">\n\t<i class=\"devowl-icons-arrow-left\"><\/i>\n<\/div><\/div><\/div><\/div><\/div><a target=\"_blank\" rel=\"nofollow\" href=\"\/de\/wissensdatenbank\/topic\/real-physical-media\/\" class=\"vc_column-link smooth-scroll\" aria-label=\"Link\"><\/a><\/div><\/div><div class=\"g-cols wpb_row us_custom_db420023 mobile-column-no-margin via_flex valign_top type_default stacking_default\"><div class=\"vc_col-sm-10 vc_col-xs-4\/5 wpb_column vc_column_container has-link\"><div class=\"vc_column-inner us_custom_e7f5d98a\"><div class=\"wpb_wrapper\"><div class=\"wpb_text_column us_custom_e46bfb84 has_text_color\"><div class=\"wpb_wrapper\"><p><img decoding=\"async\" class=\"alignleft size-full kb-small-product-logo\" src=\"https:\/\/devowl.io\/wp-content\/uploads\/logo\/real-category-management.svg\" alt=\"Real Category Management Logo\" \/><br \/>\n<span class=\"kb-product-title rcm\">Real Category Management<\/span><\/p>\n<\/div><\/div><\/div><\/div><a target=\"_blank\" rel=\"nofollow\" href=\"\/de\/wissensdatenbank\/topic\/real-category-management\/\" class=\"vc_column-link smooth-scroll\" aria-label=\"Link\"><\/a><\/div><div class=\"vc_col-sm-2 vc_col-xs-1\/5 wpb_column vc_column_container has-link\"><div class=\"vc_column-inner us_custom_e7f5d98a\"><div class=\"wpb_wrapper\"><div class=\"ult-just-icon-wrapper   vc_custom_1644331206346\"><div class=\"align-icon\" style=\"text-align:right;\">\n<div class=\"aio-icon none\"  style=\"color:#45b3dd;font-size:27px;display:inline-block;\">\n\t<i class=\"devowl-icons-arrow-left\"><\/i>\n<\/div><\/div><\/div><\/div><\/div><a target=\"_blank\" rel=\"nofollow\" href=\"\/de\/wissensdatenbank\/topic\/real-category-management\/\" class=\"vc_column-link smooth-scroll\" aria-label=\"Link\"><\/a><\/div><\/div><div class=\"g-cols wpb_row us_custom_db420023 mobile-column-no-margin via_flex valign_top type_default stacking_default\"><div class=\"vc_col-sm-10 vc_col-xs-4\/5 wpb_column vc_column_container has-link\"><div class=\"vc_column-inner us_custom_e7f5d98a\"><div class=\"wpb_wrapper\"><div class=\"wpb_text_column us_custom_e46bfb84 has_text_color\"><div class=\"wpb_wrapper\"><p><img decoding=\"async\" class=\"alignleft size-full kb-small-product-logo\" src=\"https:\/\/devowl.io\/wp-content\/uploads\/logo\/real-thumbnail-generator.svg\" alt=\"Real Thumbnail Generator Logo\" \/><br \/>\n<span class=\"kb-product-title\">Real Thumbnail Generator<\/span><\/p>\n<\/div><\/div><\/div><\/div><a target=\"_blank\" rel=\"nofollow\" href=\"\/de\/wissensdatenbank\/topic\/real-thumbnail-generator\/\" class=\"vc_column-link smooth-scroll\" aria-label=\"Link\"><\/a><\/div><div class=\"vc_col-sm-2 vc_col-xs-1\/5 wpb_column vc_column_container has-link\"><div class=\"vc_column-inner us_custom_e7f5d98a\"><div class=\"wpb_wrapper\"><div class=\"ult-just-icon-wrapper   vc_custom_1644331206346\"><div class=\"align-icon\" style=\"text-align:right;\">\n<div class=\"aio-icon none\"  style=\"color:#45b3dd;font-size:27px;display:inline-block;\">\n\t<i class=\"devowl-icons-arrow-left\"><\/i>\n<\/div><\/div><\/div><\/div><\/div><a target=\"_blank\" rel=\"nofollow\" href=\"\/de\/wissensdatenbank\/topic\/real-thumbnail-generator\/\" class=\"vc_column-link smooth-scroll\" aria-label=\"Link\"><\/a><\/div><\/div><\/div><\/div><\/div><div class=\"vc_col-sm-6 wpb_column vc_column_container\"><div class=\"vc_column-inner\"><div class=\"wpb_wrapper\"><div class=\"wpb_text_column us_custom_4be67d5b\"><div class=\"wpb_wrapper\"><h2>Support-Ticket \u00f6ffnen<\/h2>\n<p class=\"translation-block\">Wenn du <strong>Fragen hast, bevor du eines unserer Produkte kaufst, Hilfe mit unseren Produkten ben\u00f6tigst oder einen Feature-Wunsch hast<\/strong>, kannst du gerne ein Support-Ticket er\u00f6ffnen. Fragen zu rechtlichen Aspekten in Bezug auf Real Cookie Banner sind ebenfalls willkommen.<\/p>\n<\/div><\/div><section class=\"l-section wpb_row us_custom_4af741be height_medium\"><div class=\"l-section-h i-cf\"><div class=\"g-cols vc_row via_flex valign_top type_default stacking_default\"><div class=\"vc_col-sm-12 wpb_column vc_column_container\"><div class=\"vc_column-inner\"><div class=\"wpb_wrapper\"><\/div><\/div><\/div><\/div><\/div><\/section>\n<div class=\"wpb_text_column\"><div class=\"wpb_wrapper\"><div class=\"real-commerce-support-form\" style=\"\" data-product=\"\" data-questiontype=\"\" data-customercenter=\"https:\/\/devowl.io\/account\/\"><\/div>\n<\/div><\/div><\/div><\/div><\/div><\/div><\/div><\/section><section class=\"l-section wpb_row us_custom_0d54facf height_medium color_primary with_img parallax_fixed\"><div class=\"l-section-img\" role=\"img\" aria-label=\"Bild\" data-img-width=\"1920\" data-img-height=\"800\" style=\"background-image: url(https:\/\/devowl.io\/wp-content\/uploads\/background\/bg-overlay-02.png);background-position: top center;background-repeat: no-repeat;\"><\/div><div class=\"l-section-h i-cf\"><div class=\"g-cols vc_row via_flex valign_top type_default stacking_default\"><div class=\"vc_col-sm-12 wpb_column vc_column_container\"><div class=\"vc_column-inner\"><div class=\"wpb_wrapper\"><div class=\"wpb_text_column us_custom_c3605269 text-shadow has_text_color\"><div class=\"wpb_wrapper\"><h2>WordPress-Plugins mit Support<\/h2>\n<\/div><\/div><div class=\"wpb_text_column us_custom_8a6b2fc5 text-shadow has_text_color\"><div class=\"wpb_wrapper\"><p>Wir bieten E-Mail-Support f\u00fcr alle devowl.io-Produkte. Dieser ist bereits (f\u00fcr eine begrenzte Zeit) in allen unseren kostenpflichtigen Produkten ohne zus\u00e4tzliche Kosten enthalten. Unser Ziel ist es nicht nur, qualitativ hochwertige WordPress-Plugins zu entwickeln, sondern dich auch nach Ihrem Kauf zu unterst\u00fctzen, damit du das Beste herausholen kannst. Im Vergleich zu kostenlosen oder billigen WordPress-Plugins kann das f\u00fcr dich den Unterschied ausmachen, ob und wie schnell du dein Ziel erreichst.<\/p>\n<\/div><\/div><\/div><\/div><\/div><\/div><\/div><\/section>","protected":false},"excerpt":{"rendered":"Questions or support needed? We provide a knowledge base for our products. This often allows our customers to solve their issues without waiting for a response from us. However, if you prefer a personal contact, you are welcome to open a ticket! Customer opinions about our support More than active 200,000 websites have installed WordPress...","protected":false},"author":1,"featured_media":0,"parent":0,"menu_order":21,"comment_status":"closed","ping_status":"closed","template":"","meta":{"_acf_changed":false,"_seopress_robots_primary_cat":"","_seopress_titles_title":"Support for WordPress Plugins by devowl.io","_seopress_titles_desc":"Need help with a WordPress plugin? Browse our knowledge base, post in our live chat or open a support ticket!","_seopress_robots_index":"","inline_featured_image":false,"restrictTranslations":["en_US","de_DE"],"footnotes":""},"class_list":["post-101","page","type-page","status-publish","hentry"],"acf":[],"_links":{"self":[{"href":"https:\/\/devowl.io\/de\/wp-json\/wp\/v2\/pages\/101","targetHints":{"allow":["GET"]}}],"collection":[{"href":"https:\/\/devowl.io\/de\/wp-json\/wp\/v2\/pages"}],"about":[{"href":"https:\/\/devowl.io\/de\/wp-json\/wp\/v2\/types\/page"}],"author":[{"embeddable":true,"href":"https:\/\/devowl.io\/de\/wp-json\/wp\/v2\/users\/1"}],"replies":[{"embeddable":true,"href":"https:\/\/devowl.io\/de\/wp-json\/wp\/v2\/comments?post=101"}],"version-history":[{"count":35,"href":"https:\/\/devowl.io\/de\/wp-json\/wp\/v2\/pages\/101\/revisions"}],"predecessor-version":[{"id":244859,"href":"https:\/\/devowl.io\/de\/wp-json\/wp\/v2\/pages\/101\/revisions\/244859"}],"wp:attachment":[{"href":"https:\/\/devowl.io\/de\/wp-json\/wp\/v2\/media?parent=101"}],"curies":[{"name":"wp","href":"https:\/\/api.w.org\/{rel}","templated":true}]}}