{"id":144,"date":"2020-12-27T22:45:44","date_gmt":"2020-12-27T21:45:44","guid":{"rendered":"https:\/\/devowl.io\/?page_id=144"},"modified":"2021-02-23T23:15:46","modified_gmt":"2021-02-23T22:15:46","slug":"developer-tools","status":"publish","type":"page","link":"https:\/\/devowl.io\/de\/entwickler-tools\/","title":{"rendered":"Entwickler-Tools"},"content":{"rendered":"<section class=\"l-section wpb_row us_custom_0d54facf height_medium color_primary with_img parallax_ver\"><div class=\"l-section-img\" role=\"img\" aria-label=\"Bild\" data-img-width=\"1920\" data-img-height=\"800\" style=\"background-image: url(https:\/\/devowl.io\/wp-content\/uploads\/background\/bg-overlay-01.png);background-position: top center;background-repeat: no-repeat;\"><\/div><div class=\"l-section-h i-cf\"><div class=\"g-cols vc_row via_flex valign_top type_default stacking_default\"><div class=\"vc_col-sm-12 wpb_column vc_column_container\"><div class=\"vc_column-inner\"><div class=\"wpb_wrapper\"><div class=\"wpb_text_column us_custom_d36921ab has_text_color\"><div class=\"wpb_wrapper\"><h1 class=\"highlight big translation-block\"><strong>Real<\/strong> Developer Tools<\/h1>\n<\/div><\/div><div class=\"wpb_text_column us_custom_55984c03 text-shadow has_text_color\"><div class=\"wpb_wrapper\"><p>von devowl.io<\/p>\n<\/div><\/div><div class=\"wpb_text_column us_custom_8a6b2fc5 text-shadow has_text_color\"><div class=\"wpb_wrapper\"><p>Wir verstehen Software-Entwicklung als ein digitales Handwerk. Neben Wissen und Erfahrung braucht man in diesem Handwerk auch gute Werkzeuge. Wir nutzen nicht nur Open-Source-Tools, sondern teilen unsere L\u00f6sungen auch mit der Community.<\/p>\n<\/div><\/div><\/div><\/div><\/div><\/div><\/div><\/section><section class=\"l-section wpb_row us_custom_0c3bab8f height_medium\"><div class=\"l-section-h i-cf\"><div class=\"g-cols vc_row via_flex valign_top type_default stacking_default\"><div class=\"vc_col-sm-12 wpb_column vc_column_container\"><div class=\"vc_column-inner\"><div class=\"wpb_wrapper\"><div class=\"wpb_text_column us_custom_eb849559\"><div class=\"wpb_wrapper\"><h2>Entwickler-Tools<\/h2>\n<p>Wir teilen unsere Werkzeuge aus der WordPress-, React- und Node.js-Softwareentwicklung, um gemeinsam noch besser zu werden.<\/p>\n<\/div><\/div><\/div><\/div><\/div><\/div><\/div><\/section><section class=\"l-section wpb_row us_custom_2c2b726a height_medium\"><div class=\"l-section-h i-cf\"><div class=\"g-cols vc_row via_flex valign_top type_default stacking_default\"><div class=\"vc_col-sm-6 wpb_column vc_column_container has_bg_color\"><div class=\"vc_column-inner us_custom_84f2cce9\"><div class=\"wpb_wrapper\"><div class=\"w-image us_custom_2a69c442 product-logo-boxed align_none\"><a href=\"\/de\/wp-react-starter\/\" aria-label=\"WP React Starter\" class=\"w-image-h\"><img decoding=\"async\" src=\"https:\/\/devowl.io\/wp-content\/uploads\/logo\/wp-react-starter.svg\" class=\"attachment-full size-full\" alt=\"WP React Starter\" loading=\"lazy\" \/><\/a><\/div><div class=\"wpb_text_column us_custom_eb849559\"><div class=\"wpb_wrapper\"><h3>WP React Starter<\/h3>\n<p class=\"translation-block\">Erstelle (mehrere) WordPress-Plugins, die React, TypeScript und objektorientiertes PHP in einer vollst\u00e4ndig individualisierbaren Docker-Entwicklungsumgebung verwenden. Sie werden in einer Monorepo committed, was die Abstraktion und Modularisierung der Entwicklung stark vereinfacht. <strong>Mit WP React Starter haben wir eine moderne WordPress-Entwicklungsboilerplate geschaffen, das alles enth\u00e4lt, was du von modernen Webentwicklungsprojekten gewohnt bist<\/strong>, wie z.B. Client- und Server-seitiges Rendering, Testsuiten, containerisierte Umgebungen oder eine CI\/CD-Integration.<\/p>\n<p class=\"translation-block\">Beginne heute mit einem ersten WordPress-Plugin! <strong>Erstelle es innerhalb von 5 Minuten, dank unserer CLI <a href=\"https:\/\/devowlio.gitbook.io\/wp-react-starter\/usage\/getting-started\" target=\"_self\" rel=\"noopener\">create-wp-react-app<\/a>.<\/strong><\/p>\n<\/div><\/div><div class=\"w-btn-wrapper align_center\"><a class=\"w-btn us-btn-style_1\" href=\"\/de\/wp-react-starter\/\"><span class=\"w-btn-label\">Erfahre mehr \u00fcber WP React Starter<\/span><\/a><\/div><\/div><\/div><\/div><div class=\"vc_col-sm-6 wpb_column vc_column_container has_bg_color\"><div class=\"vc_column-inner us_custom_ed7ca1a2\"><div class=\"wpb_wrapper\"><div class=\"w-image us_custom_2a69c442 product-logo-boxed align_none\"><a target=\"_blank\" rel=\"nofollow\" href=\"https:\/\/www.npmjs.com\/package\/node-gitlab-ci\" aria-label=\"node-gitlab-ci\" class=\"w-image-h\"><img decoding=\"async\" src=\"https:\/\/devowl.io\/wp-content\/uploads\/logo\/node-gitlab-ci.svg\" class=\"attachment-full size-full\" alt=\"node-gitlab-ci\" loading=\"lazy\" \/><\/a><\/div><div class=\"wpb_text_column us_custom_eb849559\"><div class=\"wpb_wrapper\"><h3>node-gitlab-ci<\/h3>\n<p class=\"translation-block\">Continuous Integration (CI) und Continuous Deployment (CD) sind fantastische Konzepte f\u00fcr die Prozessautomatisierung in der Softwareentwicklung. <strong>Wir lieben GitLab CI, weil es das Konzept in einer integrierten L\u00f6sung mit m\u00e4chtigen Konfigurationsm\u00f6glichkeiten umsetzt.<\/strong> Allerdings werden die Pipeline-Konfigurationen in einer statischen .gitlab-ci.yml gespeichert.<\/p>\n<p class=\"translation-block\">node-gitlab-ci erm\u00f6glicht es dir, <strong>Pipeline-Konfigurationen dynamisch in TypeScript zu entwickeln und mit Programmierkonzepten wie Vererbung oder Funktionen Duplikate zu vermeiden.<\/strong> So kannst du z.B. Monorepos mit vielen \u00e4hnlichen Projekten perfekt in das CI\/CD integrieren.<\/p>\n<\/div><\/div><div class=\"w-btn-wrapper align_center\"><a class=\"w-btn us-btn-style_1\" target=\"_blank\" rel=\"nofollow\" href=\"https:\/\/www.npmjs.com\/package\/node-gitlab-ci\"><span class=\"w-btn-label\">Erfahre mehr \u00fcber node-giblab-ci auf NPM<\/span><\/a><\/div><\/div><\/div><\/div><\/div><\/div><\/section><section class=\"l-section wpb_row height_medium\"><div class=\"l-section-h i-cf\"><div class=\"g-cols vc_row via_flex valign_top type_default stacking_default\"><div class=\"vc_col-sm-6 wpb_column vc_column_container has_bg_color\"><div class=\"vc_column-inner us_custom_c271abdf\"><div class=\"wpb_wrapper\"><div class=\"w-image us_custom_2a69c442 product-logo-boxed align_none\"><a target=\"_blank\" rel=\"nofollow\" href=\"https:\/\/www.npmjs.com\/package\/node-lame\" aria-label=\"node-lame\" class=\"w-image-h\"><img decoding=\"async\" src=\"https:\/\/devowl.io\/wp-content\/uploads\/logo\/node-lame.svg\" class=\"attachment-full size-full\" alt=\"node-lame\" loading=\"lazy\" \/><\/a><\/div><div class=\"wpb_text_column us_custom_eb849559\"><div class=\"wpb_wrapper\"><h3>node-lame<\/h3>\n<p class=\"translation-block\">Konvertiere WAV Audiodateien in MP1, MP2 und MP3 Dateien und umgekehrt mit dem LAME MP3 Encoder direkt in deinen Node.js Anwendungen. <strong>node-lame hat alle APIs des beliebten Open-Source-Encoders in TypeScript abgebildet<\/strong>, was dir hilft, effizient kodierte Audiodateien in Node.js-Backends zu erstellen.<\/p>\n<\/div><\/div><div class=\"w-btn-wrapper align_center\"><a class=\"w-btn us-btn-style_1\" target=\"_blank\" rel=\"nofollow\" href=\"https:\/\/www.npmjs.com\/package\/node-lame\"><span class=\"w-btn-label\">Erfahre mehr \u00fcber node-lame auf NPM<\/span><\/a><\/div><\/div><\/div><\/div><div class=\"vc_col-sm-6 wpb_column vc_column_container has_bg_color\"><div class=\"vc_column-inner us_custom_d4842a4f\"><div class=\"wpb_wrapper\"><div class=\"w-image us_custom_2a69c442 product-logo-boxed align_none\"><a target=\"_blank\" rel=\"nofollow\" href=\"https:\/\/www.npmjs.com\/package\/node-fdkaac\" aria-label=\"node-fdkaac\" class=\"w-image-h\"><img decoding=\"async\" src=\"https:\/\/devowl.io\/wp-content\/uploads\/logo\/node-fdkaac.svg\" class=\"attachment-full size-full\" alt=\"node-fdkaac\" loading=\"lazy\" \/><\/a><\/div><div class=\"wpb_text_column us_custom_eb849559\"><div class=\"wpb_wrapper\"><h3>node-fdkaac<\/h3>\n<p class=\"translation-block\">Verwende die modernen Audioformate M4A und AAC, um deine auditiven Inhalte in bester Qualit\u00e4t mit vern\u00fcnftiger Bandbreite auszuspielen. <strong>node-fdkaac bildet alle APIs der Fraunhofer FDK AAC Bibliothek in TypeScript ab<\/strong> und hilft dir, Audiodateien schnell und einfach in Node.js Backends zu konvertieren.<\/p>\n<\/div><\/div><div class=\"w-btn-wrapper align_center\"><a class=\"w-btn us-btn-style_1\" target=\"_blank\" rel=\"nofollow\" href=\"https:\/\/www.npmjs.com\/package\/node-fdkaac\"><span class=\"w-btn-label\">Erfahre mehr \u00fcber node-fdkaac auf NPM<\/span><\/a><\/div><\/div><\/div><\/div><\/div><\/div><\/section><section class=\"l-section wpb_row us_custom_9770c797 height_medium\"><div class=\"l-section-overlay\" style=\"background:var(--color-alt-content-bg)\"><\/div><div class=\"l-section-h i-cf\"><div class=\"g-cols vc_row via_flex valign_top type_default stacking_default\"><div class=\"vc_col-sm-6 wpb_column vc_column_container\"><div class=\"vc_column-inner\"><div class=\"wpb_wrapper\"><div class=\"wpb_text_column\"><div class=\"wpb_wrapper\"><h2>Support<\/h2>\n<p class=\"translation-block\">Wir lieben es neue technische L\u00f6sungen zu erforschen, gemeinsam mit Projekten zu lernen und unser Wissen mit f\u00e4higen Softwareentwicklern zu teilen. <strong>Dahinter steht der feste Glaube, dass man in der Softwareentwicklung gemeinsam weiter kommt als alleine.<\/strong><\/p>\n<p class=\"translation-block\">Bei Fragen zu bestimmten Open-Source-Projekten \u00f6ffnest du am besten ein Issue im jeweiligen GitHub-Repository. Um Erfahrungen auszutauschen und zusammenzuarbeiten, <strong>erreichst du uns am besten in unserem \u00f6ffentlichen Slack Workspace.<\/strong><\/p>\n<\/div><\/div><div class=\"w-btn-wrapper align_none\"><a class=\"w-btn us-btn-style_1\" target=\"_blank\" rel=\"nofollow\" href=\"\/de\/slack\/\"><span class=\"w-btn-label\">Slack Workspace beitreten<\/span><\/a><\/div><\/div><\/div><\/div><div class=\"vc_col-sm-6 wpb_column vc_column_container btn-left-mobile\"><div class=\"vc_column-inner us_custom_0f447afd\"><div class=\"wpb_wrapper\"><div class=\"wpb_text_column us_custom_54097ede\"><div class=\"wpb_wrapper\"><h2>devowl.io Blog<\/h2>\n<p class=\"translation-block\">Du willst lernen, wie du tolle WordPress Webseiten baust, Besucher auf deine Webseiten bekommst oder einfach nur \u00fcber die neuesten devowl.io Produktupdates lesen? <strong>Wir schreiben nicht nur dar\u00fcber, sondern von Zeit zu Zeit auch \u00fcber Trends in der Softwareentwicklung, die wir f\u00fcr spannend halten.<\/strong> Gerade im dynamischen JavaScript \u00d6kosystem gibt es viel zu entdecken!<\/p>\n<p class=\"translation-block\"><strong>Wir w\u00fcrden uns freuen, wenn du durch unsere Artikel st\u00f6berst<\/strong> und gemeinsam mit uns Neuland in der Softwareentwicklung entdeckst!<\/p>\n<\/div><\/div><div class=\"w-btn-wrapper align_right\"><a class=\"w-btn us-btn-style_1 btn-left-mobile\" href=\"\/de\/blog\/\"><span class=\"w-btn-label\">Besuche den devowl.io Blog<\/span><\/a><\/div><\/div><\/div><\/div><\/div><\/div><\/section>","protected":false},"excerpt":{"rendered":"Real Developer Tools by devowl.io We understand software development as a digital craft. Besides knowledge and experience, you need great tools in the craft. We not only use open-source tools, but also share our solutions with the community. Developer Tools We share our tools from WordPress, React and Node.js software development to become even better...","protected":false},"author":1,"featured_media":0,"parent":0,"menu_order":17,"comment_status":"closed","ping_status":"closed","template":"","meta":{"_acf_changed":false,"_seopress_robots_primary_cat":"","_seopress_titles_title":"Developer Tools by devowl.io","_seopress_titles_desc":"Software development is a digital craft and great tools are essential to craft. We not only use our tools, but share them as open-source projects.","_seopress_robots_index":"","inline_featured_image":false,"restrictTranslations":["en_US","de_DE"],"footnotes":""},"class_list":["post-144","page","type-page","status-publish","hentry"],"acf":[],"_links":{"self":[{"href":"https:\/\/devowl.io\/de\/wp-json\/wp\/v2\/pages\/144","targetHints":{"allow":["GET"]}}],"collection":[{"href":"https:\/\/devowl.io\/de\/wp-json\/wp\/v2\/pages"}],"about":[{"href":"https:\/\/devowl.io\/de\/wp-json\/wp\/v2\/types\/page"}],"author":[{"embeddable":true,"href":"https:\/\/devowl.io\/de\/wp-json\/wp\/v2\/users\/1"}],"replies":[{"embeddable":true,"href":"https:\/\/devowl.io\/de\/wp-json\/wp\/v2\/comments?post=144"}],"version-history":[{"count":0,"href":"https:\/\/devowl.io\/de\/wp-json\/wp\/v2\/pages\/144\/revisions"}],"wp:attachment":[{"href":"https:\/\/devowl.io\/de\/wp-json\/wp\/v2\/media?parent=144"}],"curies":[{"name":"wp","href":"https:\/\/api.w.org\/{rel}","templated":true}]}}