{"id":18,"date":"2020-12-26T18:20:16","date_gmt":"2020-12-26T16:20:16","guid":{"rendered":"https:\/\/devowl.io\/?page_id=18"},"modified":"2024-10-29T16:44:56","modified_gmt":"2024-10-29T14:44:56","slug":"wordpress-plugins","status":"publish","type":"page","link":"https:\/\/devowl.io\/de\/","title":{"rendered":"WordPress-Plugins"},"content":{"rendered":"<section class=\"l-section wpb_row us_custom_0d54facf height_medium color_primary with_img parallax_ver\"><div class=\"l-section-img\" role=\"img\" aria-label=\"Bild\" data-img-width=\"1920\" data-img-height=\"800\" style=\"background-image: url(https:\/\/devowl.io\/wp-content\/uploads\/background\/bg-overlay-01.png);background-position: top center;background-repeat: no-repeat;\"><\/div><div class=\"l-section-h i-cf\"><div class=\"g-cols vc_row via_flex valign_top type_default stacking_default\"><div class=\"vc_col-sm-12 wpb_column vc_column_container\"><div class=\"vc_column-inner\"><div class=\"wpb_wrapper\"><div class=\"wpb_text_column us_custom_eb849559\"><div class=\"wpb_wrapper\"><h1 class=\"highlight big translation-block\"><strong>Real<\/strong> WordPress Plugins<\/h1>\n<\/div><\/div><div class=\"wpb_text_column us_custom_55984c03 text-shadow has_text_color\"><div class=\"wpb_wrapper\"><p>von devowl.io<\/p>\n<\/div><\/div><div class=\"wpb_text_column us_custom_8a6b2fc5 text-shadow has_text_color\"><div class=\"wpb_wrapper\"><p class=\"translation-block\">Wir entwickeln hochqualitative WordPress-Plugins. Alle Plugins sind zuverl\u00e4ssig, mit schnellem Support und in mehreren Sprachen verf\u00fcgbar. <strong>Verbessere die Funktionalit\u00e4t deiner WordPress-Website und erziele damit mehr Besucher, Kundenanfragen und Verk\u00e4ufe.<\/strong> Entwicklung und Support in Deutschland.<\/p>\n<\/div><\/div><\/div><\/div><\/div><\/div><\/div><\/section><section class=\"l-section wpb_row us_custom_22cb68a1 height_medium\" id=\"wordpress-plugins\"><div class=\"l-section-h i-cf\"><div class=\"g-cols vc_row via_flex valign_top type_default stacking_default\"><div class=\"vc_col-sm-12 wpb_column vc_column_container\"><div class=\"vc_column-inner\"><div class=\"wpb_wrapper\"><div class=\"wpb_text_column us_custom_eb849559\"><div class=\"wpb_wrapper\"><h2>WordPress-Plugins<\/h2>\n<p>Wir bauen, was du wirklich in deinem WordPress verwenden m\u00f6chtest: Real Plugins!<\/p>\n<\/div><\/div><\/div><\/div><\/div><\/div><\/div><\/section><section class=\"l-section wpb_row us_custom_2c2b726a height_medium\"><div class=\"l-section-h i-cf\"><div class=\"g-cols vc_row via_flex valign_top type_default stacking_default\"><div class=\"vc_col-sm-6 wpb_column vc_column_container has_bg_color\"><div class=\"vc_column-inner us_custom_84f2cce9\"><div class=\"wpb_wrapper\"><div class=\"w-image us_custom_2a69c442 product-logo-boxed align_none\"><a href=\"\/de\/wordpress-real-cookie-banner\/\" aria-label=\"Real Cookie Banner\" class=\"w-image-h\"><img decoding=\"async\" src=\"https:\/\/devowl.io\/wp-content\/uploads\/logo\/real-cookie-banner.svg\" class=\"attachment-full size-full\" alt=\"Real Cookie Banner\" loading=\"lazy\" \/><\/a><\/div><div class=\"wpb_text_column us_custom_eb849559\"><div class=\"wpb_wrapper\"><h3>Real Cookie Banner<\/h3>\n<p class=\"translation-block\">Hole DSGVO (GDPR) und ePrivacy Richtlinie (EU Cookie Law) <strong>konforme Opt-in Cookie-Einwilligungen<\/strong> ein. Finde Cookies und trage alle rechtlichen Informationen in deinen Cookie Banner ein.<\/p>\n<\/div><\/div><div class=\"w-btn-wrapper align_center\"><a class=\"w-btn us-btn-style_1\" href=\"\/de\/wordpress-real-cookie-banner\/\"><span class=\"w-btn-label\">Erfahre mehr \u00fcber Real Cookie Banner<\/span><\/a><\/div><\/div><\/div><\/div><div class=\"vc_col-sm-6 wpb_column vc_column_container has_bg_color\"><div class=\"vc_column-inner us_custom_ed7ca1a2\"><div class=\"wpb_wrapper\"><div class=\"w-image us_custom_2a69c442 product-logo-boxed align_none\"><a href=\"\/de\/wordpress-real-media-library\/\" aria-label=\"Real Media Library\" class=\"w-image-h\"><img decoding=\"async\" src=\"https:\/\/devowl.io\/wp-content\/uploads\/logo\/real-media-library.svg\" class=\"attachment-full size-full\" alt=\"Real Media Library\" loading=\"lazy\" \/><\/a><\/div><div class=\"wpb_text_column us_custom_eb849559\"><div class=\"wpb_wrapper\"><h3>Real Media Library<\/h3>\n<p class=\"translation-block\">Organisiere tausende <strong>hochgeladene Dateien in Ordnern, Sammlungen und Galerien.<\/strong> Ein echter Dateimanager, mit dem du gro\u00dfe Mengen von Dateien in WordPress verwalten kannst.<\/p>\n<\/div><\/div><div class=\"w-btn-wrapper align_center\"><a class=\"w-btn us-btn-style_1\" href=\"\/de\/wordpress-real-media-library\/\"><span class=\"w-btn-label\">Erfahre mehr \u00fcber Real Media Library<\/span><\/a><\/div><\/div><\/div><\/div><\/div><\/div><\/section><section class=\"l-section wpb_row us_custom_2c2b726a height_medium\"><div class=\"l-section-h i-cf\"><div class=\"g-cols vc_row via_flex valign_top type_default stacking_default\"><div class=\"vc_col-sm-6 wpb_column vc_column_container has_bg_color\"><div class=\"vc_column-inner us_custom_c271abdf\"><div class=\"wpb_wrapper\"><div class=\"w-image us_custom_2a69c442 product-logo-boxed align_none\"><a href=\"\/de\/wordpress-real-physical-media\/\" aria-label=\"Real Physical Media\" class=\"w-image-h\"><img decoding=\"async\" src=\"https:\/\/devowl.io\/wp-content\/uploads\/logo\/real-physical-media.svg\" class=\"attachment-full size-full\" alt=\"Real Physical Media\" loading=\"lazy\" \/><\/a><\/div><div class=\"wpb_text_column us_custom_eb849559\"><div class=\"wpb_wrapper\"><h3>Real Physical Media<\/h3>\n<p class=\"translation-block\">Spiegle die Struktur deiner Real Media Library in deinem Dateisystem wider. <strong>Organisiere Medien in physischen Ordnern<\/strong> und erlebe den SEO-Boost.<\/p>\n<\/div><\/div><div class=\"w-btn-wrapper align_center\"><a class=\"w-btn us-btn-style_1\" href=\"\/de\/wordpress-real-physical-media\/\"><span class=\"w-btn-label\">Erfahre mehr \u00fcber Real Physical Media<\/span><\/a><\/div><\/div><\/div><\/div><div class=\"vc_col-sm-6 wpb_column vc_column_container has_bg_color\"><div class=\"vc_column-inner us_custom_d4842a4f\"><div class=\"wpb_wrapper\"><div class=\"w-image us_custom_2a69c442 product-logo-boxed align_none\"><a target=\"_blank\" rel=\"nofollow\" href=\"\/de\/wordpress-real-category-management\/\" aria-label=\"Real Category Management\" class=\"w-image-h\"><img decoding=\"async\" src=\"https:\/\/devowl.io\/wp-content\/uploads\/logo\/real-category-management.svg\" class=\"attachment-full size-full\" alt=\"Real Category Management\" loading=\"lazy\" \/><\/a><\/div><div class=\"wpb_text_column us_custom_eb849559\"><div class=\"wpb_wrapper\"><h3>Real Category Management<\/h3>\n<p class=\"translation-block\">Verwalte Kategorien in einer <strong>Explorer-\u00e4hnlichen Baumansicht und erstelle eine benutzerdefinierte Reihenfolge f\u00fcr Beitr\u00e4ge, Seiten, Kategorien,<\/strong> Tags und alle anderen Taxonomien.<\/p>\n<\/div><\/div><div class=\"w-btn-wrapper align_center\"><a class=\"w-btn us-btn-style_1\" href=\"\/de\/wordpress-real-category-management\/\"><span class=\"w-btn-label\">Erfahre mehr \u00fcber Real Category Management<\/span><\/a><\/div><\/div><\/div><\/div><\/div><\/div><\/section><section class=\"l-section wpb_row height_medium\"><div class=\"l-section-h i-cf\"><div class=\"g-cols vc_row via_flex valign_top type_default stacking_default\"><div class=\"vc_col-sm-6 wpb_column vc_column_container has_bg_color\"><div class=\"vc_column-inner us_custom_c271abdf\"><div class=\"wpb_wrapper\"><div class=\"w-image us_custom_2a69c442 product-logo-boxed align_none\"><a target=\"_blank\" rel=\"nofollow\" href=\"\/de\/wordpress-real-thumbnail-generator\/\" aria-label=\"Real Thumbnail Generator\" class=\"w-image-h\"><img decoding=\"async\" src=\"https:\/\/devowl.io\/wp-content\/uploads\/logo\/real-thumbnail-generator.svg\" class=\"attachment-full size-full\" alt=\"Real Thumbnail Generator\" loading=\"lazy\" \/><\/a><\/div><div class=\"wpb_text_column us_custom_eb849559\"><div class=\"wpb_wrapper\"><h3>Real Thumbnail Generator<\/h3>\n<p class=\"translation-block\">Einzel- oder <strong>Massenbildregeneration f\u00fcr Thumbnails deiner Uploads in den WordPress Medien.<\/strong> Erstelle eine benutzerdefinierte Struktur zum Hochladen von Thumbnails.<\/p>\n<\/div><\/div><div class=\"w-btn-wrapper align_center\"><a class=\"w-btn us-btn-style_1\" href=\"\/de\/wordpress-real-thumbnail-generator\/\"><span class=\"w-btn-label\">Erfahre mehr \u00fcber Real Thumbnail Generator<\/span><\/a><\/div><\/div><\/div><\/div><div class=\"vc_col-sm-6 wpb_column vc_column_container has_bg_color\"><div class=\"vc_column-inner us_custom_ed7ca1a2\"><div class=\"wpb_wrapper\"><div class=\"w-image us_custom_2a69c442 product-logo-boxed align_none\"><a href=\"\/de\/wordpress-real-custom-post-order\/\" aria-label=\"Real Customer Post Order\" class=\"w-image-h\"><img decoding=\"async\" src=\"https:\/\/devowl.io\/wp-content\/uploads\/logo\/real-customer-post-order.svg\" class=\"attachment-full size-full\" alt=\"Real Customer Post Order\" loading=\"lazy\" \/><\/a><\/div><div class=\"wpb_text_column us_custom_eb849559\"><div class=\"wpb_wrapper\"><h3>Real Custom Post Order<\/h3>\n<p class=\"translation-block\"><strong>Benutzerdefinierte Reihenfolge von Beitr\u00e4gen, Seiten, WooCommerce-Produkte und benutzerdefinierten Beitragstypen<\/strong> per Drag &amp; Drop. Einfaches und intuitives Sortieren deiner Inhalte!<\/p>\n<\/div><\/div><div class=\"w-btn-wrapper align_center\"><a class=\"w-btn us-btn-style_1\" href=\"\/de\/wordpress-real-custom-post-order\/\"><span class=\"w-btn-label\">Erfahre mehr \u00fcber Real Custom Post Order<\/span><\/a><\/div><\/div><\/div><\/div><\/div><\/div><\/section><section class=\"l-section wpb_row us_custom_478d3ffb height_medium\"><div class=\"l-section-overlay\" style=\"background:var(--color-alt-content-bg)\"><\/div><div class=\"l-section-h i-cf\"><div class=\"g-cols vc_row via_flex valign_top type_default stacking_default\"><div class=\"vc_col-sm-12 wpb_column vc_column_container\"><div class=\"vc_column-inner\"><div class=\"wpb_wrapper\"><div class=\"wpb_text_column us_custom_58630f3f\"><div class=\"wpb_wrapper\"><h2>WordPress Entwickler-Tools<\/h2>\n<p>Wir teilen unsere Erfahrungen und L\u00f6sungen. Entwickle dein eigenes WordPress-Plugin!<\/p>\n<\/div><\/div><div class=\"g-cols wpb_row us_custom_32345c0d via_flex valign_top type_default stacking_default\"><div class=\"vc_col-sm-3 wpb_column vc_column_container\"><div class=\"vc_column-inner\"><div class=\"wpb_wrapper\"><div class=\"w-image us_custom_3ae5ff86 align_none\"><a href=\"\/de\/wp-react-starter\/\" aria-label=\"WP React Starter\" class=\"w-image-h\"><img decoding=\"async\" src=\"https:\/\/devowl.io\/wp-content\/uploads\/logo\/wp-react-starter.svg\" class=\"attachment-full size-full\" alt=\"WP React Starter\" loading=\"lazy\" \/><\/a><\/div><\/div><\/div><\/div><div class=\"vc_col-sm-9 wpb_column vc_column_container\"><div class=\"vc_column-inner\"><div class=\"wpb_wrapper\"><div class=\"wpb_text_column us_custom_eeb3f56b\"><div class=\"wpb_wrapper\"><h3>WP React Starter<\/h3>\n<p>Erstelle (mehrere) WordPress-Plugins, die React, TypeScript und objektorientiertes PHP in einer vollst\u00e4ndig anpassbaren Docker-Entwicklungsumgebung verwenden und in einem Monorepo verwaltet werden. Mit WP React Starter haben wir ein modernes WordPress Entwicklungs-Boilerplate geschaffen, das alles enth\u00e4lt, was du von modernen Webentwicklungsprojekten gewohnt bist.<\/p>\n<p class=\"translation-block\">Beginne heute mit einem ersten WordPress-Plugin! <strong>Erstelle es innerhalb von 5 Minuten, dank unserer CLI <a href=\"https:\/\/devowlio.gitbook.io\/wp-react-starter\/usage\/getting-started\" target=\"_self\" rel=\"noopener\">create-wp-react-app<\/a>.<\/strong><\/p>\n<\/div><\/div><div class=\"w-btn-wrapper align_justify\"><a class=\"w-btn us-btn-style_1\" href=\"\/de\/wp-react-starter\/\"><span class=\"w-btn-label\">Erfahre mehr \u00fcber WP React Starter<\/span><\/a><\/div><\/div><\/div><\/div><\/div><\/div><\/div><\/div><\/div><\/div><\/section><section class=\"l-section wpb_row us_custom_97ad47dd height_medium\"><div class=\"l-section-h i-cf\"><div class=\"g-cols vc_row via_flex valign_top type_default stacking_default\"><div class=\"vc_col-sm-12 wpb_column vc_column_container\"><div class=\"vc_column-inner\"><div class=\"wpb_wrapper\"><div class=\"wpb_text_column us_custom_d2e966b2\"><div class=\"wpb_wrapper\"><h2>Interessante Tipps f\u00fcr Website-Betreiber<\/h2>\n<p>Erfahre, was auf deiner WordPress-Website vor sich geht und wie du sie am besten aufbaust.<\/p>\n<\/div><\/div><div class=\"w-grid grid-box-shadow type_masonry layout_238862 cols_3 pagination_regular with_isotope\" id=\"us_grid_1\" style=\"--columns:3;--gap:1.5rem;\"><style>@media (max-width:1050px){#us_grid_1{--columns:2!important}}@media (max-width:768px){#us_grid_1{--columns:1!important}}.layout_238862 .w-grid-item-h{background:var(--color-content-bg-alt)}.layout_238862 .usg_post_title_1{font-size:1.4rem!important;margin-bottom:0.5rem!important;padding:40px!important}<\/style><div class=\"w-grid-list\">\t<article class=\"w-grid-item size_1x1 post-1393 blog type-blog status-publish has-post-thumbnail hentry content-cluster-cookie-banner\" data-id=\"1393\">\r\n\t\t<div class=\"w-grid-item-h\">\r\n\t\t\t\t\t\t<div class=\"w-post-elm post_image usg_post_image_1 stretched\"><a href=\"https:\/\/devowl.io\/de\/cookie-banner\/wordpress-cookie-plugins\/\" aria-label=\"Die besten 3 Cookie Plugins f\u00fcr WordPress (DSGVO-konform)\"><img decoding=\"async\" width=\"326\" height=\"185\" src=\"https:\/\/devowl.io\/wp-content\/uploads\/blog\/best-opt-in-cookie-banner-plugins-326x185.jpg\" class=\"attachment-medium size-medium wp-post-image\" alt=\"Beste Opt-in Cookie Banner Plugins\" srcset=\"\" sizes=\"(max-width: 326px) 100vw, 326px\" data-srcset=\"\" \/><\/a><\/div><h2 class=\"w-post-elm post_title usg_post_title_1 entry-title color_link_inherit\"><a href=\"https:\/\/devowl.io\/de\/cookie-banner\/wordpress-cookie-plugins\/\">Die besten 3 Cookie Plugins f\u00fcr WordPress (DSGVO-konform)<\/a><\/h2>\t\t<\/div>\r\n\t\t\t<\/article>\r\n\t<article class=\"w-grid-item size_1x1 post-1267 blog type-blog status-publish has-post-thumbnail hentry content-cluster-organizing-content\" data-id=\"1267\">\r\n\t\t<div class=\"w-grid-item-h\">\r\n\t\t\t\t\t\t<div class=\"w-post-elm post_image usg_post_image_1 stretched\"><a href=\"https:\/\/devowl.io\/de\/content-organisieren\/wordpress-mediathek-ordner-plugins\/\" aria-label=\"WordPress Mediathek Ordner erstellen: Die 5 besten Plugins\"><img decoding=\"async\" width=\"326\" height=\"183\" src=\"https:\/\/devowl.io\/wp-content\/uploads\/blog\/wordpress-media-library-folder-management-plugins-326x183.jpg\" class=\"attachment-medium size-medium wp-post-image\" alt=\"WordPress Media Library Ordner Management Plugins: Die beste L\u00f6sung ist Real Media Library\" srcset=\"\" sizes=\"(max-width: 326px) 100vw, 326px\" data-srcset=\"\" \/><\/a><\/div><h2 class=\"w-post-elm post_title usg_post_title_1 entry-title color_link_inherit\"><a href=\"https:\/\/devowl.io\/de\/content-organisieren\/wordpress-mediathek-ordner-plugins\/\">WordPress Mediathek Ordner erstellen: Die 5 besten Plugins<\/a><\/h2>\t\t<\/div>\r\n\t\t\t<\/article>\r\n\t<article class=\"w-grid-item size_1x1 post-234024 blog type-blog status-publish has-post-thumbnail hentry content-cluster-gdpr-compliant\" data-id=\"234024\">\r\n\t\t<div class=\"w-grid-item-h\">\r\n\t\t\t\t\t\t<div class=\"w-post-elm post_image usg_post_image_1 stretched\"><a href=\"https:\/\/devowl.io\/de\/dsgvo-konform\/google-fonts\/\" aria-label=\"Google Fonts lokal in WordPress einbinden! (DSGVO-konform)\"><img decoding=\"async\" width=\"326\" height=\"183\" src=\"https:\/\/devowl.io\/wp-content\/uploads\/blog\/google-fonts-locally-hosted-326x183.jpg\" class=\"attachment-medium size-medium wp-post-image\" alt=\"Google Fonts locally hosted\" srcset=\"\" sizes=\"(max-width: 326px) 100vw, 326px\" data-srcset=\"\" \/><\/a><\/div><h2 class=\"w-post-elm post_title usg_post_title_1 entry-title color_link_inherit\"><a href=\"https:\/\/devowl.io\/de\/dsgvo-konform\/google-fonts\/\">Google Fonts lokal in WordPress einbinden! (DSGVO-konform)<\/a><\/h2>\t\t<\/div>\r\n\t\t\t<\/article>\r\n\t<article class=\"w-grid-item size_1x1 post-230994 blog type-blog status-publish has-post-thumbnail hentry content-cluster-data-protection\" data-id=\"230994\">\r\n\t\t<div class=\"w-grid-item-h\">\r\n\t\t\t\t\t\t<div class=\"w-post-elm post_image usg_post_image_1 stretched\"><a href=\"https:\/\/devowl.io\/de\/datenschutz\/personenbezogene-daten-dsgvo\/\" aria-label=\"What is personal data? &#8211; Simply explained!\"><img decoding=\"async\" width=\"326\" height=\"183\" src=\"https:\/\/devowl.io\/wp-content\/uploads\/blog\/personal-data-326x183.jpg\" class=\"attachment-medium size-medium wp-post-image\" alt=\"Personenbezogene Daten: z. B. Name, Alter, Geschlecht, Steuer-ID oder IP-Adresse\" srcset=\"\" sizes=\"(max-width: 326px) 100vw, 326px\" data-srcset=\"\" \/><\/a><\/div><h2 class=\"w-post-elm post_title usg_post_title_1 entry-title color_link_inherit\"><a href=\"https:\/\/devowl.io\/de\/datenschutz\/personenbezogene-daten-dsgvo\/\">Was sind personenbezogene Daten? \u2013 Einfach erkl\u00e4rt!<\/a><\/h2>\t\t<\/div>\r\n\t\t\t<\/article>\r\n\t<article class=\"w-grid-item size_1x1 post-229567 blog type-blog status-publish has-post-thumbnail hentry content-cluster-cookie-banner\" data-id=\"229567\">\r\n\t\t<div class=\"w-grid-item-h\">\r\n\t\t\t\t\t\t<div class=\"w-post-elm post_image usg_post_image_1 stretched\"><a href=\"https:\/\/devowl.io\/de\/cookie-banner\/text\/\" aria-label=\"Cookie banner text &#8211; this must be included! (With examples)\"><img decoding=\"async\" width=\"326\" height=\"183\" src=\"https:\/\/devowl.io\/wp-content\/uploads\/blog\/cookie-banner-text-recipe-1-326x183.png\" class=\"attachment-medium size-medium wp-post-image\" alt=\"Cookie Banner Text Rezept\" srcset=\"\" sizes=\"(max-width: 326px) 100vw, 326px\" data-srcset=\"\" \/><\/a><\/div><h2 class=\"w-post-elm post_title usg_post_title_1 entry-title color_link_inherit\"><a href=\"https:\/\/devowl.io\/de\/cookie-banner\/text\/\">Cookies Banner Text \u2013 das muss drinstehen! (Mit Beispielen)<\/a><\/h2>\t\t<\/div>\r\n\t\t\t<\/article>\r\n\t<article class=\"w-grid-item size_1x1 post-229540 blog type-blog status-publish has-post-thumbnail hentry content-cluster-cookie-banner\" data-id=\"229540\">\r\n\t\t<div class=\"w-grid-item-h\">\r\n\t\t\t\t\t\t<div class=\"w-post-elm post_image usg_post_image_1 stretched\"><a href=\"https:\/\/devowl.io\/de\/cookie-banner\/typische-fehler\/\" aria-label=\"Vermeide die 15 h\u00e4ufigsten Fehler in deinem Cookie Banner!\"><img decoding=\"async\" width=\"326\" height=\"183\" src=\"https:\/\/devowl.io\/wp-content\/uploads\/blog\/avoid-the-most-common-mistakes-in-your-cookie-banner-326x183.png\" class=\"attachment-medium size-medium wp-post-image\" alt=\"Vermeide die ha\u0308ufigsten Fehler in deinem Cookie Banner\" srcset=\"\" sizes=\"(max-width: 326px) 100vw, 326px\" data-srcset=\"\" \/><\/a><\/div><h2 class=\"w-post-elm post_title usg_post_title_1 entry-title color_link_inherit\"><a href=\"https:\/\/devowl.io\/de\/cookie-banner\/typische-fehler\/\">Vermeide die 15 h\u00e4ufigsten Fehler in deinem Cookie Banner!<\/a><\/h2>\t\t<\/div>\r\n\t\t\t<\/article>\r\n<\/div><div class=\"w-grid-preloader\">\t<div class=\"g-preloader type_1\">\r\n\t\t<div><\/div>\r\n\t<\/div>\r\n\t<\/div>\t<div class=\"w-grid-json hidden\" onclick='return {&quot;action&quot;:&quot;us_ajax_grid&quot;,&quot;infinite_scroll&quot;:0,&quot;max_num_pages&quot;:1,&quot;pagination&quot;:&quot;regular&quot;,&quot;template_vars&quot;:{&quot;columns&quot;:&quot;3&quot;,&quot;exclude_items&quot;:&quot;none&quot;,&quot;img_size&quot;:&quot;default&quot;,&quot;ignore_items_size&quot;:0,&quot;items_layout&quot;:&quot;238862&quot;,&quot;items_offset&quot;:&quot;1&quot;,&quot;load_animation&quot;:&quot;none&quot;,&quot;overriding_link&quot;:&quot;%7B%22url%22%3A%22%22%7D&quot;,&quot;post_id&quot;:0,&quot;query_args&quot;:{&quot;ignore_sticky_posts&quot;:1,&quot;post_type&quot;:&quot;any&quot;,&quot;post__in&quot;:[&quot;1393&quot;,&quot;1267&quot;,&quot;234024&quot;,&quot;230994&quot;,&quot;229567&quot;,&quot;229540&quot;],&quot;posts_per_page&quot;:&quot;12&quot;},&quot;orderby_query_args&quot;:{&quot;orderby&quot;:{&quot;post__in&quot;:&quot;ASC&quot;},&quot;order&quot;:&quot;ASC&quot;},&quot;type&quot;:&quot;masonry&quot;,&quot;us_grid_post_type&quot;:&quot;ids&quot;,&quot;us_grid_ajax_index&quot;:1,&quot;us_grid_filter_query_string&quot;:null,&quot;us_grid_index&quot;:1,&quot;page_args&quot;:[]}}'><\/div>\r\n\t<\/div><\/div><\/div><\/div><\/div><\/div><\/section><section class=\"l-section wpb_row us_custom_5c245ab7 height_medium\"><div class=\"l-section-overlay\" style=\"background:var(--color-alt-content-bg)\"><\/div><div class=\"l-section-h i-cf\"><div class=\"g-cols vc_row via_flex valign_top type_default stacking_default\"><div class=\"vc_col-sm-12 wpb_column vc_column_container\"><div class=\"vc_column-inner\"><div class=\"wpb_wrapper\"><div class=\"wpb_text_column us_custom_eb849559\"><div class=\"wpb_wrapper\"><h2>Meinungen von Kunden<\/h2>\n<p class=\"translation-block\"><strong>Mehr als 200.000 aktive Websites<\/strong> haben WordPress-Plugins von devowl.io installiert.<\/p>\n<\/div><\/div><div class=\"w-image us_custom_f6af2fd3 align_none\"><div class=\"w-image-h\"><img decoding=\"async\" src=\"https:\/\/devowl.io\/wp-content\/uploads\/top-rating.svg\" class=\"attachment-full size-full\" alt=\"4.8 aus 5.0 Sterne Bewertung\" loading=\"lazy\" \/><\/div><\/div><div class=\"g-cols wpb_row us_custom_72fc42ef via_flex valign_top type_default stacking_default\"><div class=\"vc_col-sm-4 wpb_column vc_column_container has_bg_color has-link\"><div class=\"vc_column-inner us_custom_312da3ed\"><div class=\"wpb_wrapper\"><div class=\"ult-just-icon-wrapper   vc_custom_1644326808316\"><div class=\"align-icon\" style=\"text-align:center;\">\n<div class=\"aio-icon circle\"  style=\"color:#45b3dd;background:#ffffff;font-size:32px;display:inline-block;\">\n\t<i class=\"devowl-icons-quote\"><\/i>\n<\/div><\/div><\/div><div class=\"wpb_text_column\"><div class=\"wpb_wrapper\"><p style=\"text-align: left;\">\u201cEinfach ein hervorragendes Plugin. Gut gestaltet, benutzerfreundlich gebaut, mit solidem Support. Unverzichtbar f\u00fcr WP-Sites.\u201d<\/p>\n<p style=\"text-align: right;\"><strong>hughlaterrriere<\/strong><br \/>\nhat Real Media Library gekauft<\/p>\n<\/div><\/div><\/div><\/div><a target=\"_blank\" rel=\"nofollow\" href=\"https:\/\/codecanyon.net\/ratings\/2998658\" class=\"vc_column-link smooth-scroll\" aria-label=\"Link\"><\/a><\/div><div class=\"vc_col-sm-4 wpb_column vc_column_container has_bg_color has-link\"><div class=\"vc_column-inner us_custom_8bf0870e\"><div class=\"wpb_wrapper\"><div class=\"ult-just-icon-wrapper   vc_custom_1644326811739\"><div class=\"align-icon\" style=\"text-align:center;\">\n<div class=\"aio-icon circle\"  style=\"color:#45b3dd;background:#ffffff;font-size:32px;display:inline-block;\">\n\t<i class=\"devowl-icons-quote\"><\/i>\n<\/div><\/div><\/div><div class=\"wpb_text_column\"><div class=\"wpb_wrapper\"><p style=\"text-align: left;\">\u201cIch kann nicht sagen, was besser ist. Das Plugin tut genau das, was es tun soll, und der Support ist erstklassig.\u201d<\/p>\n<p style=\"text-align: right;\"><strong>Gerhard Werner<\/strong><br \/>\nhat Real Media Library gekauft<\/p>\n<\/div><\/div><\/div><\/div><a target=\"_blank\" rel=\"nofollow\" href=\"https:\/\/codecanyon.net\/ratings\/3030285\" class=\"vc_column-link smooth-scroll\" aria-label=\"Link\"><\/a><\/div><div class=\"vc_col-sm-4 wpb_column vc_column_container has_bg_color has-link\"><div class=\"vc_column-inner us_custom_3d9021b3\"><div class=\"wpb_wrapper\"><div class=\"ult-just-icon-wrapper   vc_custom_1644326815170\"><div class=\"align-icon\" style=\"text-align:center;\">\n<div class=\"aio-icon circle\"  style=\"color:#45b3dd;background:#ffffff;font-size:32px;display:inline-block;\">\n\t<i class=\"devowl-icons-quote\"><\/i>\n<\/div><\/div><\/div><div class=\"wpb_text_column\"><div class=\"wpb_wrapper\"><p style=\"text-align: left;\">\u201cDer Kundensupport ist mindestens so gut wie das Plugin \u2013 und das Plugin ist einfach gro\u00dfartig!\u201d<\/p>\n<p style=\"text-align: right;\"><strong>hofmeister<\/strong><br \/>\nhat Real Media Library gekauft<\/p>\n<\/div><\/div><\/div><\/div><a target=\"_blank\" rel=\"nofollow\" href=\"https:\/\/codecanyon.net\/ratings\/3039684\" class=\"vc_column-link smooth-scroll\" aria-label=\"Link\"><\/a><\/div><\/div><div class=\"wpb_text_column us_custom_900258c3\"><div class=\"wpb_wrapper\"><p>Bewertungen sind auszugsweise zitiert und k\u00f6nnen \u00fcbersetzt sein. Um das Original zu sehen, klicke auf das Zitat. Alle WordPress.org-Benutzer k\u00f6nnen Bewertungen einreichen, unabh\u00e4ngig davon, ob sie das Produkt genutzt haben oder nicht. Auf Codecanyon.net k\u00f6nnen jedoch nur Kunden, die das Produkt gekauft haben, Bewertungen abgeben.<\/p>\n<\/div><\/div><\/div><\/div><\/div><\/div><\/div><\/section>","protected":false},"excerpt":{"rendered":"Is there such a thing as THE perfect recipe for a Cookie Banner? Definitely! The trick is to find all the ingredients. \ud83d\udc69\u200d\ud83c\udf73 Often, cookie banners are a prime example of incorrect compliance with the law &#8211; like going through a red light as a pedestrian \ud83d\ude09 Many website operators have placed either an illegal...","protected":false},"author":1,"featured_media":0,"parent":0,"menu_order":40,"comment_status":"closed","ping_status":"closed","template":"","meta":{"_acf_changed":false,"_seopress_robots_primary_cat":"","_seopress_titles_title":"devowl.io: Quality WordPress Plugins & Developer Tools","_seopress_titles_desc":"We build high-quality WordPress plugins. All plugins are reliable with fast support and available in multiple languages for your WordPress websites.","_seopress_robots_index":"","inline_featured_image":false,"restrictTranslations":["en_US","de_DE"],"footnotes":""},"class_list":["post-18","page","type-page","status-publish","hentry"],"acf":[],"_links":{"self":[{"href":"https:\/\/devowl.io\/de\/wp-json\/wp\/v2\/pages\/18","targetHints":{"allow":["GET"]}}],"collection":[{"href":"https:\/\/devowl.io\/de\/wp-json\/wp\/v2\/pages"}],"about":[{"href":"https:\/\/devowl.io\/de\/wp-json\/wp\/v2\/types\/page"}],"author":[{"embeddable":true,"href":"https:\/\/devowl.io\/de\/wp-json\/wp\/v2\/users\/1"}],"replies":[{"embeddable":true,"href":"https:\/\/devowl.io\/de\/wp-json\/wp\/v2\/comments?post=18"}],"version-history":[{"count":33,"href":"https:\/\/devowl.io\/de\/wp-json\/wp\/v2\/pages\/18\/revisions"}],"predecessor-version":[{"id":240226,"href":"https:\/\/devowl.io\/de\/wp-json\/wp\/v2\/pages\/18\/revisions\/240226"}],"wp:attachment":[{"href":"https:\/\/devowl.io\/de\/wp-json\/wp\/v2\/media?parent=18"}],"curies":[{"name":"wp","href":"https:\/\/api.w.org\/{rel}","templated":true}]}}