{"id":228477,"date":"2021-07-13T09:43:04","date_gmt":"2021-07-13T08:43:04","guid":{"rendered":"https:\/\/devowl.io\/?page_id=228477"},"modified":"2025-08-29T15:45:41","modified_gmt":"2025-08-29T13:45:41","slug":"cookie-experts","status":"publish","type":"page","link":"https:\/\/devowl.io\/de\/wordpress-real-cookie-banner\/cookie-experts\/","title":{"rendered":"Cookie Experts"},"content":{"rendered":"<section class=\"l-section wpb_row us_custom_91e11ea4 height_medium\" id=\"intro\"><div class=\"l-section-h i-cf\"><div class=\"g-cols vc_row via_flex valign_top type_default stacking_default\"><div class=\"vc_col-sm-3\/5 wpb_column vc_column_container\"><div class=\"vc_column-inner\"><div class=\"wpb_wrapper\"><div class=\"g-cols wpb_row via_flex valign_top type_default stacking_default\"><div class=\"vc_col-sm-12 wpb_column vc_column_container\"><div class=\"vc_column-inner\"><div class=\"wpb_wrapper\"><div class=\"w-image us_custom_c5deda31 align_left\"><div class=\"w-image-h\"><img decoding=\"async\" width=\"890\" height=\"890\" src=\"https:\/\/devowl.io\/wp-content\/uploads\/logo\/cookie-experts.svg\" class=\"attachment-large size-large\" alt=\"Cookie Experts\" loading=\"lazy\" \/><\/div><\/div><div class=\"wpb_text_column us_custom_0259209c has_text_color\"><div class=\"wpb_wrapper\"><h1><img decoding=\"async\" class=\"alignnone\" style=\"height: 24px;\" src=\"https:\/\/devowl.io\/wp-content\/uploads\/logo\/cookie-experts-text.svg\" alt=\"Cookie Experts\" height=\"24\" data-no-image-dimensions=\"&quot;\" \/><\/h1>\n<\/div><\/div><\/div><\/div><\/div><\/div><div class=\"wpb_text_column us_custom_643cee40 has_text_color\"><div class=\"wpb_wrapper\"><p>Lass einen Experten dein Cookie Banner einrichten<\/p>\n<\/div><\/div><div class=\"wpb_text_column\"><div class=\"wpb_wrapper\"><p class=\"translation-block\">Du schaffst es nicht, den Cookie Banner richtig einzurichten? <strong>Einer unserer erfahrenen Cookie Experten richtet den Cookie Banner individuell f\u00fcr deine Website ein.<\/strong> Wir pr\u00fcfen f\u00fcr dich alle relevanten Unterseiten und verwendete Services. Lass uns den Stress von deinen Schultern nehmen!<\/p>\n<\/div><\/div><div class=\"w-hwrapper valign_top align_none\"><div class=\"w-btn-wrapper align_none\"><a class=\"w-btn us-btn-style_1\" href=\"#quote\"><span class=\"w-btn-label\">Frage einen Cookie Experten<\/span><\/a><\/div><div class=\"w-btn-wrapper align_none\"><a class=\"w-btn us-btn-style_2 us_custom_aab3a873\" target=\"_blank\" rel=\"nofollow\" href=\"\/de\/wordpress-real-cookie-banner\/\"><span class=\"w-btn-label\">Was ist Real Cookie Banner?<\/span><\/a><\/div><\/div><\/div><\/div><\/div><div class=\"vc_col-sm-2\/5 vc_hidden-xs wpb_column vc_column_container\"><div class=\"vc_column-inner us_custom_e7f5d98a\"><div class=\"wpb_wrapper\"><div class=\"w-image align_none\"><div class=\"w-image-h\"><img decoding=\"async\" src=\"https:\/\/devowl.io\/wp-content\/uploads\/wordpress-plugins\/real-cookie-banner\/cookie-experts\/expertenaussagen-deutsch.svg\" class=\"attachment-full size-full\" alt=\"&quot;Ich richte deinen Cookie Banner individuell, schnell und transparent ein.&quot; - &quot;Lass uns dir den Datenschutzwahnsinn abnehmen. Wir sind f\u00fcr dich da!&quot; - &quot;Alle Services, Cookies, etc. auf deiner Webseite finden? Kein Problem f\u00fcr mich!&quot;\" loading=\"lazy\" \/><\/div><\/div><\/div><\/div><\/div><\/div><\/div><\/section><section class=\"l-section wpb_row us_custom_00505f46 height_medium with_shape\" id=\"features\"><div class=\"l-section-shape type_wave pos_top\" style=\"height:3vw;\"><svg xmlns=\"http:\/\/www.w3.org\/2000\/svg\" viewbox=\"0 4 64 4\" preserveaspectratio=\"none\" width=\"100%\" height=\"100%\">\r\n\t<path fill=\"currentColor\" d=\"M64 6 C32 0 32 12 0 6 L0 8 L64 8 Z\"\/>\r\n<\/svg><\/div><div class=\"l-section-h i-cf\"><div class=\"g-cols vc_row via_flex valign_top type_default stacking_default\"><div class=\"vc_col-sm-12 wpb_column vc_column_container\"><div class=\"vc_column-inner\"><div class=\"wpb_wrapper\"><div class=\"wpb_text_column us_custom_10ac42ae\"><div class=\"wpb_wrapper\"><h2>Was k\u00f6nnen die Cookie Experten f\u00fcr dich tun?<\/h2>\n<p class=\"translation-block\">Datenschutz ist ein komplexes Thema (in der EU). Consent Management und Cookie Banner sind wohl eines der komplexesten Themen in diesem Bereich. Wir versuchen, es dir mit Real Cookie Banner so einfach wie m\u00f6glich zu machen, aber wenn du trotzdem an deine Grenzen st\u00f6\u00dft, haben wir professionelle Unterst\u00fctzung f\u00fcr dich. <strong>Ein Cookie-Experte \u2013 ein Mensch \u2013 kann dir besser dabei helfen, deinen Cookie Banner einzurichten, als jede technische L\u00f6sung!<\/strong><\/p>\n<\/div><\/div><div class=\"g-cols wpb_row via_flex valign_top type_default stacking_default\"><div class=\"vc_col-sm-6 wpb_column vc_column_container\"><div class=\"vc_column-inner\"><div class=\"wpb_wrapper\"><div class=\"w-image us_custom_167218c7 desktop-only align_none\"><div class=\"w-image-h\"><img decoding=\"async\" width=\"890\" height=\"890\" src=\"https:\/\/devowl.io\/wp-content\/uploads\/wordpress-plugins\/real-cookie-banner\/cookie-experts\/bot.svg\" class=\"attachment-large size-large\" alt=\"Bot\" loading=\"lazy\" \/><\/div><\/div><div class=\"wpb_text_column us_custom_ed99f23d\"><div class=\"wpb_wrapper\"><h3>Technische L\u00f6sungen k\u00f6nnen finden...<\/h3>\n<\/div><\/div><div class=\"w-text us_custom_54097ede headline-check-greyed icon_atleft\"><span class=\"w-text-h\"><i class=\"fas fa-check-circle\"><\/i><span class=\"w-text-value\">Externe Services (mit und ohne Vorlage)<\/span><\/span><\/div><div class=\"w-text us_custom_54097ede headline-check-greyed icon_atleft\"><span class=\"w-text-h\"><i class=\"fas fa-check-circle\"><\/i><span class=\"w-text-value\">WordPress Plugins mit Vorlagen, die eine Einwilligung erfordern<\/span><\/span><\/div><div class=\"w-text us_custom_54097ede headline-check-greyed icon_atleft\"><span class=\"w-text-h\"><i class=\"fas fa-check-circle\"><\/i><span class=\"w-text-value\">Automatische \u00dcberpr\u00fcfung aller Unterseiten deiner Website<\/span><\/span><\/div><\/div><\/div><\/div><div class=\"vc_col-sm-6 wpb_column vc_column_container\"><div class=\"vc_column-inner\"><div class=\"wpb_wrapper\"><div class=\"w-image us_custom_ab970720 desktop-only align_none\"><div class=\"w-image-h\"><img decoding=\"async\" width=\"890\" height=\"890\" src=\"https:\/\/devowl.io\/wp-content\/uploads\/wordpress-plugins\/real-cookie-banner\/cookie-experts\/cookie-expert-standalone.svg\" class=\"attachment-large size-large\" alt=\"Cookie Expert can help you\" loading=\"lazy\" \/><\/div><\/div><div class=\"wpb_text_column us_custom_cdf14ffd\"><div class=\"wpb_wrapper\"><h3>Menschen k\u00f6nnen finden...<\/h3>\n<\/div><\/div><div class=\"w-text us_custom_064d3121 headline-check icon_atleft\"><span class=\"w-text-h\"><i class=\"fas fa-check-circle\"><\/i><span class=\"w-text-value\">Cookies von unbekannten WordPress Plugins<\/span><\/span><\/div><div class=\"w-text us_custom_064d3121 headline-check icon_atleft\"><span class=\"w-text-h\"><i class=\"fas fa-check-circle\"><\/i><span class=\"w-text-value\">Services, die nach dem Laden der Seite mittels JavaScript eingebettet werden<\/span><\/span><\/div><div class=\"w-text us_custom_064d3121 headline-check icon_atleft\"><span class=\"w-text-h\"><i class=\"fas fa-check-circle\"><\/i><span class=\"w-text-value\">Vollst\u00e4ndige Abdeckung deines individuellen Anwendungsfalls<\/span><\/span><\/div><\/div><\/div><\/div><\/div><\/div><\/div><\/div><\/div><\/div><\/section><section class=\"l-section wpb_row us_custom_3896e3a5 height_medium\" id=\"customer-opinions\"><div class=\"l-section-h i-cf\"><div class=\"g-cols vc_row via_flex valign_top type_default stacking_default\"><div class=\"vc_col-sm-12 wpb_column vc_column_container\"><div class=\"vc_column-inner\"><div class=\"wpb_wrapper\"><div class=\"wpb_text_column us_custom_602c3f15\"><div class=\"wpb_wrapper\"><h2>Meinungen von Kunden<\/h2>\n<p class=\"translation-block\"><strong>Wir haben bereits zahlreiche Cookie Banner f\u00fcr Webseitenbetreiber eingerichtet.<\/strong> Egal, ob es sich um eine Firmen-Website, einen Online-Shop oder einen privaten Blog handelt.<\/p>\n<\/div><\/div><div class=\"w-image us_custom_f6af2fd3 align_none\"><div class=\"w-image-h\"><img decoding=\"async\" src=\"https:\/\/devowl.io\/wp-content\/uploads\/top-rating.svg\" class=\"attachment-full size-full\" alt=\"4.8 aus 5.0 Sterne Bewertung\" loading=\"lazy\" \/><\/div><\/div><div class=\"g-cols wpb_row us_custom_72fc42ef via_flex valign_top type_default stacking_default\"><div class=\"vc_col-sm-4 wpb_column vc_column_container has_bg_color\"><div class=\"vc_column-inner us_custom_312da3ed\"><div class=\"wpb_wrapper\"><div class=\"ult-just-icon-wrapper   vc_custom_1644326667396\"><div class=\"align-icon\" style=\"text-align:center;\">\n<div class=\"aio-icon circle\"  style=\"color:#45b3dd;background:#ffffff;font-size:32px;display:inline-block;\">\n\t<i class=\"devowl-icons-quote\"><\/i>\n<\/div><\/div><\/div><div class=\"wpb_text_column\"><div class=\"wpb_wrapper\"><p style=\"text-align: left;\">\u201cIch habe einen Cookie Experten gebeten, meine Website nach der Einrichtung zu \u00fcberpr\u00fcfen. Ich dachte, ich h\u00e4tte alles richtig gemacht, und das konnte mir in einem detaillierten Report nochmals genau dargelegt werden. Gut, dass ich nun sicher bin!\u201d<\/p>\n<p style=\"text-align: right;\"><strong>Jonas Tietgen, WordPress Experte bei wp-ninjas.de<\/strong><br \/>\nhat einen Cookie Experten gefragt<\/p>\n<\/div><\/div><\/div><\/div><\/div><div class=\"vc_col-sm-4 wpb_column vc_column_container has_bg_color\"><div class=\"vc_column-inner us_custom_8bf0870e\"><div class=\"wpb_wrapper\"><div class=\"ult-just-icon-wrapper   vc_custom_1644326671687\"><div class=\"align-icon\" style=\"text-align:center;\">\n<div class=\"aio-icon circle\"  style=\"color:#45b3dd;background:#ffffff;font-size:32px;display:inline-block;\">\n\t<i class=\"devowl-icons-quote\"><\/i>\n<\/div><\/div><\/div><div class=\"wpb_text_column\"><div class=\"wpb_wrapper\"><p style=\"text-align: left;\">\u201cIch wollte einen rechtssicheren Blog, aber es war mir einfach zu kompliziert, das Cookie Banner einzurichten. Deshalb habe ich um Hilfe gebeten. Das Cookie Banner war schnell eingerichtet und im Bericht sah ich alles, was f\u00fcr mich erledigt wurde. Perfekter Service!\u201d<\/p>\n<p style=\"text-align: right;\" class=\"translation-block\"><strong>Helmut Achatz, Blogger<\/strong><br>\nhat einen Cookie Experten gefragt<\/p>\n<\/div><\/div><\/div><\/div><\/div><div class=\"vc_col-sm-4 wpb_column vc_column_container has_bg_color\"><div class=\"vc_column-inner us_custom_3d9021b3\"><div class=\"wpb_wrapper\"><div class=\"ult-just-icon-wrapper   vc_custom_1644326675614\"><div class=\"align-icon\" style=\"text-align:center;\">\n<div class=\"aio-icon circle\"  style=\"color:#45b3dd;background:#ffffff;font-size:32px;display:inline-block;\">\n\t<i class=\"devowl-icons-quote\"><\/i>\n<\/div><\/div><\/div><div class=\"wpb_text_column\"><div class=\"wpb_wrapper\"><p style=\"text-align: left;\">\u201cEin Cookie Banner zu brauchen ist eine Sache. Ihn richtig einzurichten ist etwas ganz anderes. Das Gesetz ist so komplex, dass ich froh bin, die Herausforderung mithilfe eines Cookie Experten schnell und einfach gel\u00f6st zu haben. 1000 Dank!\u201d<\/p>\n<p style=\"text-align: right;\"><strong>Holger Karstens, Owner of Kuschel-Abend M\u00fcnchen<\/strong><br \/>\nhat einen Cookie Experten gefragt<\/p>\n<\/div><\/div><\/div><\/div><\/div><\/div><div class=\"wpb_text_column us_custom_900258c3\"><div class=\"wpb_wrapper\"><p>Bewertungen sind durch Befragungen der Kunden nach dem Abschluss des erteilten Auftrags erhoben worden, womit sichergestellt wurde, dass nur Kunden des Produktes dieses bewerten k\u00f6nnen.<\/p>\n<\/div><\/div><\/div><\/div><\/div><\/div><\/div><\/section><section class=\"l-section wpb_row us_custom_2651da8e height_medium\" id=\"quote\"><div class=\"l-section-h i-cf\"><div class=\"g-cols vc_row via_flex valign_top type_default stacking_default\"><div class=\"vc_col-sm-12 wpb_column vc_column_container\"><div class=\"vc_column-inner\"><div class=\"wpb_wrapper\"><div class=\"wpb_text_column us_custom_fd354162\"><div class=\"wpb_wrapper\"><h2>Frage einen Cookie Experten um Hilfe<\/h2>\n<p class=\"translation-block\">Unsere Cookie-Experten richten dein Cookie Banner gerne individuell ein. <strong>Wir pr\u00fcfen deine Website kostenlos und erstellen ein Angebot <span class=\"highlight small\">ab 249 \u20ac brutto<\/span> f\u00fcr deinen Einzelfall.<\/strong> Danach liegt es an dir, ob du unsere Expertise in Anspruch nehmen m\u00f6chtest.<\/p>\n<\/div><\/div><div class=\"g-cols wpb_row us_custom_6d149020 via_flex valign_top type_default stacking_default\"><div class=\"vc_col-sm-6 wpb_column vc_column_container\"><div class=\"vc_column-inner\"><div class=\"wpb_wrapper\"><div class=\"w-image us_custom_b442be55 align_left\"><div class=\"w-image-h\"><img decoding=\"async\" width=\"890\" height=\"890\" src=\"https:\/\/devowl.io\/wp-content\/uploads\/logo\/cookie-experts.svg\" class=\"attachment-large size-large\" alt=\"Cookie Experts\" loading=\"lazy\" \/><\/div><\/div><div class=\"wpb_text_column us_custom_92e5aea7\"><div class=\"wpb_wrapper\"><h3>Vorteile eines Cookie Experten<\/h3>\n<\/div><\/div><div class=\"wpb_text_column us_custom_432d3f53\"><div class=\"wpb_wrapper\"><p class=\"translation-block\"><strong>Unsere Cookie Experten schauen sich deine Webseite individuell und detailliert an.<\/strong> Sie richten das Cookie Banner nicht nur mit allen Einstellungen, Services, Content Blockern, Shortcodes in deiner Datenschutzerkl\u00e4rung und einem Designvorschlag f\u00fcr dich ein, sondern dokumentieren auch die geleistete Arbeit. So hast du immer einen \u00dcberblick dar\u00fcber, was genau eingerichtet wurde und kannst \u00fcberpr\u00fcfen, ob alles deinen Vorstellungen entspricht.<\/p>\n<\/div><\/div><div class=\"w-vwrapper us_custom_cdf14ffd align_none valign_top\"><div class=\"w-text us_custom_064d3121 headline-check icon_atleft\"><span class=\"w-text-h\"><i class=\"fas fa-check-circle\"><\/i><span class=\"w-text-value\">Findet alle auf deiner Website verwendeten Services<\/span><\/span><\/div><div class=\"w-text headline-check icon_atleft\"><span class=\"w-text-h\"><i class=\"fas fa-check-circle\"><\/i><span class=\"w-text-value\">Pr\u00fcft alle relevanten Unterseiten deiner Website<\/span><\/span><\/div><div class=\"w-text headline-check icon_atleft\"><span class=\"w-text-h\"><i class=\"fas fa-check-circle\"><\/i><span class=\"w-text-value\">Manuelle Pr\u00fcfung auf Plugins, Services, etc., die Cookies setzen oder \u00fcber JavaScript erst nach Interaktion geladen werden<\/span><\/span><\/div><\/div><div class=\"w-vwrapper us_custom_cdf14ffd align_none valign_top\"><div class=\"w-text headline-check icon_atleft\"><span class=\"w-text-h\"><i class=\"fas fa-check-circle\"><\/i><span class=\"w-text-value\">Technische und rechtliche Details zur Einholung einer informierten Einwilligung f\u00fcr deine konkrete Website (f\u00fcr jeden Service)<\/span><\/span><\/div><div class=\"w-text headline-check icon_atleft\"><span class=\"w-text-h\"><i class=\"fas fa-check-circle\"><\/i><span class=\"w-text-value\">Individuelle Konfiguration von Content Blockern f\u00fcr deinen Anwendungsfall<\/span><\/span><\/div><div class=\"w-text headline-check icon_atleft\"><span class=\"w-text-h\"><i class=\"fas fa-check-circle\"><\/i><span class=\"w-text-value\">Konfiguration aller Einstellungen inkl. eines f\u00fcr deine Website angepassten Designvorschlags<\/span><\/span><\/div><\/div><div class=\"w-vwrapper us_custom_cdf14ffd align_none valign_top\"><div class=\"w-text headline-check icon_atleft\"><span class=\"w-text-h\"><i class=\"fas fa-check-circle\"><\/i><span class=\"w-text-value\">Bericht zum einfachen Nachvollziehen der Einrichtung<\/span><\/span><\/div><div class=\"w-text us_custom_064d3121 headline-check icon_atleft\"><span class=\"w-text-h\"><i class=\"fas fa-check-circle\"><\/i><span class=\"w-text-value\">Pers\u00f6nlicher Ansprechpartner f\u00fcr Fragen<\/span><\/span><\/div><div class=\"w-text headline-check icon_atleft\"><span class=\"w-text-h\"><i class=\"fas fa-check-circle\"><\/i><span class=\"w-text-value\">Sichere und einfache Bezahlung per PayPal oder Kreditkarte<\/span><\/span><\/div><\/div><\/div><\/div><\/div><div class=\"vc_col-sm-6 wpb_column vc_column_container\"><div class=\"vc_column-inner us_custom_f12c6d05\"><div class=\"wpb_wrapper\"><div class=\"wpb_text_column us_custom_54097ede\"><div class=\"wpb_wrapper\"><h3>Angebot anfordern<\/h3>\n<\/div><\/div><div class=\"wpb_text_column us_custom_e689e7c0 justified-right\"><div class=\"wpb_wrapper\"><p class=\"translation-block\"><strong>Gib deine Website-Details unten ein,<\/strong> und wir werden dir innerhalb von zwei Werktagen ein individuelles Angebot per E-Mail zukommen lassen<\/p>\n<\/div><\/div><div class=\"wpb_text_column real-commerce-antd-white-control\"><div class=\"wpb_wrapper\"><div class=\"real-commerce-cookie-experts-quote\" style=\"\"><\/div>\n<\/div><\/div><\/div><\/div><\/div><\/div><div class=\"wpb_text_column us_custom_63f2c3ea\"><div class=\"wpb_wrapper\"><p>Zahle mit <img decoding=\"async\" class=\"alignnone size-medium payment-methodes\" src=\"https:\/\/devowl.io\/wp-content\/uploads\/wordpress-plugins\/real-cookie-banner\/payment-methods.png\" alt=\"VISA, MasterCard, American Express, PayPal und Maestro\" \/><\/p>\n<\/div><\/div><\/div><\/div><\/div><\/div><\/div><\/section><section class=\"l-section wpb_row us_custom_6e4478d3 height_medium\"><div class=\"l-section-h i-cf\"><div class=\"g-cols vc_row via_flex valign_top type_default stacking_default\"><div class=\"vc_col-sm-12 wpb_column vc_column_container\"><div class=\"vc_column-inner\"><div class=\"wpb_wrapper\"><div class=\"wpb_text_column us_custom_df89c5e3 has_text_color\"><div class=\"wpb_wrapper\"><p class=\"translation-block\"><strong>Die Einrichtung deines Cookie Banners durch einen Cookie Experten ist keine Rechtsberatung, sondern eine Agenturleistung.<\/strong> Wir richten den Cookie Banner nach bestem Wissen und Gewissen ein. Wenn du eine Kontrollinstanz f\u00fcr eine Rechtssicherheit haben m\u00f6chtest, empfehlen wir dir, zus\u00e4tzlich einen Anwalt mit der rechtlichen Pr\u00fcfung der Einbindung des Cookie Banners zu beauftragen.<\/p>\n<\/div><\/div><\/div><\/div><\/div><\/div><\/div><\/section>","protected":false},"excerpt":{"rendered":"Let an expert set up your cookie banner You can&#8217;t manage to set up the cookie banner correctly? One of our experienced cookie experts will set up the cookie banner individually for your website. We will check all relevant subpages and used services for you. Let us take the stress off your shoulders! Ask for...","protected":false},"author":1,"featured_media":228214,"parent":61,"menu_order":8,"comment_status":"closed","ping_status":"closed","template":"","meta":{"_acf_changed":false,"_seopress_robots_primary_cat":"","_seopress_titles_title":"Cookie Experts: Let an expert set up your cookie banner","_seopress_titles_desc":"Cookie banners are complex. You can't manage to set up the cookie banner correctly? Let an expert set up your cookie banner! (non-legal advice)","_seopress_robots_index":"yes","inline_featured_image":false,"restrictTranslations":["en_US","de_DE"],"footnotes":""},"class_list":["post-228477","page","type-page","status-publish","has-post-thumbnail","hentry"],"acf":[],"_links":{"self":[{"href":"https:\/\/devowl.io\/de\/wp-json\/wp\/v2\/pages\/228477","targetHints":{"allow":["GET"]}}],"collection":[{"href":"https:\/\/devowl.io\/de\/wp-json\/wp\/v2\/pages"}],"about":[{"href":"https:\/\/devowl.io\/de\/wp-json\/wp\/v2\/types\/page"}],"author":[{"embeddable":true,"href":"https:\/\/devowl.io\/de\/wp-json\/wp\/v2\/users\/1"}],"replies":[{"embeddable":true,"href":"https:\/\/devowl.io\/de\/wp-json\/wp\/v2\/comments?post=228477"}],"version-history":[{"count":147,"href":"https:\/\/devowl.io\/de\/wp-json\/wp\/v2\/pages\/228477\/revisions"}],"predecessor-version":[{"id":243040,"href":"https:\/\/devowl.io\/de\/wp-json\/wp\/v2\/pages\/228477\/revisions\/243040"}],"up":[{"embeddable":true,"href":"https:\/\/devowl.io\/de\/wp-json\/wp\/v2\/pages\/61"}],"wp:featuredmedia":[{"embeddable":true,"href":"https:\/\/devowl.io\/de\/wp-json\/wp\/v2\/media\/228214"}],"wp:attachment":[{"href":"https:\/\/devowl.io\/de\/wp-json\/wp\/v2\/media?parent=228477"}],"curies":[{"name":"wp","href":"https:\/\/api.w.org\/{rel}","templated":true}]}}