{"id":230577,"date":"2021-09-20T12:10:14","date_gmt":"2021-09-20T10:10:14","guid":{"rendered":"https:\/\/devowl.io\/?page_id=230577"},"modified":"2024-01-11T12:03:12","modified_gmt":"2024-01-11T10:03:12","slug":"nulled-free-download","status":"publish","type":"page","link":"https:\/\/devowl.io\/de\/wordpress-real-media-library\/nulled-kostenloser-download\/","title":{"rendered":"Real Media Library PRO Nulled: Kostenloser Download"},"content":{"rendered":"<section class=\"l-section wpb_row us_custom_f20375b7 height_medium\" id=\"intro\"><div class=\"l-section-h i-cf\"><div class=\"g-cols vc_row via_flex valign_top type_default stacking_default\"><div class=\"vc_col-sm-6 wpb_column vc_column_container\"><div class=\"vc_column-inner\"><div class=\"wpb_wrapper\"><div class=\"g-cols wpb_row via_flex valign_top type_default stacking_default\"><div class=\"vc_col-sm-12 wpb_column vc_column_container\"><div class=\"vc_column-inner\"><div class=\"wpb_wrapper\"><div class=\"w-image us_custom_c5deda31 align_left\"><div class=\"w-image-h\"><img decoding=\"async\" width=\"890\" height=\"890\" src=\"https:\/\/devowl.io\/wp-content\/uploads\/logo\/real-media-library.svg\" class=\"attachment-large size-large\" alt=\"Real Media Library\" loading=\"lazy\" \/><\/div><\/div><div class=\"wpb_text_column us_custom_0259209c has_text_color\"><div class=\"wpb_wrapper\"><h1>Real Media Library<\/h1>\n<\/div><\/div><\/div><\/div><\/div><\/div><div class=\"wpb_text_column us_custom_6b031695 has_text_color\"><div class=\"wpb_wrapper\"><p>Download Nulled Version KOSTENLOS<\/p>\n<\/div><\/div><div class=\"wpb_text_column\"><div class=\"wpb_wrapper\"><p class=\"translation-block\">Real Media Library hilft dir bei der <strong>Medienverwaltung<\/strong>. Organisiere tausende hochgeladene <strong>Dateien in Ordnern, Sammlungen und Galerien.<\/strong> Ein echter <strong>Dateimanager<\/strong>, der es dir erm\u00f6glicht, gro\u00dfe Mengen von Dateien in WordPress zu verwalten.<\/p>\n<\/div><\/div><\/div><\/div><\/div><div class=\"vc_col-sm-6 wpb_column vc_column_container\"><div class=\"vc_column-inner\"><div class=\"wpb_wrapper\"><div class=\"w-image us_custom_c93eb633 style_shadow-1 align_none has_bg_color\"><div class=\"w-image-h\"><img decoding=\"async\" width=\"890\" height=\"453\" src=\"https:\/\/devowl.io\/wp-content\/uploads\/wordpress-plugins\/real-media-library\/real-media-library-evato-market-product-teaser-890x453.png\" class=\"attachment-large size-large\" alt=\"Real Media Library: Envato Market product teaser\" loading=\"lazy\" srcset=\"\" sizes=\"auto, (max-width: 890px) 100vw, 890px\" data-srcset=\"\" \/><\/div><\/div><div class=\"w-hwrapper us_custom_7b326a29 valign_top align_justify\" style=\"--hwrapper-gap:1.0rem\"><div class=\"w-btn-wrapper align_none\"><a class=\"w-btn us-btn-style_1\" href=\"#download\"><span class=\"w-btn-label\">Download Real Media Library PRO<\/span><\/a><\/div><div class=\"w-btn-wrapper align_none\"><a class=\"w-btn us-btn-style_2\" target=\"_blank\" rel=\"nofollow\" href=\"https:\/\/try.devowl.io\/de\/?product=RML\"><span class=\"w-btn-label\">Jetzt testen<\/span><\/a><\/div><\/div><\/div><\/div><\/div><\/div><\/div><\/section><section class=\"l-section wpb_row us_custom_9305f4ae height_medium\"><div class=\"l-section-h i-cf\"><div class=\"g-cols vc_row via_flex valign_top type_default stacking_default\"><div class=\"vc_col-sm-12 wpb_column vc_column_container\"><div class=\"vc_column-inner\"><div class=\"wpb_wrapper\"><div class=\"wpb_text_column us_custom_5abb563d\"><div class=\"wpb_wrapper\"><h2>Bock auf effizientes Content Management, aber keinen Bock Geld auszugeben?<\/h2>\n<p>Zugegeben, eine kostenlose Version eines kostenpflichtigen Plugins klingt mehr als verlockend. Der innere Sparfuchs steckt einfach in jedem von uns. Doch manchmal zahlt es sich nicht aus, am falschen Ende sparen \u2013 im Gegenteil\u2026<\/p>\n<p class=\"translation-block\">Warum ein illegaler, freier Download von Real Media Library PRO <span style=\"color: #ff0000\"><strong>fatale Folgen f\u00fcr dich und deine Website<\/strong><\/span> haben kann und du lieber die (Lang-)Finger davon lassen solltest, erkl\u00e4ren wir dir im Folgenden.<\/p>\n<\/div><\/div><\/div><\/div><\/div><\/div><\/div><\/section><section class=\"l-section wpb_row us_custom_9e0317aa height_medium\"><div class=\"l-section-h i-cf\"><div class=\"g-cols vc_row via_flex valign_middle type_default stacking_default\"><div class=\"vc_col-sm-3\/5 wpb_column vc_column_container\"><div class=\"vc_column-inner\"><div class=\"wpb_wrapper\"><div class=\"wpb_text_column\"><div class=\"wpb_wrapper\"><h3>Was sind Nulled WordPress Plugins?<\/h3>\n<p class=\"translation-block\">Bei einem sogenannten \u201cNulled Plugin\u201d handelt es sich um eine modifizierte Version des urspr\u00fcnglichen Plugins, die in der Regel kostenlos angeboten wird. Klingt erst mal nicht schlecht. Doch der Schein tr\u00fcgt, denn Nulled Versionen sind nicht ohne. Sie k\u00f6nnen <strong>Schadcode<\/strong> enthalten, der mitunter <strong>ungewollt Informationen sammelt.<\/strong> Nulled Plugins stammen nicht von den Entwicklern des urspr\u00fcnglichen Plugins, sondern von Drittanbietern \u2013 teils sogar von Raubkopierern.<\/p>\n<\/div><\/div><div class=\"wpb_text_column us_custom_cdf14ffd\"><div class=\"wpb_wrapper\"><h3>Sind Nulled Plugins illegal?<\/h3>\n<p class=\"translation-block\">Grunds\u00e4tzlich gilt, dass WordPress-Plugins abseits der Website des jeweiligen Herstellers nicht immer illegale Downloads sein m\u00fcssen. Es ist sehr unwahrscheinlich, dass dir ein <strong>bewaffnetes Sondereinsatzkommando die T\u00fcr eintritt<\/strong>, wenn du ein Nulled Plugin auf deiner Website verwendest. Grund hierf\u00fcr ist die <strong><a href=\"https:\/\/www.techfacts.de\/ratgeber\/was-bedeutet-gnu-gpl\/\" target=\"_blank\" rel=\"noopener\">GPL-Lizenz<\/a><\/strong>, die es dir erm\u00f6glicht, kostenpflichtige Programme kostenlos zu kopieren und verbreiten. Daher kann es auch legal sein, dass Nulled WordPress-Plugins angeboten werden.<\/p>\n<p class=\"translation-block\">Jedoch stellen viele WordPress Entwickler <strong>nicht alle Bestandteile des Plugins<\/strong> unter die GPL-Lizenz. Beispielsweise Grafiken oder \u00dcbersetzungen stehen h\u00e4ufig nicht unter der GPL-Lizenz, sondern d\u00fcrften nur so verwendet werden, wie sie lizenziert wurden. Au\u00dferdem k\u00f6nnen Markenrechte dazu f\u00fchren, dass die Nulled-Version des Plugins <strong>nicht<\/strong> wie das originale Plugin genannt werden darf.<\/p>\n<\/div><\/div><\/div><\/div><\/div><div class=\"vc_col-sm-2\/5 wpb_column vc_column_container\"><div class=\"vc_column-inner us_custom_e7f5d98a\"><div class=\"wpb_wrapper\"><div class=\"w-image us_custom_68514ae4 align_none\"><div class=\"w-image-h\"><img decoding=\"async\" src=\"https:\/\/devowl.io\/wp-content\/uploads\/wordpress-plugins\/real-media-library\/real-media-library-nulled-by-professional-cracker.svg\" class=\"attachment-full size-full\" alt=\"Real Media Library nulled by professional cracker\" loading=\"lazy\" \/><\/div><\/div><\/div><\/div><\/div><\/div><\/div><\/section><section class=\"l-section wpb_row us_custom_9305f4ae height_medium\" id=\"download\"><div class=\"l-section-h i-cf\"><div class=\"g-cols vc_row via_flex valign_top type_default stacking_default\"><div class=\"vc_col-sm-12 wpb_column vc_column_container\"><div class=\"vc_column-inner\"><div class=\"wpb_wrapper\"><div class=\"wpb_text_column us_custom_62f46617\"><div class=\"wpb_wrapper\"><h2>\u274c Finger weg von illegalen WordPress Plugins<\/h2>\n<p>Nur weil ein Nulled Plugin nicht zwangsweise illegal ist, bedeutet das nicht, dass es gut f\u00fcr deine WordPress-Website ist. Neben dem bereits oben erw\u00e4hnten Risiko enthaltener Schadsoftware, kann die Nutzung einer gehackten Version von z. B. Real Media Library PRO einen Rattenschwanz negativer Konsequenzen nach sich ziehen.<\/p>\n<\/div><\/div><div class=\"w-btn-wrapper align_center\"><a class=\"w-btn us-btn-style_1\" target=\"_blank\" rel=\"nofollow\" href=\"https:\/\/devowl.io\/de\/wordpress-real-media-library\/\"><span class=\"w-btn-label\">Jetzt Real Media Library kaufen<\/span><\/a><\/div><\/div><\/div><\/div><\/div><\/div><\/section><section class=\"l-section wpb_row us_custom_2462367e height_medium\"><div class=\"l-section-h i-cf\"><div class=\"g-cols vc_row via_flex valign_top type_default stacking_default\"><div class=\"vc_col-sm-12 wpb_column vc_column_container\"><div class=\"vc_column-inner\"><div class=\"wpb_wrapper\"><div class=\"g-cols wpb_row us_custom_1334aac4 via_flex valign_top type_default stacking_default\"><div class=\"vc_col-sm-6 wpb_column vc_column_container\"><div class=\"vc_column-inner\"><div class=\"wpb_wrapper\"><div class=\"wpb_text_column us_custom_ed99f23d\"><div class=\"wpb_wrapper\"><h3 style=\"text-align: left;\">\ud83d\udd13 Sicherheitsl\u00fccken<\/h3>\n<\/div><\/div><div class=\"wpb_text_column\"><div class=\"wpb_wrapper\"><p class=\"translation-block\">Ordnung ist das A und O \u2013 und das auch in deinem WordPress-Backend. Daher ist das Plugin Real Media Library eine ideale L\u00f6sung, deine Medienbibliothek ordentlich aufzur\u00e4umen. Entscheidest du dich allerdings f\u00fcr eine Nulled Version von Real Media Library, kann dies zu erheblichen Sicherheitsproblemen f\u00fchren. Nulled Plugins k\u00f6nnen <strong>Malware<\/strong> enthalten und deine Website somit zur Zielscheibe f\u00fcr <strong>Hackerangriffe<\/strong> machen. Neben b\u00f6sartigem Code besteht ebenso die M\u00f6glichkeit, dass ohne dein Wissen <strong>Spam-Links<\/strong> und <strong>Umleitungen zu dubiosen Websites<\/strong> in deine Website eingebaut werden.<\/p>\n<\/div><\/div><\/div><\/div><\/div><div class=\"vc_col-sm-6 wpb_column vc_column_container\"><div class=\"vc_column-inner\"><div class=\"wpb_wrapper\"><div class=\"wpb_text_column us_custom_cdf14ffd\"><div class=\"wpb_wrapper\"><h3 style=\"text-align: left;\">\ud83d\udc65 Privatsph\u00e4re-Probleme<\/h3>\n<\/div><\/div><div class=\"wpb_text_column\"><div class=\"wpb_wrapper\"><p class=\"translation-block\">Privatsph\u00e4re ad\u00e9. Wenn du Wert auf die Wahrung deiner privaten Daten legst, solltest du dich von Nulled Plugins und Themes fernhalten. Aber nicht nur deine eigenen Daten sind in Gefahr, sondern auch die deiner Website-Besucher. Es kann leichter als du denkst zum <strong>Datendiebstahl<\/strong> kommen. Denn ein b\u00f6sartiger, eingepflanzter Code kann Informationen (z. B. Benutzernamen, Bankdaten und Passw\u00f6rter) von dir und deinen Besuchern stehlen. Das kann zum einen <strong>finanzielle Konsequenzen<\/strong> haben und <strong>Misstrauen dir gegen\u00fcber<\/strong> sch\u00fcren. Au\u00dferdem kann es sein, dass du solche Angriffe <strong>gegen\u00fcber Beh\u00f6rden melden<\/strong> musst.<\/p>\n<\/div><\/div><\/div><\/div><\/div><\/div><div class=\"g-cols wpb_row us_custom_1334aac4 via_flex valign_top type_default stacking_default\"><div class=\"vc_col-sm-6 wpb_column vc_column_container\"><div class=\"vc_column-inner us_custom_d024abec\"><div class=\"wpb_wrapper\"><div class=\"wpb_text_column us_custom_3c0c1cd1\"><div class=\"wpb_wrapper\"><h3 style=\"text-align: left;\">\ud83d\udc4e Null(ed) Support<\/h3>\n<\/div><\/div><div class=\"wpb_text_column\"><div class=\"wpb_wrapper\"><p class=\"translation-block\">Logischerweise kannst du bei der Verwendung einer gecrackten Version von Real Media Library PRO nicht erwarten, dass dir unser Support-Team mit Rat und Tat behilflich ist. <strong>Wir helfen immer gerne, aber nur, wenn du eine g\u00fcltige Real Media Library Lizenz nutzt<\/strong> \ud83d\ude07 Grundlegend sind unsere Plugins sehr anf\u00e4ngerfreundlich aufgebaut. Allerdings kann es hier und da schnell zu individuellen Fragen kommen und selbst Google hat nicht f\u00fcr jedes Problem eine L\u00f6sung parat. Um dir viel Verzweiflung, Kopfschmerzen und Arbeit zu ersparen, empfiehlt sich daher, keine nulled Version von Real Media Library PRO zu ergattern.<\/p>\n<\/div><\/div><\/div><\/div><\/div><div class=\"vc_col-sm-6 wpb_column vc_column_container\"><div class=\"vc_column-inner\"><div class=\"wpb_wrapper\"><div class=\"wpb_text_column us_custom_9a7781a5\"><div class=\"wpb_wrapper\"><h3>\ud83d\udd04 Keine Updates<\/h3>\n<\/div><\/div><div class=\"wpb_text_column\"><div class=\"wpb_wrapper\"><p class=\"translation-block\">Ein gro\u00dfer Nachteil im Gebrauch von Nulled Plugins ist das <strong>Fehlen wichtiger Updates.<\/strong> Du m\u00fcsstest also jedes Mal das Plugin l\u00f6schen, nach einer neuen Version suchen (falls vorhanden) und diese dann installieren. Und als w\u00e4re das nicht schon nervig genug, besteht hier auch die <strong>Gefahr potenzieller Hackerangriffe.<\/strong> Denn selbst wenn du eine kostenlose Nulled Version inkl. des neuesten Updates finden solltest, kann sich auch in dieser b\u00f6sartige Schadsoftware verbergen. Zudem besteht das Risiko, dass wir <strong>wichtige Sicherheitsupdates<\/strong> releasen, von denen du erst geraume Zeit sp\u00e4ter mitbekommst \u2013 eine weitere Sicherheitsl\u00fccke entsteht\u2026<\/p>\n<\/div><\/div><\/div><\/div><\/div><\/div><div class=\"g-cols wpb_row us_custom_1334aac4 via_flex valign_top type_default stacking_default\"><div class=\"vc_col-sm-6 wpb_column vc_column_container\"><div class=\"vc_column-inner us_custom_d024abec\"><div class=\"wpb_wrapper\"><div class=\"wpb_text_column us_custom_3c0c1cd1\"><div class=\"wpb_wrapper\"><h3 style=\"text-align: left;\">\u2696\ufe0f Rechtliche Probleme<\/h3>\n<\/div><\/div><div class=\"wpb_text_column\"><div class=\"wpb_wrapper\"><p class=\"translation-block\">Wie du bereits wei\u00dft, sind Nulled Plugins aufgrund der GPL-Lizenz nicht zwangsl\u00e4ufig illegal. Im Falle von Real Media Library PRO stehen nicht alle Bestandteile des Plugins unter der GPL-Lizenz. <strong>Du l\u00e4dst also eine Raubkopie herunter!<\/strong> Daraus resultierend k\u00f6nnen <strong>Gerichtsverfahren und hohe Anwaltskosten<\/strong> auf dich zukommen. Au\u00dferdem kann sich eine Ransomware in der Nulled Version des Plugins verstecken. Sie verschl\u00fcsselt die Daten deiner Website und <strong>erpresst dich<\/strong>, um die Daten wieder freizugeben. Dann kannst du nur noch den Hacker bezahlen oder bei der Polizei zugeben, dass du eine Raubkopie genutzt hast.<\/p>\n<\/div><\/div><\/div><\/div><\/div><div class=\"vc_col-sm-6 wpb_column vc_column_container\"><div class=\"vc_column-inner\"><div class=\"wpb_wrapper\"><div class=\"wpb_text_column us_custom_9a7781a5\"><div class=\"wpb_wrapper\"><h3>\ud83d\udcca Schlechtes SEO-Ranking<\/h3>\n<\/div><\/div><div class=\"wpb_text_column\"><div class=\"wpb_wrapper\"><p class=\"translation-block\">Auch Google und andere Suchmaschinen sehen es nicht gern, wenn gehackte Versionen von WordPress-Plugins genutzt werden. Nulled Versionen von Real Media Library k\u00f6nnen versteckte Spam-Links und Weiterleitungen beinhalten. So kann die Nutzung sehr schnell zu einem <strong>schlechteren Ranking<\/strong>, zur <strong>De-Indexierung<\/strong> und weiteren Bestrafungen hinsichtlich Suchmaschinenoptimierung f\u00fchren, da du <strong>Blackhat-SEO<\/strong> betreibst. Und jetzt stell dir mal vor, dass du monate- oder jahrelang viel Arbeit in deine Website investiert hast, um im Google-Ranking nach oben zu kommen. Das alles w\u00e4re dann futsch\u2026 Dann doch lieber eine legale Lizenz nutzen \ud83d\ude09<\/p>\n<\/div><\/div><\/div><\/div><\/div><\/div><div class=\"g-cols wpb_row via_flex valign_top type_default stacking_default\"><div class=\"vc_col-sm-6 wpb_column vc_column_container\"><div class=\"vc_column-inner us_custom_d024abec\"><div class=\"wpb_wrapper\"><div class=\"wpb_text_column us_custom_3c0c1cd1\"><div class=\"wpb_wrapper\"><h3 style=\"text-align: left;\">\ud83d\udda5\ufe0f Schlechte User Experience<\/h3>\n<\/div><\/div><div class=\"wpb_text_column\"><div class=\"wpb_wrapper\"><p class=\"translation-block\">Eine weitere Schattenseite eines Nulled Plugins kann eine schlechtere User Experience (Nutzererfahrung) sein. Ohne, dass du es bemerkst, k\u00f6nnen Hacker deinen Website-Besuchern Werbung unterjubeln. Folglich kann es dazu kommen, dass u.a. <strong>Verweildauer auf deiner Website, die Konversionsrate und die Ladezeit negativ beeinflusst werden.<\/strong> Schlechtes SEO und weniger Kaufabschl\u00fcsse k\u00f6nnen die Konsequenzen sein.<\/p>\n<\/div><\/div><\/div><\/div><\/div><div class=\"vc_col-sm-6 wpb_column vc_column_container\"><div class=\"vc_column-inner\"><div class=\"wpb_wrapper\"><div class=\"wpb_text_column us_custom_9a7781a5\"><div class=\"wpb_wrapper\"><h3>\ud83d\udc94 Keine Unterst\u00fctzung der Entwickler<\/h3>\n<\/div><\/div><div class=\"wpb_text_column\"><div class=\"wpb_wrapper\"><p class=\"translation-block\"><strong>In jedem unserer Produkte steckt viel Herzblut, Leidenschaft, Zeit und Flei\u00dfarbeit.<\/strong> Ziel ist es, dich mit unseren Produkten gl\u00fccklich zu machen und dir die Arbeit zu erleichtern. Um dies zu erreichen, entwickeln wir unsere Plugins und weiteren Produkte kontinuierlich weiter. M\u00f6chtest du uns dabei unterst\u00fctzen, dich zu unterst\u00fctzen, solltest du also auf die Nutzung von illegalen Real Media Library Downloads verzichten.<\/p>\n<\/div><\/div><\/div><\/div><\/div><\/div><\/div><\/div><\/div><\/div><\/div><\/section><section class=\"l-section wpb_row us_custom_b18f3106 height_medium\"><div class=\"l-section-h i-cf\"><div class=\"g-cols vc_row via_flex valign_top type_default reversed stacking_default\"><div class=\"vc_col-sm-8 wpb_column vc_column_container\"><div class=\"vc_column-inner\"><div class=\"wpb_wrapper\"><div class=\"wpb_text_column\"><div class=\"wpb_wrapper\"><h2>Vorteile deiner legalen Lizenz<\/h2>\n<p>Du hast die Wahl: M\u00f6chtest du ein Pirat sein, oder in sicheren Gew\u00e4ssern fahren? Deine legale Lizenz von Real Media Library PRO bringt dir zahlreiche Vorteile, die du dir nicht entgehen lassen solltest!<\/p>\n<\/div><\/div><div class=\"w-text us_custom_064d3121 headline-check icon_atleft\"><span class=\"w-text-h\"><i class=\"fas fa-check-circle\"><\/i><span class=\"w-text-value\">Kein eingebauter Schadcode oder Datendiebstahl<\/span><\/span><\/div><div class=\"w-text us_custom_064d3121 headline-check icon_atleft\"><span class=\"w-text-h\"><i class=\"fas fa-check-circle\"><\/i><span class=\"w-text-value\">Automatische Updates<\/span><\/span><\/div><div class=\"w-text us_custom_064d3121 headline-check icon_atleft\"><span class=\"w-text-h\"><i class=\"fas fa-check-circle\"><\/i><span class=\"w-text-value\">Professioneller Support mit \u2764\ufe0f f\u00fcr deine Fragen<\/span><\/span><\/div><div class=\"w-text us_custom_064d3121 headline-check icon_atleft\"><span class=\"w-text-h\"><i class=\"fas fa-check-circle\"><\/i><span class=\"w-text-value\">Keine rechtlichen Konsequenzen<\/span><\/span><\/div><div class=\"w-text us_custom_064d3121 headline-check icon_atleft\"><span class=\"w-text-h\"><i class=\"fas fa-check-circle\"><\/i><span class=\"w-text-value\">Keine negativen Auswirkungen auf das SEO-Ranking<\/span><\/span><\/div><div class=\"wpb_text_column us_custom_523ee055\"><div class=\"wpb_wrapper\"><h2>Jetzt kostenlos testen<\/h2>\n<p class=\"translation-block\">Du m\u00f6chtest Real Media Library f\u00fcr WordPress vor dem Kauf ausprobieren? <strong>Nimm eine kostenlose Sandbox<\/strong> und spiele herum! Eine Sandbox ist eine WordPress Installation mit dem vorinstallierten Plugin nur f\u00fcr dich. Du kannst in dieser Installation alles machen, was du willst.<\/p>\n<\/div><\/div><div class=\"w-btn-wrapper align_none\"><a class=\"w-btn us-btn-style_1\" target=\"_blank\" rel=\"nofollow\" href=\"https:\/\/try.devowl.io\/de\/?product=RML\"><span class=\"w-btn-label\">Sandbox erstellen<\/span><\/a><\/div><\/div><\/div><\/div><div class=\"vc_col-sm-4 wpb_column vc_column_container\"><div class=\"vc_column-inner us_custom_7d395599\"><div class=\"wpb_wrapper\"><h2 class=\"w-itext us_custom_70facfb4 pricing-headline type_typingChars align_center\" onclick='return {&quot;duration&quot;:200,&quot;delay&quot;:7000,&quot;disablePartAnimation&quot;:false,&quot;dynamicColor&quot;:&quot;var(--color-alt-content-heading)&quot;,&quot;html_nbsp_char&quot;:false}' data-no-translation=\"\"><span class=\"w-itext-part changesat_0 changesat_1 changesat_2 changesat_3 changesat_4 dynamic\" style=\"color:_alt_content_heading\" onclick='return [&quot;Spare eine Menge Zeit&quot;,&quot;Hole dir den Deal&quot;,&quot;Nur einen Klick entfernt&quot;,&quot;Lebenslange Lizenz&quot;,&quot;Du hast die Wahl&quot;]'><span>Spare eine Menge Zeit<\/span><i class=\"w-itext-cursor\"><\/i><\/span><\/h2><div class=\"w-pricing us_custom_cd130a83 dvwl-pricing-table style_simple items_1\"><div class=\"w-pricing-item type_featured\"><div class=\"w-pricing-item-h\"><div class=\"w-pricing-item-header\"><div class=\"w-pricing-item-title\">Lebenslange Lizenz<\/div><div class=\"w-pricing-item-price\">39 \u20ac<small>inkl. MwSt., einmalige Zahlung<\/small><\/div><\/div><ul class=\"w-pricing-item-features\"><li class=\"w-pricing-item-feature\">1 Website<\/li><li class=\"w-pricing-item-feature\">Alle PRO Features<\/li><li class=\"w-pricing-item-feature\">Updates dauerhaft inklusive<\/li><li class=\"w-pricing-item-feature\">1 Jahr Support<\/li><\/ul><div class=\"w-pricing-item-footer\"><a class=\"w-btn us-btn-style_1\" href=\"https:\/\/devowl.io\/de\/wordpress-real-media-library\/\"><span class=\"w-btn-label\">Kaufe Real Media Library<\/span><\/a><\/div><\/div><\/div><\/div><\/div><\/div><\/div><\/div><\/div><\/section><section class=\"l-section wpb_row us_custom_e176e142 height_medium\"><div class=\"l-section-h i-cf\"><div class=\"g-cols vc_row via_flex valign_top type_default stacking_default\"><div class=\"vc_col-sm-6 wpb_column vc_column_container\"><div class=\"vc_column-inner\"><div class=\"wpb_wrapper\"><div class=\"wpb_text_column\"><div class=\"wpb_wrapper\"><h2>Wie erkenne ich eine Nulled Version von Real Media Library PRO?<\/h2>\n<p class=\"translation-block\">Solltest du eine Nulled Version von Real Media Library PRO verwenden und m\u00f6chtest zu einer g\u00fcltigen Lizenz wechseln, dann wende dich am besten an unser <a href=\"https:\/\/devowl.io\/de\/support\/\" target=\"_blank\" rel=\"noopener\">Support-Team<\/a>. Wir helfen dir gerne beim Umzug deiner Medienbibliothek, sodass du Real Media Library voll und ganz sorgenfrei genie\u00dfen kannst.<\/p>\n<p class=\"translation-block\">Wenn du dir nicht sicher bist, ob du ein Nulled Version von Real Media Library PRO verwendest, solltest du dir als erstes folgende Frage stellen: <strong>Woher habe ich das Plugin?<\/strong> Du kannst eine legale Lizenz nur auf <a href=\"https:\/\/codecanyon.net\/item\/wordpress-real-media-library-media-categories-folders\/13155134?irgwc=1&amp;clickid=zlKUfCXQGxyLRkdUSh2H7098UkBQsFQBXzAy1M0&amp;iradid=275988&amp;irpid=1322238&amp;iradtype=ONLINE_TRACKING_LINK&amp;irmptype=mediapartner&amp;mp_value1=&amp;utm_campaign=af_impact_radius_1322238&amp;utm_medium=affiliate&amp;utm_source=impact_radius\" target=\"_blank\" rel=\"noopener\">codecanyon.net<\/a> erwerben. Sollte dies nicht der Fall sein, hast du dir eine gehackte Version in deine Website integriert.<\/p>\n<p class=\"translation-block\">Mittels Security Plugins wie <a href=\"https:\/\/wordpress.org\/plugins\/wordfence\/\" target=\"_blank\" rel=\"noopener\">WordFence<\/a> kannst du deine Website scannen, um Sicherheitsl\u00fccken auf deiner Website ausfindig zu machen. Dieses k\u00f6nnte Maleware, Ransomware etc. in der Nulled Version ausfindig machen.<\/p>\n<\/div><\/div><\/div><\/div><\/div><div class=\"vc_col-sm-6 wpb_column vc_column_container\"><div class=\"vc_column-inner\"><div class=\"wpb_wrapper\"><div class=\"wpb_text_column\"><div class=\"wpb_wrapper\"><h2>Jetzt eine Real Media Library PRO Lizenz kaufen!<\/h2>\n<p>Auch wenn Qualit\u00e4t bekanntlich ihren Preis hat, versuchen wir, das Bestm\u00f6gliche zu humanen Preisen anzubieten. Mit unserem WordPress-Plugin Real Media Library PRO kannst du im Handumdrehen deine Medienbibliothek aufr\u00e4umen und organisieren. Unser Plugin nimmt dir das l\u00e4stige Scrollen nach einer vor Ewigkeiten hochgeladenen Mediendatei ab und sorgt daf\u00fcr, dass du dank verschiedener Ordner den \u00dcberblick beh\u00e4ltst.<\/p>\n<p class=\"translation-block\">Falls du nicht die Katze im Sack kaufen m\u00f6chtest, haben wir tolle Neuigkeiten f\u00fcr dich, denn <strong><a href=\"https:\/\/de.wordpress.org\/plugins\/real-media-library-lite\/\" target=\"_blank\" rel=\"noopener\">du kannst Real Media Library bereits in der kostenlosen Basis-Version herunterladen<\/a><\/strong>. Zus\u00e4tzlich kannst du das die PRO-Version bereits vor dem Kauf kostenlos in einer <a href=\"https:\/\/try.devowl.io\/de\/?product=RML\" target=\"_blank\" rel=\"noopener\">Sandbox<\/a> testen.<\/p>\n<\/div><\/div><div class=\"w-btn-wrapper align_left\"><a class=\"w-btn us-btn-style_1\" target=\"_blank\" rel=\"nofollow\" href=\"https:\/\/devowl.io\/de\/wordpress-real-media-library\/\"><span class=\"w-btn-label\">Kaufe Real Media Library<\/span><\/a><\/div><\/div><\/div><\/div><\/div><\/div><\/section>","protected":false},"excerpt":{"rendered":"Real Media Library Download Nulled Version for FREE Real Media Library helps you with media management. Organize thousands of uploaded files into folders, collections and galleries. A real file manager that allows you to manage large amounts of files in WordPress. Download Real Media Library PROTry in SandboxWant efficient content management, but don&#8217;t want to...","protected":false},"author":1,"featured_media":0,"parent":105,"menu_order":0,"comment_status":"closed","ping_status":"closed","template":"","meta":{"_acf_changed":false,"_seopress_robots_primary_cat":"","_seopress_titles_title":"Real Media Library PRO Nulled: WordPress Plugin Free Download","_seopress_titles_desc":"Download Real Media PRO and organize your WordPress media library easily and quickly. Learn more!","_seopress_robots_index":"","inline_featured_image":false,"restrictTranslations":["en_US","de_DE"],"footnotes":""},"class_list":["post-230577","page","type-page","status-publish","hentry"],"acf":[],"_links":{"self":[{"href":"https:\/\/devowl.io\/de\/wp-json\/wp\/v2\/pages\/230577","targetHints":{"allow":["GET"]}}],"collection":[{"href":"https:\/\/devowl.io\/de\/wp-json\/wp\/v2\/pages"}],"about":[{"href":"https:\/\/devowl.io\/de\/wp-json\/wp\/v2\/types\/page"}],"author":[{"embeddable":true,"href":"https:\/\/devowl.io\/de\/wp-json\/wp\/v2\/users\/1"}],"replies":[{"embeddable":true,"href":"https:\/\/devowl.io\/de\/wp-json\/wp\/v2\/comments?post=230577"}],"version-history":[{"count":22,"href":"https:\/\/devowl.io\/de\/wp-json\/wp\/v2\/pages\/230577\/revisions"}],"predecessor-version":[{"id":238516,"href":"https:\/\/devowl.io\/de\/wp-json\/wp\/v2\/pages\/230577\/revisions\/238516"}],"up":[{"embeddable":true,"href":"https:\/\/devowl.io\/de\/wp-json\/wp\/v2\/pages\/105"}],"wp:attachment":[{"href":"https:\/\/devowl.io\/de\/wp-json\/wp\/v2\/media?parent=230577"}],"curies":[{"name":"wp","href":"https:\/\/api.w.org\/{rel}","templated":true}]}}