{"id":230665,"date":"2021-09-17T10:27:13","date_gmt":"2021-09-17T08:27:13","guid":{"rendered":"https:\/\/devowl.io\/?page_id=230665"},"modified":"2024-04-16T15:44:17","modified_gmt":"2024-04-16T13:44:17","slug":"nulled-version-download","status":"publish","type":"page","link":"https:\/\/devowl.io\/de\/wordpress-real-cookie-banner\/nulled-version-download\/","title":{"rendered":"Real Cookie Banner PRO Nulled: WordPress Plugin Free Download"},"content":{"rendered":"<section class=\"l-section wpb_row us_custom_f20375b7 height_medium\" id=\"intro\"><div class=\"l-section-h i-cf\"><div class=\"g-cols vc_row via_flex valign_top type_default stacking_default\"><div class=\"vc_col-sm-6 wpb_column vc_column_container\"><div class=\"vc_column-inner\"><div class=\"wpb_wrapper\"><div class=\"g-cols wpb_row via_flex valign_top type_default stacking_default\"><div class=\"vc_col-sm-12 wpb_column vc_column_container\"><div class=\"vc_column-inner\"><div class=\"wpb_wrapper\"><div class=\"w-hwrapper valign_middle align_none\"><div class=\"w-image us_custom_a5c0e80c align_left\"><div class=\"w-image-h\"><img decoding=\"async\" width=\"890\" height=\"890\" src=\"https:\/\/devowl.io\/wp-content\/uploads\/logo\/real-cookie-banner.svg\" class=\"attachment-large size-large\" alt=\"Real Cookie Banner\" loading=\"lazy\" \/><\/div><\/div><div class=\"wpb_text_column\"><div class=\"wpb_wrapper\"><h1 id=\"rcb-h1\"><img decoding=\"async\" class=\"alignnone\" src=\"https:\/\/devowl.io\/wp-content\/uploads\/wordpress-plugins\/real-cookie-banner\/real-cookie-banner-lettering.svg\" alt=\"Real Cookie Banner\" height=\"22\" data-no-image-dimensions=\"&quot;\" \/><\/h1>\n<\/div><\/div><\/div><\/div><\/div><\/div><\/div><div class=\"wpb_text_column us_custom_6b031695 has_text_color\"><div class=\"wpb_wrapper\"><p>Download Nulled Version KOSTENLOS<\/p>\n<\/div><\/div><div class=\"wpb_text_column\"><div class=\"wpb_wrapper\"><div class=\"wpb_text_column\">\n<div class=\"wpb_wrapper\">\n<p class=\"translation-block translation-block\">Hole DSGVO, ePrivacy Richtlinie und TDDDG (fr\u00fcher TTDSG) konforme Einwilligungen ein. <strong>Finde Services, Cookies etc. und trage alle rechtlichen Informationen in deinen Cookie Banner ein.<\/strong> Mehr als nur ein Cookie-Hinweis! Speziell f\u00fcr WordPress-Websites entwickeltes Cookie Plugin, um die Einrichtung zu vereinfachen.<\/p>\n<\/div>\n<\/div>\n<div class=\"w-hwrapper align_none valign_top\"><\/div>\n<\/div><\/div><\/div><\/div><\/div><div class=\"vc_col-sm-6 wpb_column vc_column_container\"><div class=\"vc_column-inner\"><div class=\"wpb_wrapper\"><div class=\"w-image us_custom_c93eb633 style_shadow-1 align_none has_bg_color\"><div class=\"w-image-h\"><img decoding=\"async\" width=\"890\" height=\"453\" src=\"https:\/\/devowl.io\/wp-content\/uploads\/wordpress-plugins\/real-cookie-banner\/real-cookie-banner-envato-market-product-teaser-890x453.png\" class=\"attachment-large size-large\" alt=\"Real Cookie Banner Envato Market product teaser\" loading=\"lazy\" srcset=\"\" sizes=\"auto, (max-width: 890px) 100vw, 890px\" data-srcset=\"\" \/><\/div><\/div><div class=\"w-hwrapper us_custom_7b326a29 valign_top align_justify\" style=\"--hwrapper-gap:1.0rem\"><div class=\"w-btn-wrapper align_none\"><a class=\"w-btn us-btn-style_1\" href=\"#download\"><span class=\"w-btn-label\">Download Real Cookie Banner<\/span><\/a><\/div><div class=\"w-btn-wrapper align_none\"><a class=\"w-btn us-btn-style_2\" target=\"_blank\" rel=\"nofollow\" href=\"https:\/\/try.devowl.io\/de\/?product=RCB\"><span class=\"w-btn-label\">Jetzt testen<\/span><\/a><\/div><\/div><\/div><\/div><\/div><\/div><\/div><\/section><section class=\"l-section wpb_row us_custom_9305f4ae height_medium\"><div class=\"l-section-h i-cf\"><div class=\"g-cols vc_row via_flex valign_top type_default stacking_default\"><div class=\"vc_col-sm-12 wpb_column vc_column_container\"><div class=\"vc_column-inner\"><div class=\"wpb_wrapper\"><div class=\"wpb_text_column us_custom_5abb563d\"><div class=\"wpb_wrapper\"><h2>Willst du einen einfach einzurichtenden Cookie Banner, aber kein Geld ausgeben?<\/h2>\n<p>Zugegeben, eine kostenlose Version eines kostenpflichtigen Plugins klingt mehr als reizvoll. Wer spart nicht gerne mal den einen oder andere Taler. Jedoch zahlt es sich nicht immer aus, am falschen Ende sparen \u2013 im Gegenteil\u2026<\/p>\n<p class=\"translation-block\">Wir erkl\u00e4ren dir, warum ein Nulled Download von Real Cookie Banner <span style=\"color: #ff0000\"><strong>drastische Folgen f\u00fcr dich und deine Website<\/strong><\/span> haben kann und du lieber die (Lang-)Finger davon lassen solltest.<\/p>\n<\/div><\/div><\/div><\/div><\/div><\/div><\/div><\/section><section class=\"l-section wpb_row us_custom_9e0317aa height_medium\"><div class=\"l-section-h i-cf\"><div class=\"g-cols vc_row via_flex valign_middle type_default stacking_default\"><div class=\"vc_col-sm-3\/5 wpb_column vc_column_container\"><div class=\"vc_column-inner\"><div class=\"wpb_wrapper\"><div class=\"wpb_text_column\"><div class=\"wpb_wrapper\"><h3>Was ist ein Nulled WordPress Plugin?<\/h3>\n<p class=\"translation-block\">Unter einem sogenannten \u201cNulled Plugin\u201d versteht man eine modifizierte Version des urspr\u00fcnglichen Plugins, die grunds\u00e4tzlich kostenlos angeboten wird. Klingt erst mal super. Doch der Schein tr\u00fcgt, denn Nulled Versionen sind nicht ohne. Es kann <strong>Schadcode<\/strong> enthalten sein, der u.a. <strong>ohne dein Wissen Informationen sammelt<\/strong>. Nulled Plugins stammen nicht von den Entwicklern des urspr\u00fcnglichen Plugins, sondern von Drittanbietern \u2013 unter Umst\u00e4nden sogar von Raubkopierern.<\/p>\n<\/div><\/div><div class=\"wpb_text_column us_custom_cdf14ffd\"><div class=\"wpb_wrapper\"><h3>Sind Nulled Plugins legal?<\/h3>\n<p class=\"translation-block\">Generell gilt, dass WordPress-Plugins aus einer anderen Quelle als der Website des jeweiligen Herstellers, <strong>nicht immer<\/strong> illegale Downloads sein m\u00fcssen. Es ist nicht sehr wahrscheinlich, dass dir ein <strong>bewaffnetes Sondereinsatzkommando die T\u00fcr eintritt<\/strong>, wenn du ein Nulled Plugin auf deiner Website verwendest. Grund ist die <strong><a href=\"https:\/\/www.techfacts.de\/ratgeber\/was-bedeutet-gnu-gpl\/\" target=\"_blank\" rel=\"noopener\">GPL-Lizenz<\/a><\/strong>, die es erm\u00f6glicht, kostenpflichtige Programme kostenlos zu kopieren und verbreiten. Daher <strong>kann<\/strong> es unter Umst\u00e4nden legal, dass Nulled WordPress-Plugins angeboten werden.<\/p>\n<p class=\"translation-block\">Allerdings kommt es vor, dass viele WordPress Entwickler <strong>nicht alle Bestandteile des Plugins<\/strong> unter die GPL-Lizenz stellen \u2013 z. B.  Grafiken oder \u00dcbersetzungen. Diese d\u00fcrften nur so verwendet werden, wie sie lizenziert wurden. Des Weiteren k\u00f6nnen auch Markenrechte eine Rolle spielen. Sie f\u00fchren dazu, dass Nulled Versionen nicht wie das originale Plugin genannt werden d\u00fcrfen.<\/p>\n<\/div><\/div><\/div><\/div><\/div><div class=\"vc_col-sm-2\/5 wpb_column vc_column_container\"><div class=\"vc_column-inner us_custom_e7f5d98a\"><div class=\"wpb_wrapper\"><div class=\"w-image us_custom_68514ae4 align_none\"><div class=\"w-image-h\"><img decoding=\"async\" src=\"https:\/\/devowl.io\/wp-content\/uploads\/wordpress-plugins\/real-cookie-banner\/real-cookie-banner-nulled-by-professional-cracker.svg\" class=\"attachment-full size-full\" alt=\"Real Cookie Banner nulled by professional cracker\" loading=\"lazy\" \/><\/div><\/div><\/div><\/div><\/div><\/div><\/div><\/section><section class=\"l-section wpb_row us_custom_9305f4ae height_medium\" id=\"download\"><div class=\"l-section-h i-cf\"><div class=\"g-cols vc_row via_flex valign_top type_default stacking_default\"><div class=\"vc_col-sm-12 wpb_column vc_column_container\"><div class=\"vc_column-inner\"><div class=\"wpb_wrapper\"><div class=\"wpb_text_column us_custom_62f46617\"><div class=\"wpb_wrapper\"><h2>\u274c Finger weg von illegalen Plugin-Downloads<\/h2>\n<p>Auch wenn eine Nulled Version nicht zwangsl\u00e4ufig illegal ist, bedeutet das nicht, dass es ohne Bedenken auf deiner WordPress-Website einsetzen kannst. Neben dem Risiko enthaltener Schadsoftware, kann die Nutzung einer gehackten Version von z. B. Real Cookie Banner eine Vielzahl negativer Konsequenzen nach sich ziehen.<\/p>\n<\/div><\/div><div class=\"w-btn-wrapper align_center\"><a class=\"w-btn us-btn-style_1\" target=\"_blank\" rel=\"nofollow\" href=\"https:\/\/devowl.io\/de\/wordpress-real-cookie-banner\/\"><span class=\"w-btn-label\">Jetzt Real Cookie Banner kaufen<\/span><\/a><\/div><\/div><\/div><\/div><\/div><\/div><\/section><section class=\"l-section wpb_row us_custom_2462367e height_medium\"><div class=\"l-section-h i-cf\"><div class=\"g-cols vc_row via_flex valign_top type_default stacking_default\"><div class=\"vc_col-sm-12 wpb_column vc_column_container\"><div class=\"vc_column-inner\"><div class=\"wpb_wrapper\"><div class=\"g-cols wpb_row us_custom_1334aac4 via_flex valign_top type_default stacking_default\"><div class=\"vc_col-sm-6 wpb_column vc_column_container\"><div class=\"vc_column-inner\"><div class=\"wpb_wrapper\"><div class=\"wpb_text_column us_custom_ed99f23d\"><div class=\"wpb_wrapper\"><h3 style=\"text-align: left;\">\ud83d\udd13 Sicherheitsl\u00fccken<\/h3>\n<\/div><\/div><div class=\"wpb_text_column\"><div class=\"wpb_wrapper\"><p class=\"translation-block\">Rechtssicherheit und Real Cookie Banner sind ein unangefochtenes Dream-Team. Daher ist es mehr als widerspr\u00fcchlich, das Cookie Consent Plugin Real Cookie Banner f\u00fcr den Datenschutz deiner Besucher in einer Nulled Version zu verwenden. Entscheidest du dich dennoch f\u00fcr eine Nulled Version von Real Cookie Banner, kann es zu erheblichen Sicherheitsproblemen kommen. Nulled Plugins enthalten h\u00e4ufig <strong>Malware<\/strong> und machen deine Website somit zur Zielscheibe f\u00fcr Hackerangriffe. Neben sch\u00e4dlichem Code besteht au\u00dferdem die M\u00f6glichkeit, dass ohne dein Wissen <strong>Spam-Links<\/strong> und <strong>Umleitungen zu fragw\u00fcrdigen Websites<\/strong> in deine Website eingebettet werden. Was du wahrscheinlich nicht so prickelnd findest\u2026<\/p>\n<\/div><\/div><\/div><\/div><\/div><div class=\"vc_col-sm-6 wpb_column vc_column_container\"><div class=\"vc_column-inner\"><div class=\"wpb_wrapper\"><div class=\"wpb_text_column us_custom_cdf14ffd\"><div class=\"wpb_wrapper\"><h3 style=\"text-align: left;\">\ud83d\udc65 Privatsph\u00e4re-Probleme<\/h3>\n<\/div><\/div><div class=\"wpb_text_column\"><div class=\"wpb_wrapper\"><p class=\"translation-block\">Du m\u00f6chstest Real Cookie Banner verwenden, um die Privatsph\u00e4re deiner Nutzer zu sch\u00fctzen? Aber m\u00f6chtest parallel eine Nulled Version verwenden? Gegens\u00e4tze ziehen sich ja bekanntlich an, in diesem Fall aber keineswegs. Wenn du Wert auf die Wahrung privater Daten legst \u2013 sowohl deiner als auch der deiner Website-Besucher \u2013 solltest du auf Nulled Plugins und Themes verzichten. Folgen von Nulled Versionen k\u00f6nnen <strong>Datendiebstahl<\/strong> (von z. B. Benutzernamen, Bankdaten und Passw\u00f6rtern), <strong>finanzielle Konsequenzen<\/strong> und <strong>Misstrauen dir gegen\u00fcber<\/strong> kommen. Zus\u00e4tzlich kann es sein, dass du solche <strong>Angriffe gegen\u00fcber Beh\u00f6rden melden musst.<\/strong><\/p>\n<\/div><\/div><\/div><\/div><\/div><\/div><div class=\"g-cols wpb_row us_custom_1334aac4 via_flex valign_top type_default stacking_default\"><div class=\"vc_col-sm-6 wpb_column vc_column_container\"><div class=\"vc_column-inner us_custom_d024abec\"><div class=\"wpb_wrapper\"><div class=\"wpb_text_column us_custom_3c0c1cd1\"><div class=\"wpb_wrapper\"><h3 style=\"text-align: left;\">\ud83d\udc4e Null(ed) Support<\/h3>\n<\/div><\/div><div class=\"wpb_text_column\"><div class=\"wpb_wrapper\"><p class=\"translation-block\">Eins ist klar: Verwendest du eine gehackte, kostenlose Version von Real Cookie Banner kannst du nicht erwarten, dass wir dir mit Rat und Tat zur Seite stehen. <strong>Selbstverst\u00e4ndlich helfen wir immer gerne, jedoch nur, wenn du eine g\u00fcltige Real Cookie Banner Lizenz verwendest<\/strong> \ud83d\ude07 Wir legen Wert darauf, unsere Plugins sehr anf\u00e4ngerfreundlich zu gestalten. Jedoch k\u00f6nnen ab und zu individuelle Fragen aufkommen \u2013 und selbst Google kann sich nicht f\u00fcr jedes Problem eine L\u00f6sung aus dem \u00c4rmel sch\u00fctteln. Um dir viel Verzweiflung, Kopfzerbrechen und m\u00fchsame Arbeit zu ersparen, solltest du also keine Nulled Version von Real Cookie Banner nutzen.<\/p>\n<\/div><\/div><\/div><\/div><\/div><div class=\"vc_col-sm-6 wpb_column vc_column_container\"><div class=\"vc_column-inner\"><div class=\"wpb_wrapper\"><div class=\"wpb_text_column us_custom_9a7781a5\"><div class=\"wpb_wrapper\"><h3>\ud83d\udd04 Keine Updates<\/h3>\n<\/div><\/div><div class=\"wpb_text_column\"><div class=\"wpb_wrapper\"><p class=\"translation-block\">Ein weiteres Risiko von nulled Plugins ist das <strong>Fehlen von wichtigen Updates<\/strong>. Du m\u00fcsstest das nulled Plugin jedes Mal manuell l\u00f6schen und dann nach einer neuen Version suchen und sie installieren. Und als ob das nicht schon genug Arbeit w\u00e4re, gibt es auch noch das <strong>Risiko von m\u00f6glichen Hackerangriffen<\/strong>. Selbst wenn du eine kostenlose nulled Version mit den neuesten Updates findest, kann sie auch Schadsoftware enthalten. Au\u00dferdem kann es sein, dass wir <strong>wichtige Sicherheitsupdates<\/strong> ver\u00f6ffentlichen, die du nicht sofort bemerkst. Eine weitere Sicherheitsl\u00fccke.<\/p>\n<\/div><\/div><\/div><\/div><\/div><\/div><div class=\"g-cols wpb_row us_custom_1334aac4 via_flex valign_top type_default stacking_default\"><div class=\"vc_col-sm-6 wpb_column vc_column_container\"><div class=\"vc_column-inner us_custom_d024abec\"><div class=\"wpb_wrapper\"><div class=\"wpb_text_column us_custom_3c0c1cd1\"><div class=\"wpb_wrapper\"><h3 style=\"text-align: left;\">\u2696\ufe0f Rechtliche Probleme<\/h3>\n<\/div><\/div><div class=\"wpb_text_column\"><div class=\"wpb_wrapper\"><p class=\"translation-block\">Aufgrund der GPL-Lizenz ist nicht jedes WordPress Nulled Plugin illegal. Im Falle von Real Cookie Banner haben wir nicht alle Bestandteile des Plugins unter der GPL-Lizenz gestellt. <strong>Achtung: Du l\u00e4dst demnach eine Raubkopie herunter!<\/strong> Folglich k\u00f6nnen <strong>teure Gerichtsverfahren und hohe Anwaltskosten <\/strong>auf dich zukommen. Des Weiteren kann sich eine Ransomware in dem Nulled Plugin verbergen. Diese verschl\u00fcsselt die Daten deiner Website und kann <strong>dich erpressen<\/strong>, um die Daten wieder freizugeben. Du kannst dann nur noch Folgendes unternehmen: Entweder den Hacker bezahlen oder bei der Polizei gestehen, eine Raubkopie verwendet zu haben.<\/p>\n<\/div><\/div><\/div><\/div><\/div><div class=\"vc_col-sm-6 wpb_column vc_column_container\"><div class=\"vc_column-inner\"><div class=\"wpb_wrapper\"><div class=\"wpb_text_column us_custom_9a7781a5\"><div class=\"wpb_wrapper\"><h3>\ud83d\udcca Schlechtes SEO-Ranking<\/h3>\n<\/div><\/div><div class=\"wpb_text_column\"><div class=\"wpb_wrapper\"><p class=\"translation-block\">Nicht nur wir sehen es nicht gern, wenn du eine kostenlose, gecrackte Version von Real Cookie Banner verwendest. Auch Google und andere Suchmaschinen finden dies nicht sonderlich dufte. In Nulled Versionen von Real Cookie Banner k\u00f6nnen sich versteckte Spam-Links und dubiose Weiterleitungen verstecken. So kann die Verwendung schneller als dir lieb ist zu einem <strong>schlechteren Ranking<\/strong>, zur <strong>De-Indexierung<\/strong> und weiteren <strong>SEO-Bestrafungen<\/strong> f\u00fchren, da du <strong>Blackhat-SEO<\/strong>-Methoden aus\u00fcbst. Jetzt stell dir vor, dass du viel Zeit und M\u00fche in die Optimierung deiner Website investiert hast, um eine vordere Position zu ergattern. Das alles w\u00e4re dann f\u00fcr die Katz\u2019\u2026<\/p>\n<\/div><\/div><\/div><\/div><\/div><\/div><div class=\"g-cols wpb_row via_flex valign_top type_default stacking_default\"><div class=\"vc_col-sm-6 wpb_column vc_column_container\"><div class=\"vc_column-inner us_custom_d024abec\"><div class=\"wpb_wrapper\"><div class=\"wpb_text_column us_custom_3c0c1cd1\"><div class=\"wpb_wrapper\"><h3 style=\"text-align: left;\">\ud83d\udda5\ufe0f Schlechte User Experience<\/h3>\n<\/div><\/div><div class=\"wpb_text_column\"><div class=\"wpb_wrapper\"><p class=\"translation-block\">Eine weiteres Manko von Nulled Plugins kann eine Verschlechterung der Nutzererfahrung sein. Ohne dein Wissen k\u00f6nnen Hacker deinen Website-Besuchern Werbung unterschieben. Infolgedessen kann es dazu kommen, dass wichtige Ranking-Faktoren wie <strong>Verweildauer auf deiner Website<\/strong>, <strong>Konversionsrate und die Ladezeit deiner Seiten negativ beeinflusst werden<\/strong>. Verschlechtertes SEO und der R\u00fcckgang von Kaufabschl\u00fcssen k\u00f6nnen m\u00f6gliche Konsequenzen sein.<\/p>\n<\/div><\/div><\/div><\/div><\/div><div class=\"vc_col-sm-6 wpb_column vc_column_container\"><div class=\"vc_column-inner\"><div class=\"wpb_wrapper\"><div class=\"wpb_text_column us_custom_9a7781a5\"><div class=\"wpb_wrapper\"><h3>\ud83d\udc94 Keine Wertsch\u00e4tzung der Entwickler<\/h3>\n<\/div><\/div><div class=\"wpb_text_column\"><div class=\"wpb_wrapper\"><p class=\"translation-block\"><strong>Jedes unserer Produkte entwickeln wir mit sehr viel Herzblut, Zeit, Passion und Flei\u00dfarbeit.<\/strong> Wir sind stets motiviert, dich mit unseren Produkten gl\u00fccklich zu machen und dir deine Arbeit bestm\u00f6glich zu erleichtern. Daher entwickeln wir unsere WordPress Plugins und weiteren Produkte fortlaufend weiter. Wenn du uns also dabei unterst\u00fctzen m\u00f6chtest, dich zu unterst\u00fctzen, solltest du also von dem Gebrauch illegaler Real Cookie Banner Downloads absehen.<\/p>\n<\/div><\/div><\/div><\/div><\/div><\/div><\/div><\/div><\/div><\/div><\/div><\/section><section class=\"l-section wpb_row us_custom_b18f3106 height_medium\"><div class=\"l-section-h i-cf\"><div class=\"g-cols vc_row via_flex valign_top type_default reversed stacking_default\"><div class=\"vc_col-sm-8 wpb_column vc_column_container\"><div class=\"vc_column-inner\"><div class=\"wpb_wrapper\"><div class=\"wpb_text_column\"><div class=\"wpb_wrapper\"><h2>Vorteile einer legalen Lizenz<\/h2>\n<p>Du hast die Qual der Wahl: M\u00f6chtest du sorglos eine legale Lizenz erwerben oder entscheidest du dich dazu, eine risikobehaftete Nulled Version zu nutzen? Kleiner Denkansto\u00df: Deine legale Lizenz von Real Cookie Banner bringt dir zahlreiche, schmackhafte Vorteile!<\/p>\n<\/div><\/div><div class=\"w-text us_custom_064d3121 headline-check icon_atleft\"><span class=\"w-text-h\"><i class=\"fas fa-check-circle\"><\/i><span class=\"w-text-value\">Kein sch\u00e4dlicher Code oder Datendiebstahl<\/span><\/span><\/div><div class=\"w-text us_custom_064d3121 headline-check icon_atleft\"><span class=\"w-text-h\"><i class=\"fas fa-check-circle\"><\/i><span class=\"w-text-value\">Automatische Updates<\/span><\/span><\/div><div class=\"w-text us_custom_064d3121 headline-check icon_atleft\"><span class=\"w-text-h\"><i class=\"fas fa-check-circle\"><\/i><span class=\"w-text-value\">Professioneller Support mit \u2764\ufe0f<\/span><\/span><\/div><div class=\"w-text us_custom_064d3121 headline-check icon_atleft\"><span class=\"w-text-h\"><i class=\"fas fa-check-circle\"><\/i><span class=\"w-text-value\">Keine rechtlichen Konsequenzen<\/span><\/span><\/div><div class=\"w-text us_custom_064d3121 headline-check icon_atleft\"><span class=\"w-text-h\"><i class=\"fas fa-check-circle\"><\/i><span class=\"w-text-value\">Keine negativen Auswirkungen auf dein SEO-Ranking<\/span><\/span><\/div><div class=\"wpb_text_column us_custom_523ee055\"><div class=\"wpb_wrapper\"><h2>Jetzt kostenlos testen<\/h2>\n<p class=\"translation-block\">Du m\u00f6chtest Real Cookie Banner f\u00fcr WordPress vor dem Kauf ausprobieren? <strong>Nimm eine kostenlose Sandbox und spiele herum!<\/strong> Eine Sandbox ist eine WordPress Installation mit dem vorinstallierten Plugin nur f\u00fcr dich. Du kannst in dieser Installation alles machen, was du willst.<\/p>\n<\/div><\/div><div class=\"w-btn-wrapper align_none\"><a class=\"w-btn us-btn-style_1\" target=\"_blank\" rel=\"nofollow\" href=\"https:\/\/try.devowl.io\/de\/?product=RCB\"><span class=\"w-btn-label\">Sandbox erstellen<\/span><\/a><\/div><\/div><\/div><\/div><div class=\"vc_col-sm-4 wpb_column vc_column_container\"><div class=\"vc_column-inner us_custom_7d395599\"><div class=\"wpb_wrapper\"><h2 class=\"w-itext us_custom_70facfb4 pricing-headline type_typingChars align_center\" style=\"--itext-dynamic-color:var(--color-alt-content-heading);--itext-transition-duration:0.2s;--itext-timing-function:cubic-bezier(.86,0,.07,1);\" onclick='return {&quot;duration&quot;:200,&quot;delay&quot;:7000}' data-no-translation=\"\"><span class=\"w-itext-part\"><span class=\"w-itext-state state-0 is-active\">Spare eine Menge Zeit<\/span><span class=\"w-itext-state state-1\">Hole dir den Deal<\/span><span class=\"w-itext-state state-2\">Nur einen Klick entfernt<\/span><span class=\"w-itext-state state-3\">Lebenslange Lizenz<\/span><span class=\"w-itext-state state-4\">Du hast die Wahl<\/span><\/span><i class=\"w-itext-cursor\"><\/i><\/h2><div class=\"w-pricing us_custom_f5cde576 dvwl-pricing-table style_simple items_1\"><div class=\"w-pricing-item type_featured\"><div class=\"w-pricing-item-h\"><div class=\"w-pricing-item-header\"><div class=\"w-pricing-item-title\">Startet ab<\/div><div class=\"w-pricing-item-price\">59 \u20ac<small>pro Jahr<\/small><\/div><\/div><ul class=\"w-pricing-item-features\"><li class=\"w-pricing-item-feature\">1 Website<\/li><li class=\"w-pricing-item-feature\">Alle Features<\/li><li class=\"w-pricing-item-feature\">Inklusive Updates<\/li><li class=\"w-pricing-item-feature\">Premium-Support<\/li><\/ul><div class=\"w-pricing-item-footer\"><a class=\"w-btn us-btn-style_1\" target=\"_blank\" rel=\"nofollow\" href=\"https:\/\/devowl.io\/de\/wordpress-real-cookie-banner\/#pricing\"><span class=\"w-btn-label\">Real Cookie Banner kaufen<\/span><\/a><\/div><\/div><\/div><\/div><\/div><\/div><\/div><\/div><\/div><\/section><section class=\"l-section wpb_row us_custom_e176e142 height_medium\"><div class=\"l-section-h i-cf\"><div class=\"g-cols vc_row via_flex valign_top type_default stacking_default\"><div class=\"vc_col-sm-6 wpb_column vc_column_container\"><div class=\"vc_column-inner\"><div class=\"wpb_wrapper\"><div class=\"wpb_text_column\"><div class=\"wpb_wrapper\"><h2>Wie kann ich herausfinden, ob ich eine Nulled Version von Real Cookie Banner verwende?<\/h2>\n<p class=\"translation-block\">Wenn du Real Cookie Banner in einer kostenlosen, illegalen Version verwendest und zu einer g\u00fcltigen Lizenz wechseln m\u00f6chtest, dann wende dich am besten direkt an <a href=\"https:\/\/devowl.io\/de\/support\/\" target=\"_blank\" rel=\"noopener\">uns<\/a>. Wir sind dir gerne bei der Einrichtung deines rechtskonformen Cookie Banners behilflich!<\/p>\n<p class=\"translation-block\">Solltest du nicht sicher sein, ob du eine Nulled Version von Real Cookie Banner verwendest, kannst du dir folgende Frage stellen: <strong>Woher habe ich das WordPress Plugin?<\/strong> Eine legale Lizenz kannst du nur auf devowl.io erwerben. Trifft dies nicht zu, hast du dir eine gecrackte Version des Plugins in deine Website integriert.<\/p>\n<p class=\"translation-block\">Security Plugins wie <a href=\"https:\/\/wordpress.org\/plugins\/wordfence\/\" target=\"_blank\" rel=\"noopener\">WordFence<\/a> k\u00f6nnen dir dabei helfen, deine Website scannen, um Sicherheitsl\u00fccken aufzusp\u00fcren. Diese k\u00f6nnten z. B. Maleware, Ransomware usw. in der Nulled Version ausfindig machen.<\/p>\n<\/div><\/div><\/div><\/div><\/div><div class=\"vc_col-sm-6 wpb_column vc_column_container\"><div class=\"vc_column-inner\"><div class=\"wpb_wrapper\"><div class=\"wpb_text_column\"><div class=\"wpb_wrapper\"><h2>Jetzt eine Real Cookie Banner PRO Lizenz kaufen!<\/h2>\n<p>Qualit\u00e4t hat ihren Preis \u2013 und in diesen Fall allemal. Dennoch versuchen wir, dir maximale Qualit\u00e4t zu einem erschwinglichen Preis bereitzustellen. Unser WordPress Cookie Consent Plugin Real Cookie Banner hilft dir dabei, Einwilligungen auf deiner Website in Einklang mit der DSGVO und ePrivacy-Richtlinie einzuholen. Mit wenigen Klicks kannst du dein Cookie Banner kinderleicht zusammenbauen und gestalten.<\/p>\n<p class=\"translation-block\">Und falls du noch skeptisch sein solltest, ob unser Plugin wirklich das h\u00e4lt, was es verspricht, kannst du Real Cookie Banner in einer <strong><a href=\"https:\/\/de.wordpress.org\/plugins\/real-cookie-banner\/\" target=\"_blank\" rel=\"noopener\">kostenlosen Basis-Version herunterladen<\/a><\/strong>. Diese Version deckt bereits eine Vielzahl an wichtigen Funktionen. Als Kirsche auf dem Sahneh\u00e4ubchen kannst du das die PRO-Version schon vor dem Kauf kostenlos in einer Sandbox testen, um dich unverbindlich von dem WordPress Cookie Plugin zu \u00fcberzeugen.<\/p>\n<\/div><\/div><div class=\"w-btn-wrapper align_left\"><a class=\"w-btn us-btn-style_1\" target=\"_blank\" rel=\"nofollow\" href=\"https:\/\/devowl.io\/de\/wordpress-real-cookie-banner\/\"><span class=\"w-btn-label\">Real Cookie Banner kaufen<\/span><\/a><\/div><\/div><\/div><\/div><\/div><\/div><\/section>","protected":false},"excerpt":{"rendered":"Download Nulled Version For FREE Obtain GDPR and ePrivacy Directive compliant consents. Find services, cookies etc. and fill all legal information in your cookie banner. More than just a cookie notice! Cookie plugin designed specifically for WordPress websites to simplify setup. Download Real Cookie BannerTry in SandboxWant an easy to set up cookie banner, but...","protected":false},"author":1,"featured_media":0,"parent":61,"menu_order":0,"comment_status":"closed","ping_status":"closed","template":"","meta":{"_acf_changed":false,"_seopress_robots_primary_cat":"","_seopress_titles_title":"Real Cookie Banner PRO Nulled: WordPress Plugin Free Download","_seopress_titles_desc":"Download Real Cookie Banner and easily obtain consents in compliance with the GDPR and ePrivacy-Directive. Learn more!","_seopress_robots_index":"","inline_featured_image":false,"restrictTranslations":["en_US","de_DE"],"footnotes":""},"class_list":["post-230665","page","type-page","status-publish","hentry"],"acf":[],"_links":{"self":[{"href":"https:\/\/devowl.io\/de\/wp-json\/wp\/v2\/pages\/230665","targetHints":{"allow":["GET"]}}],"collection":[{"href":"https:\/\/devowl.io\/de\/wp-json\/wp\/v2\/pages"}],"about":[{"href":"https:\/\/devowl.io\/de\/wp-json\/wp\/v2\/types\/page"}],"author":[{"embeddable":true,"href":"https:\/\/devowl.io\/de\/wp-json\/wp\/v2\/users\/1"}],"replies":[{"embeddable":true,"href":"https:\/\/devowl.io\/de\/wp-json\/wp\/v2\/comments?post=230665"}],"version-history":[{"count":48,"href":"https:\/\/devowl.io\/de\/wp-json\/wp\/v2\/pages\/230665\/revisions"}],"predecessor-version":[{"id":240137,"href":"https:\/\/devowl.io\/de\/wp-json\/wp\/v2\/pages\/230665\/revisions\/240137"}],"up":[{"embeddable":true,"href":"https:\/\/devowl.io\/de\/wp-json\/wp\/v2\/pages\/61"}],"wp:attachment":[{"href":"https:\/\/devowl.io\/de\/wp-json\/wp\/v2\/media?parent=230665"}],"curies":[{"name":"wp","href":"https:\/\/api.w.org\/{rel}","templated":true}]}}