{"id":242112,"date":"2025-06-23T09:49:37","date_gmt":"2025-06-23T07:49:37","guid":{"rendered":"https:\/\/devowl.io\/?page_id=242112"},"modified":"2026-01-08T13:12:39","modified_gmt":"2026-01-08T11:12:39","slug":"complianz-discount-code","status":"publish","type":"page","link":"https:\/\/devowl.io\/de\/complianz-coupon\/","title":{"rendered":"Complianz Discount Code"},"content":{"rendered":"<section class=\"l-section wpb_row us_custom_862f6b08 height_medium\"><div class=\"l-section-h i-cf\"><div class=\"g-cols vc_row via_flex valign_bottom type_default stacking_default\"><div class=\"vc_col-sm-8 wpb_column vc_column_container\"><div class=\"vc_column-inner\"><div class=\"wpb_wrapper\"><div class=\"w-hwrapper us_custom_f2eec366 valign_middle align_none\"><div class=\"wpb_text_column us_custom_3fc0d592\"><div class=\"wpb_wrapper\"><h1 class=\"translation-block\"><span class=\"colorized-headline brand\">Complianz<\/span> Coupon<\/h1>\n<\/div><\/div><\/div><div class=\"wpb_text_column us_custom_3fc0d592\"><div class=\"wpb_wrapper\"><p>Finde die besten Rabatte und Gutscheincodes f\u00fcr Complianz. Complianz ist ein beliebtes Cookie-Plugin f\u00fcr WordPress.<\/p>\n<\/div><\/div><div class=\"w-hwrapper us_custom_68646ee7 valign_top stack_on_mobiles align_left\"><div class=\"w-btn-wrapper align_left\"><a class=\"w-btn us-btn-style_1 us_custom_14373e58\" target=\"_blank\" href=\"#coupon-list\"><span class=\"w-btn-label\">Coupons anzeigen<\/span><\/a><\/div><div class=\"w-btn-wrapper align_left\"><a class=\"w-btn us-btn-style_6 us_custom_14373e58\" target=\"_blank\" href=\"https:\/\/devowl.io\/de\/wordpress-real-cookie-banner\/\"><span class=\"w-btn-label\">Real Cookie Banner als Alternative<\/span><\/a><\/div><\/div><div class=\"wpb_text_column us_custom_14211822\"><div class=\"wpb_wrapper\"><p>Stand der Informationen: 15. Juli 2025<\/p>\n<\/div><\/div><\/div><\/div><\/div><div class=\"vc_col-sm-4 vc_hidden-xs wpb_column vc_column_container\"><div class=\"vc_column-inner us_custom_6c74f44b\"><div class=\"wpb_wrapper\"><div class=\"w-image us_custom_e6799cf8 align_right\"><div class=\"w-image-h\"><img decoding=\"async\" width=\"890\" height=\"890\" src=\"https:\/\/devowl.io\/wp-content\/uploads\/blog\/coupon-badge-rcb.png\" class=\"attachment-large size-large\" alt=\"Cookie-Symbol mit Prozentzeichen\" loading=\"lazy\" srcset=\"https:\/\/devowl.io\/wp-content\/uploads\/blog\/coupon-badge-rcb.png 890w, https:\/\/devowl.io\/wp-content\/uploads\/blog\/coupon-badge-rcb-326x326.png 326w, https:\/\/devowl.io\/wp-content\/uploads\/blog\/coupon-badge-rcb-150x150.png 150w, https:\/\/devowl.io\/wp-content\/uploads\/blog\/coupon-badge-rcb-12x12.png 12w, https:\/\/devowl.io\/wp-content\/uploads\/blog\/coupon-badge-rcb-652x652.png 652w\" sizes=\"auto, (max-width: 890px) 100vw, 890px\" \/><\/div><\/div><\/div><\/div><\/div><\/div><\/div><\/section><section class=\"l-section wpb_row height_medium width_custom\" style=\"--site-content-width:780px;\"><div class=\"l-section-h i-cf\"><div class=\"g-cols vc_row via_flex valign_top type_default stacking_default\"><div class=\"vc_col-sm-12 wpb_column vc_column_container\"><div class=\"vc_column-inner\"><div class=\"wpb_wrapper\"><div class=\"wpb_text_column\"><div class=\"wpb_wrapper\"><h2>Was ist Complianz?<\/h2>\n<p>Complianz sorgt daf\u00fcr, dass deine Website die weltweiten Datenschutzbestimmungen einh\u00e4lt. Es hat praktische Funktionen wie Cookie-Einwilligungsmanagement, regionale Bannereinstellungen und automatische Erstellung von rechtlichen Dokumenten.<\/p>\n<p class=\"translation-block\"><span>Die volle Power von Complianz kannst du aber erst mit einer kostenpflichtigen Lizenz nutzen. <\/span><span>Kein Wunder also, dass viele Website-Betreiber \u2013 auch du \ud83d\ude09 \u2013 nach einem Discount-Code f\u00fcr Complianz suchen, um bei der Premium-Version zu sparen.<\/span><\/p>\n<p class=\"translation-block\"><span>Wenn deine Website haupts\u00e4chlich f\u00fcr Nutzer in der EU oder im EWR gedacht ist, solltest du dir einmal <a href=\"https:\/\/devowl.io\/de\/wordpress-real-cookie-banner\/\" target=\"_blank\" rel=\"noopener\">Real Cookie Banner<\/a> ansehen! Es gibt eine leistungsstarke Free-Version, die auf die europ\u00e4ischen Datenschutzgesetze ausgerichtet ist und eine tolle Alternative darstellt, wenn du die Vorschriften einhalten m\u00f6chtest, ohne im Voraus Geld auszugeben.<\/span><\/p>\n<\/div><\/div><\/div><\/div><\/div><\/div><\/div><\/section><section class=\"l-section wpb_row us_custom_c70c97eb height_medium width_custom\" style=\"--site-content-width:780px;\" id=\"coupon-list\"><div class=\"l-section-h i-cf\"><div class=\"g-cols vc_row via_flex valign_top type_default stacking_default\"><div class=\"vc_col-sm-12 wpb_column vc_column_container\"><div class=\"vc_column-inner\"><div class=\"wpb_wrapper\"><div class=\"wpb_text_column\"><div class=\"wpb_wrapper\"><h2>Complianz Coupon Liste<\/h2>\n<p data-start=\"206\" data-end=\"410\" class=\"translation-block\">Offizielle Coupon-Codes sind zwar schwer zu finden, aber wir haben f\u00fcr dich recherchiert und die aktuellsten Rabatte zusammengestellt. Wenn du noch auf der Suche nach dem richtigen Tool bist, solltest du wissen, dass <a href=\"#rcb\" target=\"_self\">Real Cookie Banner<\/a> als alternatives WordPress-Cookie-Plugin eine kostenlose Version mit vielen leistungsstarken Funktionen anbietet.<\/p>\n<p data-start=\"619\" data-end=\"740\" class=\"translation-block\">Hier findest du eine <strong>Liste der aktuellen Promo-Codes f\u00fcr Complianz<\/strong>, die wir f\u00fcr dich gesammelt haben. Such dir einfach deinen Favoriten aus und leg los!<\/p>\n<\/div><\/div><div class=\"w-tabs style_default switch_click accordion remove_indents\" style=\"--sections-title-size:inherit\" id=\"coupon-accordion\"><div class=\"w-tabs-sections titles-align_none icon_chevron cpos_right\"><div class=\"w-tabs-section\" id=\"g8c1\"><button class=\"w-tabs-section-header\" aria-controls=\"content-g8c1\" aria-expanded=\"false\"><h3 class=\"w-tabs-section-title\">Complianz COUPON CODE von techjury.net<\/h3><div class=\"w-tabs-section-control\"><\/div><\/button><div  class=\"w-tabs-section-content\" id=\"content-g8c1\"><div class=\"w-tabs-section-content-h i-cf\"><div class=\"wpb_text_column\"><div class=\"wpb_wrapper\"><p><strong>Code:<\/strong> CMPLZGOOGLE<br \/>\n<strong>Rabatt:<\/strong> 20 %<\/p>\n<\/div><\/div><div class=\"w-btn-wrapper align_none\"><a class=\"w-btn us-btn-style_1 us_custom_4f24afa8\" target=\"_blank\" rel=\"nofollow\" href=\"https:\/\/devowl.io\/de\/ref\/complianz\/\"><span class=\"w-btn-label\">Coupon einl\u00f6sen<\/span><\/a><\/div><\/div><\/div><\/div><div class=\"w-tabs-section\" id=\"x98b\"><button class=\"w-tabs-section-header\" aria-controls=\"content-x98b\" aria-expanded=\"false\"><h3 class=\"w-tabs-section-title\">Real Cookie Banner COUPON CODE<\/h3><div class=\"w-tabs-section-control\"><\/div><\/button><div  class=\"w-tabs-section-content\" id=\"content-x98b\"><div class=\"w-tabs-section-content-h i-cf\"><div class=\"wpb_text_column\"><div class=\"wpb_wrapper\"><p><strong>Code:<\/strong> 7A2909D4<br \/>\n<strong>Rabatt:<\/strong> 25 %<\/p>\n<\/div><\/div><div class=\"w-btn-wrapper align_none\"><a class=\"w-btn us-btn-style_1 us_custom_4f24afa8\" target=\"_blank\" href=\"https:\/\/devowl.io\/de\/wordpress-real-cookie-banner\/#pricing\"><span class=\"w-btn-label\">Coupon einl\u00f6sen<\/span><\/a><\/div><\/div><\/div><\/div><\/div><\/div><\/div><\/div><\/div><\/div><\/div><\/section><section class=\"l-section wpb_row height_medium width_custom\" style=\"--site-content-width:780px;\" id=\"rcb\"><div class=\"l-section-h i-cf\"><div class=\"g-cols vc_row via_flex valign_top type_default stacking_default\"><div class=\"vc_col-sm-12 wpb_column vc_column_container\"><div class=\"vc_column-inner\"><div class=\"wpb_wrapper\"><div class=\"g-cols wpb_row via_flex valign_top type_default stacking_default\"><div class=\"vc_col-sm-12 wpb_column vc_column_container\"><div class=\"vc_column-inner\"><div class=\"wpb_wrapper\"><div class=\"wpb_text_column\"><div class=\"wpb_wrapper\"><h2>Real Cookie Banner als kostenlose Alternative zu Complianz<\/h2>\n<p>Complianz hat eine kostenlose Version, die aber eingeschr\u00e4nkt ist. Funktionen wie der Generator f\u00fcr eine Datenschutzerkl\u00e4rung und das Impressum, sowie die Speicherung von Einwilligungserkl\u00e4rungen und das Formular f\u00fcr Auskunftsersuchen von betroffenen Personen sind nur in der Premium-Version verf\u00fcgbar.<\/p>\n<p class=\"translation-block\"><span>Wenn deine Website haupts\u00e4chlich f\u00fcr Nutzer in der EU oder im EWR gedacht ist, solltest du dir einmal <a href=\"https:\/\/devowl.io\/de\/wordpress-real-cookie-banner\/\" target=\"_blank\" rel=\"noopener\">Real Cookie Banner<\/a> ansehen! Es gibt eine leistungsstarke Free-Version, die auf die europ\u00e4ischen Datenschutzgesetze ausgerichtet ist und eine tolle Alternative darstellt, wenn du die Vorschriften einhalten m\u00f6chtest, ohne im Voraus Geld auszugeben.<\/span><\/p>\n<p><img decoding=\"async\" class=\"on-mobile-no-show alignright wp-image-238739\" src=\"https:\/\/devowl.io\/wp-content\/uploads\/logo\/main-menu\/real-cookie-banner.svg\" alt=\"Real Cookie Banner\" width=\"180\" height=\"167\" \/><\/p>\n<p class=\"translation-block\"><a href=\"https:\/\/devowl.io\/de\/wordpress-real-cookie-banner\/\" target=\"_self\">Real Cookie Banner<\/a> bietet schon in der kostenlosen Version eine Funktion zum Speichern der Einwilligungen. Damit kannst du die Einwilligungen automatisch aufzeichnen und speichern, was dir dabei helfen kann, <strong>die Anforderungen der DSGVO zu erf\u00fcllen<\/strong>.<\/p>\n<p>Wenn du nach einer L\u00f6sung suchst, die wichtige rechtliche Anforderungen wie die Dokumentation der Einwilligung abdeckt, ohne dass ein kostenpflichtiges Upgrade n\u00f6tig ist, k\u00f6nnte Real Cookie Banner genau das Richtige f\u00fcr dich sein. Und wenn du sp\u00e4ter noch mehr Funktionen brauchst, gibt's die g\u00fcnstigste Lizenz von Real Cookie Banner PRO zu einem \u00e4hnlichen Preis.<\/p>\n<\/div><\/div><\/div><\/div><\/div><\/div><div class=\"g-cols wpb_row us_custom_055fd1b8 btn-left-mobile via_flex valign_middle type_default stacking_default\"><div class=\"vc_col-sm-8 wpb_column vc_column_container\"><div class=\"vc_column-inner us_custom_5bfcdb83\"><div class=\"wpb_wrapper\"><div class=\"wpb_text_column us_custom_1b84a947 has_text_color\"><div class=\"wpb_wrapper\"><p>Real Cookie Banner PRO hat dich \u00fcberzeugt?<br \/>\n<strong>Spar 25 % im ersten Jahr mit dem Discount-Code \u201c7A2909D4\u201d<\/strong><\/p>\n<\/div><\/div><\/div><\/div><\/div><div class=\"vc_col-sm-4 wpb_column vc_column_container\"><div class=\"vc_column-inner\"><div class=\"wpb_wrapper\"><div class=\"w-btn-wrapper default_align_right laptops_align_right tablets_align_right mobiles_align_center\"><a class=\"w-btn us-btn-style_3 us_custom_2a8e1974\" target=\"_blank\" rel=\"nofollow\" href=\"\/de\/wordpress-real-cookie-banner\/\"><span class=\"w-btn-label\">Coupon einl\u00f6sen<\/span><\/a><\/div><\/div><\/div><\/div><\/div><div class=\"g-cols wpb_row via_flex valign_top type_default stacking_default\"><div class=\"vc_col-sm-12 wpb_column vc_column_container\"><div class=\"vc_column-inner\"><div class=\"wpb_wrapper\"><div class=\"wpb_text_column us_custom_6d149020\"><div class=\"wpb_wrapper\"><h3>Features der kostenlosen Version von Real Cookie Banner<\/h3>\n<p>Real Cookie Banner bietet dir schon in der kostenlosen Version:<\/p>\n<ul>\n<li class=\"translation-block\"><strong>Einwilligungsmanagement<\/strong> (gem\u00e4\u00df DSGVO, ePrivacy-Richtlinie und TDDDG)<\/li>\n<li class=\"translation-block\"><strong>Vorlagen<\/strong> f\u00fcr Services (Cookies) und Content Blocker<\/li>\n<li class=\"translation-block\"><strong>Content Blocker<\/strong> (Inhalte werden erst nach Zustimmung angezeigt)<\/li>\n<li class=\"translation-block\"><strong>Anpassen des Designs<\/strong> (Designvorlagen und 200+ Designoptionen)<\/li>\n<li class=\"translation-block\"><strong>Anf\u00e4ngerfreundlich<\/strong> (Gef\u00fchrte Einrichtung und Erkl\u00e4rungstexte)<\/li>\n<li><strong>Dokumentation von Einwilligungen<\/strong><\/li>\n<li class=\"translation-block\"><strong> Support<\/strong>  mit \u2764\ufe0f aus Deutschland<\/li>\n<\/ul>\n<\/div><\/div><\/div><\/div><\/div><\/div><div class=\"g-cols wpb_row via_flex valign_top type_default stacking_default\"><div class=\"vc_col-sm-12 wpb_column vc_column_container\"><div class=\"vc_column-inner\"><div class=\"wpb_wrapper\"><div class=\"w-hwrapper us_custom_cdf14ffd valign_top stack_on_mobiles align_none\"><div class=\"w-btn-wrapper align_left\"><a class=\"w-btn us-btn-style_1 us_custom_14373e58\" onclick=\"track_visit_free_wp_plugin(&quot;Real Cookie Banner&quot;, &quot;https:\/\/wordpress.org\/plugins\/real-cookie-banner\/&quot;)\" href=\"#\"><span class=\"w-btn-label\">Kostenlose Version entdecken<\/span><\/a><\/div><div class=\"w-btn-wrapper align_left\"><a class=\"w-btn us-btn-style_1 us_custom_14373e58\" target=\"_blank\" rel=\"nofollow\" href=\"https:\/\/devowl.io\/de\/wordpress-real-cookie-banner\/complianz-alternative\/\"><span class=\"w-btn-label\">Vergleich mit Complianz ansehen<\/span><\/a><\/div><\/div><\/div><\/div><\/div><\/div><\/div><\/div><\/div><\/div><\/div><\/section><section class=\"l-section wpb_row us_custom_c70c97eb height_medium width_custom\" style=\"--site-content-width:780px;\"><div class=\"l-section-h i-cf\"><div class=\"g-cols vc_row via_flex valign_top type_default stacking_default\"><div class=\"vc_col-sm-12 wpb_column vc_column_container\"><div class=\"vc_column-inner\"><div class=\"wpb_wrapper\"><div class=\"wpb_text_column\"><div class=\"wpb_wrapper\"><h2>\u00a0\u2049\ufe0f H\u00e4ufig gestellte Fragen<\/h2>\n<\/div><\/div><div class=\"w-tabs style_default switch_click accordion type_togglable has_scrolling\" style=\"--sections-title-size:inherit\"><div class=\"w-tabs-sections titles-align_none icon_chevron cpos_right\"><div class=\"w-tabs-section\" id=\"i9d6\"><button class=\"w-tabs-section-header\" aria-controls=\"content-i9d6\" aria-expanded=\"false\"><div class=\"w-tabs-section-title\">Bietet Complianz eine Geld-zur\u00fcck-Garantie bei Promo-Preisen?<\/div><div class=\"w-tabs-section-control\"><\/div><\/button><div  class=\"w-tabs-section-content\" id=\"content-i9d6\"><div class=\"w-tabs-section-content-h i-cf\"><div class=\"wpb_text_column\"><div class=\"wpb_wrapper\"><p><span>Ja, Complianz bietet dir eine 30-t\u00e4gige Geld-zur\u00fcck-Garantie auf alle K\u00e4ufe \u2013 auch wenn du einen Rabattcode benutzt. Das hei\u00dft, du kannst eine Lizenz ganz ohne Risiko testen und innerhalb von 30 Tagen eine vollst\u00e4ndige R\u00fcckerstattung beantragen, wenn sie nicht zu dir passt.<\/span><\/p>\n<\/div><\/div><\/div><\/div><\/div><div class=\"w-tabs-section\" id=\"ea5a\"><button class=\"w-tabs-section-header\" aria-controls=\"content-ea5a\" aria-expanded=\"false\"><div class=\"w-tabs-section-title\">Kann ich mehrere Discountcodes von Complianz zusammen nutzen, um mehr zu sparen?<\/div><div class=\"w-tabs-section-control\"><\/div><\/button><div  class=\"w-tabs-section-content\" id=\"content-ea5a\"><div class=\"w-tabs-section-content-h i-cf\"><div class=\"wpb_text_column\"><div class=\"wpb_wrapper\"><p><span>Complianz akzeptiert normalerweise nur einen Rabattcode pro Bestellung, da die meisten Angebote nur f\u00fcr eine Person gelten und nicht kombinierbar sind. Um das beste Angebot zu bekommen, w\u00e4hl einfach den Code mit dem h\u00f6chsten Rabatt aus.<\/span><\/p>\n<\/div><\/div><\/div><\/div><\/div><\/div><\/div><\/div><\/div><\/div><\/div><\/div><\/section>","protected":false},"excerpt":{"rendered":"Complianz Discount Codes Find the best discounts and coupon codes for Complianz. Complianz is a popular cookie plugin for WordPress. Show discount codesGet Real Cookie Banner as alternativeInformation in this article as of 15. Jul. 2025 What is Complianz? Complianz is designed to make your website legally compliant with global privacy regulations. It offers powerful...","protected":false},"author":1,"featured_media":0,"parent":0,"menu_order":0,"comment_status":"closed","ping_status":"closed","template":"","meta":{"_acf_changed":false,"_seopress_robots_primary_cat":"","_seopress_titles_title":"Complianz Discount Code: Get your discount! [2026]","_seopress_titles_desc":"Are you looking for a discount code on your Complianz licence? No problem! We show you the latest Complianz coupons.","_seopress_robots_index":"","inline_featured_image":false,"restrictTranslations":["en_US","de_DE"],"footnotes":""},"class_list":["post-242112","page","type-page","status-publish","hentry"],"acf":[],"_links":{"self":[{"href":"https:\/\/devowl.io\/de\/wp-json\/wp\/v2\/pages\/242112","targetHints":{"allow":["GET"]}}],"collection":[{"href":"https:\/\/devowl.io\/de\/wp-json\/wp\/v2\/pages"}],"about":[{"href":"https:\/\/devowl.io\/de\/wp-json\/wp\/v2\/types\/page"}],"author":[{"embeddable":true,"href":"https:\/\/devowl.io\/de\/wp-json\/wp\/v2\/users\/1"}],"replies":[{"embeddable":true,"href":"https:\/\/devowl.io\/de\/wp-json\/wp\/v2\/comments?post=242112"}],"version-history":[{"count":118,"href":"https:\/\/devowl.io\/de\/wp-json\/wp\/v2\/pages\/242112\/revisions"}],"predecessor-version":[{"id":242920,"href":"https:\/\/devowl.io\/de\/wp-json\/wp\/v2\/pages\/242112\/revisions\/242920"}],"wp:attachment":[{"href":"https:\/\/devowl.io\/de\/wp-json\/wp\/v2\/media?parent=242112"}],"curies":[{"name":"wp","href":"https:\/\/api.w.org\/{rel}","templated":true}]}}