{"id":444,"date":"2021-01-15T12:24:40","date_gmt":"2021-01-15T10:24:40","guid":{"rendered":"https:\/\/devowl.io\/?page_id=444"},"modified":"2026-03-17T18:50:35","modified_gmt":"2026-03-17T16:50:35","slug":"wordpress-product-license-agreement","status":"publish","type":"page","link":"https:\/\/devowl.io\/de\/wordpress-produkt-lizenzvertrag\/","title":{"rendered":"WordPress Produkt Lizenzvertrag"},"content":{"rendered":"<section class=\"l-section wpb_row us_custom_0d54facf height_medium color_primary with_img parallax_ver\"><div class=\"l-section-img\" role=\"img\" aria-label=\"Bild\" data-img-width=\"1920\" data-img-height=\"800\" style=\"background-image: url(https:\/\/devowl.io\/wp-content\/uploads\/background\/bg-overlay-01.png);background-position: top center;background-repeat: no-repeat;\"><\/div><div class=\"l-section-h i-cf\"><div class=\"g-cols vc_row via_flex valign_top type_default stacking_default\"><div class=\"vc_col-sm-12 wpb_column vc_column_container\"><div class=\"vc_column-inner\"><div class=\"wpb_wrapper\"><div class=\"wpb_text_column us_custom_c3605269 text-shadow has_text_color\"><div class=\"wpb_wrapper\"><h1>WordPress Produkt Lizenzvertrag<\/h1>\n<\/div><\/div><div class=\"wpb_text_column us_custom_d36921ab has_text_color\"><div class=\"wpb_wrapper\"><p><span class=\"highlight\">Gro\u00dfartige Software mit GPL Lizenz<\/span><\/p>\n<\/div><\/div><\/div><\/div><\/div><\/div><\/div><\/section><section class=\"l-section wpb_row height_medium\"><div class=\"l-section-h i-cf\"><div class=\"g-cols vc_row via_flex valign_top type_default stacking_default\"><div class=\"vc_col-sm-6 wpb_column vc_column_container\"><div class=\"vc_column-inner\"><div class=\"wpb_wrapper\"><div class=\"wpb_text_column us_custom_713e4786 has_text_color\"><div class=\"wpb_wrapper\"><p><span class=\"highlight\">Englische Version (English version)<\/span><\/p>\n<\/div><\/div><div class=\"w-iconbox us_custom_8551abba iconpos_left style_outlined color_primary align_left no_title\"><div class=\"w-iconbox-icon\" style=\"font-size:18px;\"><i class=\"fas fa-info\"><\/i><\/div><div class=\"w-iconbox-meta\"><div class=\"w-iconbox-text\"><p>Please note that the following text is a translation of the German version to the best of our knowledge. In case of doubt, the German version always has legal precedence due to the domicile of devowl.io GmbH.<\/p>\n<\/div><\/div><\/div><div class=\"wpb_text_column\"><div class=\"wpb_wrapper\"><h2>Inhaltsverzeichnis<\/h2>\n<ol>\n<li>Scope<\/li>\n<li>Subject of the contract<\/li>\n<li>Granting of rights of use<\/li>\n<\/ol>\n<h2>1. Scope<\/h2>\n<p><strong>1.1<\/strong> This license agreement (hereinafter &#8220;Agreement&#8221;) is a legally binding agreement between a consumer or a company (hereinafter &#8220;Licensee&#8221;) and devowl.io GmbH (hereinafter &#8220;Licensor&#8221;). By installing, copying or using any portion of the purchased product (hereinafter &#8220;Software&#8221;) licensed under this agreement, you agree to be bound by the terms of this agreement. Unless otherwise agreed, the inclusion of the licensee&#8217;s own terms and conditions is hereby rejected.<\/p>\n<p><b>1.2<\/b>\u2009Consumer within the meaning of this agreement is any natural person who concludes a legal transaction for purposes that can predominantly be attributed neither to his commercial nor his independent professional activity.<\/p>\n<p><b>1.3<\/b>\u2009An company within the meaning of this agreement is a natural or legal person or a partnership with legal capacity, which acts in the exercise of its commercial or independent professional activity when concluding a legal transaction.<\/p>\n<h2>2. Subject of the contract<\/h2>\n<p><strong>2.1<\/strong>\u2009Subject of the contract is the transfer of the software offered by the licensor to the licensee in electronic form under the granting of certain rights of use which are regulated more precisely in this license agreement.<\/p>\n<p><strong>2.2<\/strong> This Agreement grants Licensee a non-exclusive, transferable license to use the software in its WordPress website or, in the case of software for making its own products, to design and develop its own software (hereinafter &#8220;WordPress Plugin&#8221;). The duration of the license is determined by the term of the overall agreement.<\/p>\n<p><strong>2.3<\/strong> Parts of the entire software which are not under this agreement may be under other licenses (e.g. the GPL license). By accepting this license agreement, the licensee accepts the different licensing of the parts of the software and knows that the software can only fulfil its function if all other license agreements are also accepted.<\/p>\n<h2>3. Granting of rights of use<\/h2>\n<p><strong>3.1<\/strong> The licensee receives a license for the purpose of using a WordPress plugin at one WordPress website or, in the case of software for making own products, for the development of a WordPress plugin. A WordPress website describes a website as a standalone WordPress installation or a website within a WordPress Multisite installation, but not multiple websites under one domain or subdomain. The License must purchase a separate license for each additional use of the software or, in the case of software for making its own products, for each additional WordPress plugin.<\/p>\n<p><strong>3.2<\/strong> The licensee receives the right to use and modify the source code of the software. The licensee is the owner of all original works written by the licensee; the licensor retains all copyrights and other intellectual property rights to the software.<\/p>\n<p><strong>3.3<\/strong> The licensee is not permitted to move, remove, edit or obscure copyright, trademark, attribution, warning or disclaimer notices in the software.<\/p>\n<p><strong>3.4<\/strong> The regulations explained in 3.3 also apply to parts of the software which are provided under a license other than this agreement.<\/p>\n<p><strong>3.5<\/strong> In the event that the software is used to create own products, the licensee may only use the software to create applications that differ substantially from the software (e.g. a fully functional WordPress plugin, but e.g. no own boilerplate for creating WordPress plugins). Users of your WordPress plugins may use the software or your modifications of the software for development purposes.<\/p>\n<p><em>Last change: 17.03.2026<\/em><\/p>\n<\/div><\/div><\/div><\/div><\/div><div class=\"vc_col-sm-6 wpb_column vc_column_container\"><div class=\"vc_column-inner\"><div class=\"wpb_wrapper\"><div class=\"wpb_text_column us_custom_713e4786 has_text_color\"><div class=\"wpb_wrapper\"><p><span class=\"highlight\">Deutsche Version (German version)<\/span><\/p>\n<\/div><\/div><div class=\"wpb_text_column\"><div class=\"wpb_wrapper\"><h2>Inhaltsverzeichnis<\/h2>\n<ol>\n<li>Geltungsbereich<\/li>\n<li>Vertragsgegenstand<\/li>\n<li>Einr\u00e4umung von Nutzungsrechten<\/li>\n<\/ol>\n<h2>1. Geltungsbereich<\/h2>\n<p><strong>1.1<\/strong> Diese Lizenzvereinbarung (nachfolgend &#8220;Vereinbarung&#8221;) ist eine rechtsverbindliche Vereinbarung zwischen einem Verbraucher oder einem Unternehmer (nachfolgend &#8220;Lizenznehmer&#8221;) und der devowl.io GmbH (nachfolgend &#8220;Lizenzgeber&#8221;). Durch die Installation, das Kopieren oder die Verwendung von der unter dieser Vereinbarung lizenzierten Teilen von dem erworbenen Produkt (nachfolgend &#8220;Software&#8221;) erkl\u00e4ren Sie sich mit den Bedingungen dieser Vereinbarung einverstanden. Hiermit wird der Einbeziehung von eigenen Bedingungen des Lizenznehmers widersprochen, es sei denn, es ist etwas anderes vereinbart.<\/p>\n<p><strong>1.2<\/strong>\u2009Verbraucher im Sinne dieser Vereinbarung ist jede nat\u00fcrliche Person, die ein Rechtsgesch\u00e4ft zu Zwecken abschlie\u00dft, die \u00fcberwiegend weder ihrer gewerblichen noch ihrer selbst\u00e4ndigen beruflichen T\u00e4tigkeit zugerechnet werden k\u00f6nnen.<\/p>\n<p><strong>1.3<\/strong>\u2009Unternehmer im Sinne dieser Vereinbarung ist eine nat\u00fcrliche oder juristische Person oder eine rechtsf\u00e4hige Personengesellschaft, die bei Abschluss eines Rechtsgesch\u00e4fts in Aus\u00fcbung ihrer gewerblichen oder selbst\u00e4ndigen beruflichen T\u00e4tigkeit handelt.<\/p>\n<h2>2. Vertragsgegenstand<\/h2>\n<p><strong>2.1<\/strong>\u2009Vertragsgegenstand ist die \u00dcberlassung der vom Lizenzgeber angebotenen Software an den Lizenznehmer in elektronischer Form unter Einr\u00e4umung bestimmter, in diesem Lizenzvertrag genauer geregelten, Nutzungsrechte.<\/p>\n<p><strong>2.2<\/strong> Diese Vereinbarung gew\u00e4hrt dem Lizenznehmer eine nicht exklusive, \u00fcbertragbare Lizenz zur Nutzung der Software in seiner WordPress Website oder im Falle dessen, dass es sich um eine Software zur Anfertigung von eigenen Produkten handelt, die Gestaltung und Entwicklung von eigener Software (nachfolgend &#8220;WordPress-Plugin&#8221;). Die Dauer der Lizenz bestimmt sich durch die Vertragslaufzeit des Gesamtvertrags.<\/p>\n<p><strong>2.3<\/strong> Teile der gesamten Software, welche nicht unter dieser Vereinbarung stehen, k\u00f6nnen unter anderen Lizenzen stehen (z. B. der GPL-Lizenz). Mit der Annahme dieses Lizenzvertrags nimmt der Lizenznehmer die verschiedene Lizenzierung der Teil der Software wahr und wei\u00df, dass die Software seine Funktion nur erf\u00fcllen kann, wenn alle anderen Lizenzvertr\u00e4gen ebenso zugestimmt wird.<\/p>\n<h2>3. Einr\u00e4umung von Nutzungsrechten<\/h2>\n<p><strong>3.1<\/strong> Der Lizenznehmer erh\u00e4lt eine Lizenz zum Zweck der Nutzung eines WordPress-Plugins auf einer WordPress Website oder im Falle dessen, dass es sich um eine Software zur Anfertigung von eigenen Produkten handelt, Entwicklung von einem WordPress-Plugin. Eine WordPress-Website beschreibt eine Website als eigenst\u00e4ndige WordPress Installation oder eine Website innerhalb einer WordPress Multisite Installation, nicht aber mehrere Websites unter einer Domain oder Subdomain. Der Lizenznehmer muss f\u00fcr jede weitere Nutzung oder im Falle dessen, dass es sich um eine Software zur Anfertigung von eigenen Produkten handelt, zur Erstellung jedes weiteren WordPress-Plugins eine weitere separate Lizenz der Software erwerben.<\/p>\n<p><strong>3.2<\/strong> Der Lizenznehmer erh\u00e4lt das Recht, den Quellcode der Software zu verwenden und zu \u00e4ndern. Der Lizenznehmer ist der Eigent\u00fcmer aller Originalarbeiten, die von dem Lizenznehmer verfasst werden; der Lizenzgeber beh\u00e4lt weiterhin alle Urheberrechte und andere geistige Eigentumsrechte an der Software.<\/p>\n<p><strong>3.3<\/strong> Es ist dem Lizenznehmer nicht gestattet, Urheberrechts-, Marken-, Zuordnungs-, Warn- oder Haftungsausschlusshinweise in der Software zu verschieben, zu entfernen, zu bearbeiten oder zu verdecken.<\/p>\n<p><strong>3.4<\/strong> Die in 3.3 erl\u00e4uterte Vorschriften finden auch auf Teile der Software Anwendung, welche unter einer anderen Lizenz als dieser Vereinbarung bereitgestellt werden.<\/p>\n<p><strong>3.5<\/strong> Im Falle dessen, dass es sich um eine Software zur Anfertigung von eigenen Produkten handelt, darf der Lizenznehmer die Software nur zur Erstellung von Anwendungen verwenden, die sich wesentlich von der Software unterscheiden (z. B. ein vollst\u00e4ndig funktionsf\u00e4higen WordPress-Plugin, jedoch z.B. kein eigenes Boilerplate zur Erstellung von WordPress-Plugins). Benutzer Ihrer WordPress-Plugins d\u00fcrfen die Software oder Ihre Modifikationen der Software f\u00fcr Entwicklungszwecke verwenden.<\/p>\n<p><em>Letzte \u00c4nderung: 17.03.2026<\/em><\/p>\n<\/div><\/div><\/div><\/div><\/div><\/div><\/div><\/section>","protected":false},"excerpt":{"rendered":"WordPress Product License Agreement great software with GPL license English version Please note that the following text is a translation of the German version to the best of our knowledge. In case of doubt, the German version always has legal precedence due to the domicile of devowl.io GmbH. Table of contents Scope Subject of the...","protected":false},"author":1,"featured_media":0,"parent":0,"menu_order":14,"comment_status":"closed","ping_status":"closed","template":"","meta":{"_acf_changed":false,"_seopress_robots_primary_cat":"","_seopress_titles_title":"","_seopress_titles_desc":"","_seopress_robots_index":"yes","inline_featured_image":false,"restrictTranslations":["en_US","de_DE"],"footnotes":""},"class_list":["post-444","page","type-page","status-publish","hentry"],"acf":[],"_links":{"self":[{"href":"https:\/\/devowl.io\/de\/wp-json\/wp\/v2\/pages\/444","targetHints":{"allow":["GET"]}}],"collection":[{"href":"https:\/\/devowl.io\/de\/wp-json\/wp\/v2\/pages"}],"about":[{"href":"https:\/\/devowl.io\/de\/wp-json\/wp\/v2\/types\/page"}],"author":[{"embeddable":true,"href":"https:\/\/devowl.io\/de\/wp-json\/wp\/v2\/users\/1"}],"replies":[{"embeddable":true,"href":"https:\/\/devowl.io\/de\/wp-json\/wp\/v2\/comments?post=444"}],"version-history":[{"count":10,"href":"https:\/\/devowl.io\/de\/wp-json\/wp\/v2\/pages\/444\/revisions"}],"predecessor-version":[{"id":244778,"href":"https:\/\/devowl.io\/de\/wp-json\/wp\/v2\/pages\/444\/revisions\/244778"}],"wp:attachment":[{"href":"https:\/\/devowl.io\/de\/wp-json\/wp\/v2\/media?parent=444"}],"curies":[{"name":"wp","href":"https:\/\/api.w.org\/{rel}","templated":true}]}}