{"id":71,"date":"2020-12-27T22:38:54","date_gmt":"2020-12-27T21:38:54","guid":{"rendered":"https:\/\/devowl.io\/?page_id=71"},"modified":"2024-02-02T11:36:48","modified_gmt":"2024-02-02T09:36:48","slug":"switch-offer","status":"publish","type":"page","link":"https:\/\/devowl.io\/de\/wordpress-real-cookie-banner\/wechsel-angebot\/","title":{"rendered":"Real Cookie Banner: Switch Offer"},"content":{"rendered":"<section class=\"l-section wpb_row us_custom_0d54facf height_medium color_primary with_img parallax_ver\"><div class=\"l-section-img\" role=\"img\" aria-label=\"bg overlay rcb 1\" data-img-width=\"1920\" data-img-height=\"800\" style=\"background-image: url(https:\/\/devowl.io\/wp-content\/uploads\/background\/bg-overlay-rcb-1.png);background-position: top center;background-repeat: no-repeat;\"><\/div><div class=\"l-section-h i-cf\"><div class=\"g-cols vc_row via_flex valign_top type_default stacking_default\"><div class=\"vc_col-sm-12 wpb_column vc_column_container\"><div class=\"vc_column-inner\"><div class=\"wpb_wrapper\"><div class=\"wpb_text_column us_custom_c3605269 text-shadow has_text_color\"><div class=\"wpb_wrapper\"><h1>Wechsle zu Real Cookie Banner f\u00fcr nur 1 \u20ac!<\/h1>\n<\/div><\/div><div class=\"wpb_text_column us_custom_d36921ab has_text_color\"><div class=\"wpb_wrapper\"><p><span class=\"highlight\">schnapp dir diesen Rabatt und wechsle ganz einfach<\/span><\/p>\n<\/div><\/div><div class=\"wpb_text_column us_custom_aac87ac4 text-shadow has_text_color\"><div class=\"wpb_wrapper\"><p class=\"translation-block\"><strong>Du verwendest bereits ein Cookie Banner f\u00fcr WordPress, \u00fcberlegst aber, zu Real Cookie Banner zu wechseln?<\/strong> Wir wollen dir den Umstieg so leicht wie m\u00f6glich machen! Deshalb zahlst du f\u00fcr das erste Jahr nur 1 \u20ac.<\/p>\n<p><img decoding=\"async\" class=\"show-arrow\" src=\"https:\/\/devowl.io\/wp-content\/uploads\/common\/arrow.svg\" alt=\"\" \/><\/p>\n<\/div><\/div><\/div><\/div><\/div><\/div><\/div><\/section><section class=\"l-section wpb_row height_medium\"><div class=\"l-section-h i-cf\"><div class=\"g-cols vc_row via_flex valign_top type_default stacking_default\" style=\"--additional-gap:1.5rem;\"><div class=\"vc_col-sm-6 wpb_column vc_column_container has_bg_color\"><div class=\"vc_column-inner us_custom_6ed84c03\"><div class=\"wpb_wrapper\"><div class=\"wpb_text_column\"><div class=\"wpb_wrapper\"><h2>Aktionsbedingungen<\/h2>\n<p>Wechsle f\u00fcr nur 1 \u20ac zu Real Cookie Banner, wenn du bereits ein Cookie Banner Plugin verwendest. Um dieses Angebot zu nutzen, musst du sicherstellen, dass dein:<\/p>\n<ul>\n<li>aktuelles Cookie Banner mit WordPress kompatibel ist<\/li>\n<li>der bestehende Plugin-Vertrag\/Update noch laufend sind<\/li>\n<li>bestehendes Cookie Banner kostet j\u00e4hrlich 29 \u20ac oder mehr<\/li>\n<\/ul>\n<p>Dar\u00fcber hinaus gelten die folgenden Bedingungen:<\/p>\n<ul>\n<li>Das Angebot gilt einmal pro Person.<\/li>\n<li>Beide Cookie Banner Vertr\u00e4ge m\u00fcssen auf denselben Namen laufen.<\/li>\n<li>Du erh\u00e4ltst einen Gutschein f\u00fcr eine \u00e4hnliche Anzahl an Websites wie dein bisheriges Cookie Banner bietet, jedoch f\u00fcr maximal 25 Websites (Beispiel: 3 Websites Lizenz f\u00fcr den vorherigen Cookie-Banner, dann bekommst du Real Cookie Banner f\u00fcr 3 Websites), um das Abonnement f\u00fcr 1 \u20ac im ersten Jahr zu kaufen. Danach gilt der Standardpreis des Tarifs.<\/li>\n<\/ul>\n<\/div><\/div><\/div><\/div><\/div><div class=\"vc_col-sm-6 wpb_column vc_column_container has_bg_color\"><div class=\"vc_column-inner us_custom_6ed84c03\"><div class=\"wpb_wrapper\"><div class=\"wpb_text_column\"><div class=\"wpb_wrapper\"><h2>Hole dir deinen Gutschein<\/h2>\n<p class=\"translation-block\">F\u00fclle das Formular aus, um deine bestehende Cookie Banner Nutzung gem\u00e4\u00df den Aktionsbedingungen nachzuweisen. Lade deine letzte Cookie Banner Rechnung hoch und <strong>erhalte deinen Gutschein per E-Mail!<\/strong><\/p>\n<\/div><\/div><div class=\"wpb_text_column real-commerce-antd-white-control\"><div class=\"wpb_wrapper\"><div class=\"real-commerce-competitor-invoice\" style=\"max-width:1024px;\" data-product=\"1\"><\/div>\n<\/div><\/div><\/div><\/div><\/div><\/div><\/div><\/section>","protected":false},"excerpt":{"rendered":"Switch to Real Cookie Banner for just \u20ac1! snap up this discount and switch with ease You already use a cookie banner for WordPress, but are considering switching to Real Cookie Banner? We&#8217;re all about making the switch a breeze for you! Therefore, you pay only \u20ac1 for the first year. Promotion Terms Switch to...","protected":false},"author":1,"featured_media":228214,"parent":61,"menu_order":30,"comment_status":"closed","ping_status":"closed","template":"","meta":{"_acf_changed":false,"_seopress_robots_primary_cat":"","_seopress_titles_title":"","_seopress_titles_desc":"","_seopress_robots_index":"yes","inline_featured_image":false,"restrictTranslations":["en_US","de_DE"],"footnotes":""},"class_list":["post-71","page","type-page","status-publish","has-post-thumbnail","hentry"],"acf":[],"_links":{"self":[{"href":"https:\/\/devowl.io\/de\/wp-json\/wp\/v2\/pages\/71","targetHints":{"allow":["GET"]}}],"collection":[{"href":"https:\/\/devowl.io\/de\/wp-json\/wp\/v2\/pages"}],"about":[{"href":"https:\/\/devowl.io\/de\/wp-json\/wp\/v2\/types\/page"}],"author":[{"embeddable":true,"href":"https:\/\/devowl.io\/de\/wp-json\/wp\/v2\/users\/1"}],"replies":[{"embeddable":true,"href":"https:\/\/devowl.io\/de\/wp-json\/wp\/v2\/comments?post=71"}],"version-history":[{"count":7,"href":"https:\/\/devowl.io\/de\/wp-json\/wp\/v2\/pages\/71\/revisions"}],"predecessor-version":[{"id":238726,"href":"https:\/\/devowl.io\/de\/wp-json\/wp\/v2\/pages\/71\/revisions\/238726"}],"up":[{"embeddable":true,"href":"https:\/\/devowl.io\/de\/wp-json\/wp\/v2\/pages\/61"}],"wp:featuredmedia":[{"embeddable":true,"href":"https:\/\/devowl.io\/de\/wp-json\/wp\/v2\/media\/228214"}],"wp:attachment":[{"href":"https:\/\/devowl.io\/de\/wp-json\/wp\/v2\/media?parent=71"}],"curies":[{"name":"wp","href":"https:\/\/api.w.org\/{rel}","templated":true}]}}