{"id":74,"date":"2020-12-27T22:39:16","date_gmt":"2020-12-27T21:39:16","guid":{"rendered":"https:\/\/devowl.io\/?page_id=74"},"modified":"2026-01-12T17:57:22","modified_gmt":"2026-01-12T15:57:22","slug":"about","status":"publish","type":"page","link":"https:\/\/devowl.io\/de\/ueber-uns\/","title":{"rendered":"\u00dcber uns"},"content":{"rendered":"<section class=\"l-section wpb_row us_custom_0d54facf height_medium color_primary with_img parallax_ver\"><div class=\"l-section-img\" role=\"img\" aria-label=\"Bild\" data-img-width=\"1920\" data-img-height=\"800\" style=\"background-image: url(https:\/\/devowl.io\/wp-content\/uploads\/background\/bg-overlay-01.png);background-position: top center;background-repeat: no-repeat;\"><\/div><div class=\"l-section-h i-cf\"><div class=\"g-cols vc_row via_flex valign_top type_default stacking_default\"><div class=\"vc_col-sm-12 wpb_column vc_column_container\"><div class=\"vc_column-inner\"><div class=\"wpb_wrapper\"><div class=\"wpb_text_column us_custom_c3605269 text-shadow has_text_color\"><div class=\"wpb_wrapper\"><h1>devowl.io GmbH<\/h1>\n<\/div><\/div><div class=\"wpb_text_column us_custom_d36921ab has_text_color\"><div class=\"wpb_wrapper\"><p><span class=\"highlight\">Entwickler mit Blick in alle Richtungen<\/span><\/p>\n<\/div><\/div><div class=\"wpb_text_column us_custom_5bcd5e77 text-shadow has_text_color\"><div class=\"wpb_wrapper\"><p class=\"translation-block\">Wir sind seit 2015 ein Web-Entwicklungsunternehmen (ehemals MatthiasWeb) mit Sitz in Deutschland. <strong>Mit Schwerpunkt auf hochwertige WordPress-Plugins,<\/strong> React Frontends und Node.js Backends setzen wir auf typisierte Programmiersprachen, automatisierte Software-Testmethoden und Design Thinking Prinzipien, um die Software zu entwickeln, die du verwenden m\u00f6chtest.<\/p>\n<div id=\"promptbox_extension_root\"><\/div>\n<\/div><\/div><\/div><\/div><\/div><\/div><\/div><\/section><section class=\"l-section wpb_row us_custom_1a348ac3 height_medium\"><div class=\"l-section-h i-cf\"><div class=\"g-cols vc_row via_flex valign_top type_default stacking_default\"><div class=\"vc_col-sm-12 wpb_column vc_column_container\"><div class=\"vc_column-inner\"><div class=\"wpb_wrapper\"><div class=\"wpb_text_column us_custom_eb849559\"><div class=\"wpb_wrapper\"><h2>Das Produkt<\/h2>\n<p>Es ist zweitrangig, welche Technologie verwendet wird. Vielmehr es ist wichtig, wie sich die L\u00f6sungen auf die Menschen auswirken.<\/p>\n<\/div><\/div><div class=\"g-cols wpb_row us_custom_72fc42ef via_flex valign_top type_default stacking_default\"><div class=\"vc_col-sm-4 wpb_column vc_column_container\"><div class=\"vc_column-inner us_custom_77952317\"><div class=\"wpb_wrapper\"><div class=\"ult-just-icon-wrapper   vc_custom_1613474753103\"><div class=\"align-icon\" style=\"text-align:center;\">\n<div class=\"aio-icon circle\"  style=\"color:#535b7c;font-size:32px;display:inline-block;\">\n\t<i class=\"devowl-icons-icon_toolbox_alt\"><\/i>\n<\/div><\/div><\/div><div class=\"wpb_text_column us_custom_eb849559\"><div class=\"wpb_wrapper\"><h3>Beratung &amp; Auftragsarbeiten<\/h3>\n<p class=\"translation-block\">Unternehmen wachsen in der Art und Weise, wie sie Probleme betrachten. Wer den Blick von au\u00dfen hat und \u00fcber Expertenwissen verf\u00fcgt, kann Unternehmen neue Perspektiven er\u00f6ffnen und Probleme besser l\u00f6sen. Wir wollen unsere F\u00e4higkeiten mit deinem Unternehmen teilen, um gro\u00dfartige Ideen zu skizzieren, verst\u00e4ndliche L\u00f6sungen zu entwickeln und fantastische Produkte zu betreiben. Zur Zeit sind wir <strong><span style=\"text-decoration: underline\">nicht verf\u00fcgbar<\/span> f\u00fcr Auftragsarbeiten<\/strong> abseits von unserem <a href=\"https:\/\/devowl.io\/de\/wordpress-real-cookie-banner\/cookie-experts\/\" target=\"_blank\" rel=\"noopener\">Cookie Experts Service<\/a> f\u00fcr Real Cookie Banner.<\/p>\n<\/div><\/div><\/div><\/div><\/div><div class=\"vc_col-sm-4 wpb_column vc_column_container has_bg_color\"><div class=\"vc_column-inner us_custom_f6417be2\"><div class=\"wpb_wrapper\"><div class=\"ult-just-icon-wrapper   vc_custom_1613474758840\"><div class=\"align-icon\" style=\"text-align:center;\">\n<div class=\"aio-icon circle\"  style=\"color:#535b7c;font-size:32px;display:inline-block;\">\n\t<i class=\"devowl-icons-icon_puzzle\"><\/i>\n<\/div><\/div><\/div><div class=\"wpb_text_column us_custom_eb849559\"><div class=\"wpb_wrapper\"><h3>WordPress-Plugins<\/h3>\n<p>Es sagten uns alle: WordPress-Plugins sind ein Horror. Unsere Antwort lautet immer: Lasst uns diese Gelegenheit nutzen, um das System, das jede dritte Website im Internet betreibt, zu verbessern. Unser Ziel ist es, n\u00fctzliche WordPress-Plugins mit einem hohen Qualit\u00e4tsstandard zu erstellen, die sich wie native eingebaute WordPress-Features anf\u00fchlen. Wir m\u00f6chten, dass du unsere Plugins wirklich liebst und Plugins mit blinkenden Bannern, poppigen Farben und nervigen Popups noch heute wegwirfst.<\/p>\n<\/div><\/div><\/div><\/div><\/div><div class=\"vc_col-sm-4 wpb_column vc_column_container\"><div class=\"vc_column-inner us_custom_3b1ca551\"><div class=\"wpb_wrapper\"><div class=\"ult-just-icon-wrapper   vc_custom_1613474763183\"><div class=\"align-icon\" style=\"text-align:center;\">\n<div class=\"aio-icon circle\"  style=\"color:#535b7c;font-size:32px;display:inline-block;\">\n\t<i class=\"devowl-icons-icon_heart_alt\"><\/i>\n<\/div><\/div><\/div><div class=\"wpb_text_column us_custom_eb849559\"><div class=\"wpb_wrapper\"><h3>Open-Source Projekte<\/h3>\n<p>Bei der Softwareentwicklung geht es um die gemeinsame Nutzung von Wissen und L\u00f6sungen. Im Laufe der Zeit haben wir viel gelernt und Wissen genutzt, von Leuten, die wir vorher nicht kannten. Jetzt wollen wir der Gemeinschaft etwas zur\u00fcckgeben. Deshalb ver\u00f6ffentlichen wir L\u00f6sungen, die in unseren Produkten verwendet werden, als Open-Source-Projekte und wollen sie gemeinsam mit dir verbessern. Wir sind der festen \u00dcberzeugung, dass gemeinsam der bessere Weg ist als gegeneinander, und davon wollen wir dich mit unseren L\u00f6sungen \u00fcberzeugen. Lass uns gemeinsam L\u00f6sungen schaffen!<\/p>\n<\/div><\/div><\/div><\/div><\/div><\/div><\/div><\/div><\/div><\/div><\/div><\/section><section class=\"l-section wpb_row us_custom_5c245ab7 height_medium\" id=\"people\"><div class=\"l-section-h i-cf\"><div class=\"g-cols vc_row via_flex valign_top type_default stacking_default\"><div class=\"vc_col-sm-12 wpb_column vc_column_container\"><div class=\"vc_column-inner\"><div class=\"wpb_wrapper\"><div class=\"wpb_text_column us_custom_eb849559\"><div class=\"wpb_wrapper\"><h2>Die Menschen<\/h2>\n<p>Gemeinsam sind wir st\u00e4rker, besser und schneller in der Lage, gro\u00dfartige L\u00f6sungen f\u00fcr reale Probleme zu entwickeln.<\/p>\n<\/div><\/div><div class=\"g-cols wpb_row us_custom_b08249a5 via_flex valign_top type_default stacking_default\"><div class=\"vc_col-sm-8 wpb_column vc_column_container\"><div class=\"vc_column-inner\"><div class=\"wpb_wrapper\"><div class=\"wpb_text_column\"><div class=\"wpb_wrapper\"><h2>Matthias G\u00fcnter<\/h2>\n<p><span class=\"highlight no-box-shadow\">Ein fr\u00fcher Vogel<\/span><\/p>\n<p>Mein Tag beginnt in den fr\u00fchen Morgenstunden. Wenn andere Menschen noch schlafen, versuche ich, Probleme zu vereinfachen und entz\u00fcckende L\u00f6sungen zu finden. Obwohl ich ein Vollblut-Entwickler bin, beginnt und endet jedes Problem au\u00dferhalb der Software-Entwicklung. Deshalb ist es f\u00fcr mich wichtig, die Bed\u00fcrfnisse der Menschen zu verstehen und die L\u00f6sungen dann in Infrastruktur, Code und Design umzusetzen. Ich halte den Finger am Puls der Zeit, um die am besten geeigneten L\u00f6sungen zu entwickeln.<\/p>\n<\/div><\/div><\/div><\/div><\/div><div class=\"vc_col-sm-4 wpb_column vc_column_container\"><div class=\"vc_column-inner\"><div class=\"wpb_wrapper\"><div class=\"w-image us_custom_7f9965a8 align_none\"><div class=\"w-image-h\"><img decoding=\"async\" width=\"890\" height=\"890\" src=\"https:\/\/devowl.io\/wp-content\/uploads\/about\/matthias-gunter-1-890x890.jpg\" class=\"attachment-large size-large\" alt=\"Matthias Gu\u0308nter\" loading=\"lazy\" srcset=\"https:\/\/devowl.io\/wp-content\/uploads\/about\/matthias-gunter-1-890x890.jpg 890w, https:\/\/devowl.io\/wp-content\/uploads\/about\/matthias-gunter-1-326x326.jpg 326w, https:\/\/devowl.io\/wp-content\/uploads\/about\/matthias-gunter-1-150x150.jpg 150w, https:\/\/devowl.io\/wp-content\/uploads\/about\/matthias-gunter-1-12x12.jpg 12w, https:\/\/devowl.io\/wp-content\/uploads\/about\/matthias-gunter-1-652x652.jpg 652w, https:\/\/devowl.io\/wp-content\/uploads\/about\/matthias-gunter-1-1780x1780.jpg 1780w, https:\/\/devowl.io\/wp-content\/uploads\/about\/matthias-gunter-1.jpg 2048w\" sizes=\"auto, (max-width: 890px) 100vw, 890px\" \/><\/div><\/div><\/div><\/div><\/div><\/div><div class=\"g-cols wpb_row us_custom_b08249a5 via_flex valign_top type_default reversed stacking_default\"><div class=\"vc_col-sm-4 wpb_column vc_column_container\"><div class=\"vc_column-inner\"><div class=\"wpb_wrapper\"><div class=\"w-image us_custom_7f9965a8 align_none\"><div class=\"w-image-h\"><img decoding=\"async\" width=\"890\" height=\"890\" src=\"https:\/\/devowl.io\/wp-content\/uploads\/about\/jan-karres-2-890x890.jpg\" class=\"attachment-large size-large\" alt=\"Jan Karres, Founder &amp; Managing Director of devowl.io\" loading=\"lazy\" srcset=\"https:\/\/devowl.io\/wp-content\/uploads\/about\/jan-karres-2-890x890.jpg 890w, https:\/\/devowl.io\/wp-content\/uploads\/about\/jan-karres-2-326x326.jpg 326w, https:\/\/devowl.io\/wp-content\/uploads\/about\/jan-karres-2-150x150.jpg 150w, https:\/\/devowl.io\/wp-content\/uploads\/about\/jan-karres-2-12x12.jpg 12w, https:\/\/devowl.io\/wp-content\/uploads\/about\/jan-karres-2-652x652.jpg 652w, https:\/\/devowl.io\/wp-content\/uploads\/about\/jan-karres-2-1780x1780.jpg 1780w, https:\/\/devowl.io\/wp-content\/uploads\/about\/jan-karres-2.jpg 2048w\" sizes=\"auto, (max-width: 890px) 100vw, 890px\" \/><\/div><\/div><\/div><\/div><\/div><div class=\"vc_col-sm-8 wpb_column vc_column_container\"><div class=\"vc_column-inner\"><div class=\"wpb_wrapper\"><div class=\"wpb_text_column\"><div class=\"wpb_wrapper\"><h2>Jan Karres<\/h2>\n<p><span class=\"highlight no-box-shadow\">Eine Nachteule<\/span><\/p>\n<p>Die Tage m\u00fcssen sp\u00e4t anfangen, aber einige Probleme brauchen Ausdauer bis in die sp\u00e4te Nacht, um gel\u00f6st zu werden. Mit einem Hintergrund in Wirtschaftsinformatik sehe ich Softwareentwicklung als ein Werkzeug, mit dem man komplexe Probleme in einfache L\u00f6sungen verwandeln kann. Wirtschaft, Design und Softwareentwicklung m\u00fcssen zusammenkommen, um etwas Sinnvolles zu schaffen. Ich m\u00f6chte auf die Bed\u00fcrfnisse der Menschen h\u00f6ren und sie in Konzepte \u00fcbersetzen, die wir als Entwickler mit unterschiedlichen St\u00e4rken und Schw\u00e4chen umsetzen k\u00f6nnen.<\/p>\n<\/div><\/div><\/div><\/div><\/div><\/div><div class=\"g-cols wpb_row us_custom_b08249a5 via_flex valign_top type_default stacking_default\"><div class=\"vc_col-sm-8 wpb_column vc_column_container\"><div class=\"vc_column-inner\"><div class=\"wpb_wrapper\"><div class=\"wpb_text_column\"><div class=\"wpb_wrapper\"><h2>Mario G\u00fcnter<\/h2>\n<p><span class=\"highlight no-box-shadow\">Eine vielseitige Eule<\/span><\/p>\n<p class=\"p1\">Wow! Hier bin ich nun, unter den Eulen von devowl.io! Meinen Kopf kann ich zwar nicht um 270\u00b0 drehen, dennoch ist mir ein 360\u00b0 Gesamt\u00fcberblick sehr wichtig. Schon als Kind brachte mich meine unbezwingbare Neugier dazu, Dinge zu entdecken und zu hinterfragen. Warum funktioniert etwas so, wie es funktioniert? Kann man das besser machen? Die Faszination f\u00fcr Technologie und der unstillbare Wissensdurst legten das Fundament f\u00fcr meine gr\u00f6\u00dfte Leidenschaft in der Software-Entwicklung: Optimierung und Effizienz. Dabei liebe ich es, Herausforderungen mit Kreativit\u00e4t zu begegnen und L\u00f6sungswege neu zu erfinden.<\/p>\n<\/div><\/div><\/div><\/div><\/div><div class=\"vc_col-sm-4 wpb_column vc_column_container\"><div class=\"vc_column-inner\"><div class=\"wpb_wrapper\"><div class=\"w-image us_custom_7f9965a8 align_none\"><div class=\"w-image-h\"><img decoding=\"async\" width=\"890\" height=\"890\" src=\"https:\/\/devowl.io\/wp-content\/uploads\/about\/mario-gunter-890x890.jpg\" class=\"attachment-large size-large\" alt=\"Mario Gu\u0308nter\" loading=\"lazy\" srcset=\"https:\/\/devowl.io\/wp-content\/uploads\/about\/mario-gunter-890x890.jpg 890w, https:\/\/devowl.io\/wp-content\/uploads\/about\/mario-gunter-326x326.jpg 326w, https:\/\/devowl.io\/wp-content\/uploads\/about\/mario-gunter-150x150.jpg 150w, https:\/\/devowl.io\/wp-content\/uploads\/about\/mario-gunter-12x12.jpg 12w, https:\/\/devowl.io\/wp-content\/uploads\/about\/mario-gunter-652x652.jpg 652w, https:\/\/devowl.io\/wp-content\/uploads\/about\/mario-gunter-1780x1780.jpg 1780w\" sizes=\"auto, (max-width: 890px) 100vw, 890px\" \/><\/div><\/div><\/div><\/div><\/div><\/div><div class=\"g-cols wpb_row us_custom_b08249a5 via_flex valign_top type_default reversed stacking_default\"><div class=\"vc_col-sm-4 wpb_column vc_column_container\"><div class=\"vc_column-inner\"><div class=\"wpb_wrapper\"><div class=\"w-image us_custom_7f9965a8 align_none\"><div class=\"w-image-h\"><img decoding=\"async\" width=\"890\" height=\"890\" src=\"https:\/\/devowl.io\/wp-content\/uploads\/about\/niklas-moselewski-890x890.jpg\" class=\"attachment-large size-large\" alt=\"Niklas Moselewski\" loading=\"lazy\" srcset=\"https:\/\/devowl.io\/wp-content\/uploads\/about\/niklas-moselewski-890x890.jpg 890w, https:\/\/devowl.io\/wp-content\/uploads\/about\/niklas-moselewski-326x326.jpg 326w, https:\/\/devowl.io\/wp-content\/uploads\/about\/niklas-moselewski-150x150.jpg 150w, https:\/\/devowl.io\/wp-content\/uploads\/about\/niklas-moselewski-12x12.jpg 12w, https:\/\/devowl.io\/wp-content\/uploads\/about\/niklas-moselewski-652x652.jpg 652w, https:\/\/devowl.io\/wp-content\/uploads\/about\/niklas-moselewski-1780x1780.jpg 1780w, https:\/\/devowl.io\/wp-content\/uploads\/about\/niklas-moselewski.jpg 2048w\" sizes=\"auto, (max-width: 890px) 100vw, 890px\" \/><\/div><\/div><\/div><\/div><\/div><div class=\"vc_col-sm-8 wpb_column vc_column_container\"><div class=\"vc_column-inner\"><div class=\"wpb_wrapper\"><div class=\"wpb_text_column\"><div class=\"wpb_wrapper\"><h2>Niklas Moselewski<\/h2>\n<p><span class=\"highlight no-box-shadow\">Die Paragrafen-Eule<\/span><\/p>\n<p class=\"p1\">Bist du auch manchmal \u00fcberw\u00e4ltigt von all den vielen M\u00f6glichkeiten und Chancen, die uns digitale Tools bieten? Und dann m\u00fcssen diese Dinge auch noch juristisch gepr\u00fcft werden, um die vielen geltenden Gesetze zu erf\u00fcllen? Mich treiben genau diese Fragen Tag f\u00fcr Tag an, um praktikable und datenschutzrechtliche L\u00f6sungen f\u00fcr all diese neuen digitalen Werkzeuge zu finden. Daf\u00fcr bin ich neben unseren hervorragenden Software-Entwicklern als interner Justiziar Teil von devowl.io. Bei uns arbeiten Technik und Recht eng zusammen, um dich bestm\u00f6glich zu unterst\u00fctzen.<\/p>\n<\/div><\/div><\/div><\/div><\/div><\/div><div class=\"g-cols wpb_row us_custom_b08249a5 via_flex valign_top type_default stacking_default\"><div class=\"vc_col-sm-8 wpb_column vc_column_container\"><div class=\"vc_column-inner\"><div class=\"wpb_wrapper\"><div class=\"wpb_text_column\"><div class=\"wpb_wrapper\"><h2>Lilly Zasada<\/h2>\n<p><span class=\"highlight no-box-shadow\">Die flei\u00dfig-wortgewandte Eule<\/span><\/p>\n<p class=\"p1\">Fr\u00fchst\u00fcck mit Keywords, Mittagspause mit Meta-Descriptions und abends noch ein bisschen Blogartikel-Feinschliff? Klingt nach einem typischen Tag in meinem Werkstudierenden-Dasein bei devowl.io. Ich studiere E-Commerce &amp; Digitales Marketing und unterst\u00fctze unser Team mit allem, was Worte, Struktur und ein gutes Gesp\u00fcr f\u00fcr SEO braucht. Ob Texte schreiben, Inhalte optimieren oder kreative Ideen beisteuern - ich liebe es, mit Sprache zu arbeiten, Dinge auf den Punkt bringen und gleichzeitig daf\u00fcr zu sorgen, dass Google und echte Menschen gleicherma\u00dfen zufrieden nicken. Dabei jongliere ich fr\u00f6hlich mit Studieninhalten, Content-Strategien und Team-To-Dos - und verliere trotzdem selten den \u00dcberblick.<\/p>\n<\/div><\/div><\/div><\/div><\/div><div class=\"vc_col-sm-4 wpb_column vc_column_container\"><div class=\"vc_column-inner\"><div class=\"wpb_wrapper\"><div class=\"w-image us_custom_7f9965a8 align_none\"><div class=\"w-image-h\"><img decoding=\"async\" width=\"890\" height=\"890\" src=\"https:\/\/devowl.io\/wp-content\/uploads\/about\/lilly-zasada-1-890x890.jpg\" class=\"attachment-large size-large\" alt=\"Lilly Zasada\" loading=\"lazy\" srcset=\"https:\/\/devowl.io\/wp-content\/uploads\/about\/lilly-zasada-1-890x890.jpg 890w, https:\/\/devowl.io\/wp-content\/uploads\/about\/lilly-zasada-1-326x326.jpg 326w, https:\/\/devowl.io\/wp-content\/uploads\/about\/lilly-zasada-1-150x150.jpg 150w, https:\/\/devowl.io\/wp-content\/uploads\/about\/lilly-zasada-1-12x12.jpg 12w, https:\/\/devowl.io\/wp-content\/uploads\/about\/lilly-zasada-1-652x652.jpg 652w, https:\/\/devowl.io\/wp-content\/uploads\/about\/lilly-zasada-1-1780x1780.jpg 1780w, https:\/\/devowl.io\/wp-content\/uploads\/about\/lilly-zasada-1.jpg 2048w\" sizes=\"auto, (max-width: 890px) 100vw, 890px\" \/><\/div><\/div><\/div><\/div><\/div><\/div><div class=\"g-cols wpb_row us_custom_b08249a5 via_flex valign_top type_default reversed stacking_default\"><div class=\"vc_col-sm-4 wpb_column vc_column_container\"><div class=\"vc_column-inner\"><div class=\"wpb_wrapper\"><div class=\"w-image align_none\"><div class=\"w-image-h\"><img decoding=\"async\" width=\"890\" height=\"890\" src=\"https:\/\/devowl.io\/wp-content\/uploads\/about\/jan-kruft-890x890.jpg\" class=\"attachment-large size-large\" alt=\"Jan Kruft\" loading=\"lazy\" srcset=\"https:\/\/devowl.io\/wp-content\/uploads\/about\/jan-kruft-890x890.jpg 890w, https:\/\/devowl.io\/wp-content\/uploads\/about\/jan-kruft-326x326.jpg 326w, https:\/\/devowl.io\/wp-content\/uploads\/about\/jan-kruft-150x150.jpg 150w, https:\/\/devowl.io\/wp-content\/uploads\/about\/jan-kruft-12x12.jpg 12w, https:\/\/devowl.io\/wp-content\/uploads\/about\/jan-kruft-652x652.jpg 652w, https:\/\/devowl.io\/wp-content\/uploads\/about\/jan-kruft-1780x1780.jpg 1780w, https:\/\/devowl.io\/wp-content\/uploads\/about\/jan-kruft.jpg 2048w\" sizes=\"auto, (max-width: 890px) 100vw, 890px\" \/><\/div><\/div><\/div><\/div><\/div><div class=\"vc_col-sm-8 wpb_column vc_column_container\"><div class=\"vc_column-inner\"><div class=\"wpb_wrapper\"><div class=\"wpb_text_column\"><div class=\"wpb_wrapper\"><h2>Jan Kruft<\/h2>\n<p><span class=\"highlight no-box-shadow\">Der Architekt der L\u00fcfte<\/span><\/p>\n<p>Wie eine Eule beginne ich dort, wo andere aufh\u00f6ren, und tauche tief in Herausforderungen ein, um L\u00f6sungen zu finden, die \u00fcberraschen und inspirieren. Mit einem scharfen Blick f\u00fcrs Detail und der F\u00e4higkeit, verschiedene Perspektiven zu verbinden, schaffe ich innovative, nahtlose Ergebnisse \u2013 so lautlos und pr\u00e4zise wie der Flug eines Nachtj\u00e4gers.\nIch sch\u00e4tze den kollaborativen Austausch und die Vielfalt im Team, die es uns erm\u00f6glicht, gemeinsam \u00fcber den Tellerrand hinaus zu denken. Wie die Eule, die hinter die Dunkelheit sieht, glaube ich daran, dass es immer einen Weg gibt, wenn man die richtigen Fragen stellt und daran glaubt.  \u201ehu-hu\u201c<\/p>\n<\/div><\/div><\/div><\/div><\/div><\/div><\/div><\/div><\/div><\/div><\/div><\/section><section class=\"l-section wpb_row us_custom_0d54facf height_medium color_primary with_img parallax_ver\"><div class=\"l-section-img\" role=\"img\" aria-label=\"Bild\" data-img-width=\"1920\" data-img-height=\"800\" style=\"background-image: url(https:\/\/devowl.io\/wp-content\/uploads\/background\/bg-overlay-02.png);background-position: top center;background-repeat: no-repeat;\"><\/div><div class=\"l-section-h i-cf\"><div class=\"g-cols vc_row via_flex valign_top type_default stacking_default\"><div class=\"vc_col-sm-12 wpb_column vc_column_container\"><div class=\"vc_column-inner\"><div class=\"wpb_wrapper\"><div class=\"wpb_text_column us_custom_eb849559\"><div class=\"wpb_wrapper\"><h2>Die Geschichte<\/h2>\n<p class=\"translation-block\">Sowohl Matthias als auch Jan waren schon in ihrer Kindheit davon begeistert etwas \u00fcber Softwareentwicklung zu lernen. Als sie etwa 14 Jahre alt waren, lernten sie sich bei einem Online-Videospiel kennen und beschlossen, gemeinsam ein Software-Projekt zu starten. Nach \u00fcber einem Jahr der Entwicklung scheiterten sie an mangelnder Erfahrung. Beide fanden in den folgenden Jahren ihren eigenen Weg in der professionellen Softwareentwicklung. Etwa zehn Jahre sp\u00e4ter trafen sich die beiden wieder und teilten all die verschiedenen Erfahrungen miteinander, um gemeinsam etwas Neues zu beginnen: <strong>devowl.io<\/strong><\/p>\n<\/div><\/div><\/div><\/div><\/div><\/div><\/div><\/section>","protected":false},"excerpt":{"rendered":"devowl.io GmbH developers with a view in all directions We are a web development company since 2015 (formerly MatthiasWeb) based in Germany. Focused on high-quality WordPress plugins, React frontends and Node.js backends, we follow typed programming languages, software testing methods and design thinking principles to develop the software you want to use. The Product It...","protected":false},"author":1,"featured_media":0,"parent":0,"menu_order":0,"comment_status":"closed","ping_status":"closed","template":"","meta":{"_acf_changed":false,"_seopress_robots_primary_cat":"","_seopress_titles_title":"About devowl.io: Developers with a view in all directions","_seopress_titles_desc":"Web development company since 2015 (formerly MatthiasWeb) based in Germany. Focused on high-quality WordPress plugins, React frontends and Node.js backends.","_seopress_robots_index":"","inline_featured_image":false,"restrictTranslations":["en_US","de_DE"],"footnotes":""},"class_list":["post-74","page","type-page","status-publish","hentry"],"acf":[],"_links":{"self":[{"href":"https:\/\/devowl.io\/de\/wp-json\/wp\/v2\/pages\/74","targetHints":{"allow":["GET"]}}],"collection":[{"href":"https:\/\/devowl.io\/de\/wp-json\/wp\/v2\/pages"}],"about":[{"href":"https:\/\/devowl.io\/de\/wp-json\/wp\/v2\/types\/page"}],"author":[{"embeddable":true,"href":"https:\/\/devowl.io\/de\/wp-json\/wp\/v2\/users\/1"}],"replies":[{"embeddable":true,"href":"https:\/\/devowl.io\/de\/wp-json\/wp\/v2\/comments?post=74"}],"version-history":[{"count":31,"href":"https:\/\/devowl.io\/de\/wp-json\/wp\/v2\/pages\/74\/revisions"}],"predecessor-version":[{"id":244349,"href":"https:\/\/devowl.io\/de\/wp-json\/wp\/v2\/pages\/74\/revisions\/244349"}],"wp:attachment":[{"href":"https:\/\/devowl.io\/de\/wp-json\/wp\/v2\/media?parent=74"}],"curies":[{"name":"wp","href":"https:\/\/api.w.org\/{rel}","templated":true}]}}