{"id":77,"date":"2020-12-27T22:39:27","date_gmt":"2020-12-27T21:39:27","guid":{"rendered":"https:\/\/devowl.io\/?page_id=77"},"modified":"2026-03-17T18:50:36","modified_gmt":"2026-03-17T16:50:36","slug":"cancellation-policy","status":"publish","type":"page","link":"https:\/\/devowl.io\/de\/widerrufsbelehrung\/","title":{"rendered":"Widerrufsbelehrung"},"content":{"rendered":"<section class=\"l-section wpb_row us_custom_0d54facf height_medium color_primary with_img parallax_ver\"><div class=\"l-section-img\" role=\"img\" aria-label=\"Bild\" data-img-width=\"1920\" data-img-height=\"800\" style=\"background-image: url(https:\/\/devowl.io\/wp-content\/uploads\/background\/bg-overlay-01.png);background-position: top center;background-repeat: no-repeat;\"><\/div><div class=\"l-section-h i-cf\"><div class=\"g-cols vc_row via_flex valign_top type_default stacking_default\"><div class=\"vc_col-sm-12 wpb_column vc_column_container\"><div class=\"vc_column-inner\"><div class=\"wpb_wrapper\"><div class=\"wpb_text_column us_custom_c3605269 text-shadow has_text_color\"><div class=\"wpb_wrapper\"><h1>Widerrufsbelehrung &amp; Widerrufsformular<\/h1>\n<\/div><\/div><div class=\"wpb_text_column us_custom_d36921ab has_text_color\"><div class=\"wpb_wrapper\"><p><span class=\"highlight\">Wie du eine Bestellung zur\u00fcckgibst<\/span><\/p>\n<\/div><\/div><\/div><\/div><\/div><\/div><\/div><\/section><section class=\"l-section wpb_row height_medium\"><div class=\"l-section-h i-cf\"><div class=\"g-cols vc_row via_flex valign_top type_default stacking_default\"><div class=\"vc_col-sm-6 wpb_column vc_column_container\"><div class=\"vc_column-inner\"><div class=\"wpb_wrapper\"><div class=\"wpb_text_column us_custom_713e4786 has_text_color\"><div class=\"wpb_wrapper\"><p><span class=\"highlight\">Englische Version (English version)<\/span><\/p>\n<\/div><\/div><div class=\"w-iconbox us_custom_8551abba iconpos_left style_outlined color_primary align_left no_title\"><div class=\"w-iconbox-icon\" style=\"font-size:18px;\"><i class=\"fas fa-info\"><\/i><\/div><div class=\"w-iconbox-meta\"><div class=\"w-iconbox-text\"><p>Please note that the following text is a translation of the German version to the best of our knowledge. In case of doubt, the German version always has legal precedence due to the domicile of devowl.io GmbH.<\/p>\n<\/div><\/div><\/div><div class=\"w-iconbox us_custom_f965b36c iconpos_left style_default color_contrast align_left\"><div class=\"w-iconbox-icon\" style=\"font-size:18px;\"><i class=\"fas fa-info\"><\/i><\/div><div class=\"w-iconbox-meta\"><h4 class=\"w-iconbox-title\">Is your right of withdrawal still valid?<\/h4><div class=\"w-iconbox-text\"><p>Please note that your contract can only be revoked if you did not wish the order to be executed before the end of the statutory revocation period for consumers when placing your order and your right of revocation, which you have noted in the revocation instructions, has expired through the complete fulfillment of the contract (provision of the software).<\/p>\n<\/div><\/div><\/div><div class=\"wpb_text_column\"><div class=\"wpb_wrapper\"><p>Consumers are entitled to a right of revocation in accordance with the following conditions, whereby a consumer is any natural person who concludes a legal transaction for purposes that can predominantly be attributed neither to his commercial nor his independent professional activity.<\/p>\n<h2>A. Cancellation policy<\/h2>\n<h3>Right of withdrawal<\/h3>\n<p class=\"normal\">You have the right to withdraw from this contract within 14 days without giving any reason.<\/p>\n<p class=\"normal\">The withdrawal period will expire after 14 days from the day.<\/p>\n<p class=\"normal\">To exercise the right of withdrawal, you must inform us (devowl.io GmbH, Tannet 12, 94539 Grafling, Germany, phone: +49 991 20098959, email: <a class=\"ql-link\" href=\"mailto:support@devowl.io\" target=\"_blank\" rel=\"noopener noreferrer\">support@devowl.io<\/a>) of your decision to withdraw from this contract by an unequivocal statement (e.g. a letter sent by post, fax or e-mail). You may use the attached model withdrawal form, but it is not obligatory.<\/p>\n<p class=\"normal\">To meet the withdrawal deadline, it is sufficient for you to send your communication concerning your exercise of the right of withdrawal before the withdrawal period has expired.<\/p>\n<h3 id=\"d1e73-84-1\" class=\"ti-grseq-1\">Effects of withdrawal<\/h3>\n<p>If you withdraw from this contract, we shall reimburse to you all payments received from you, including the costs of delivery (with the exception of the supplementary costs resulting from your choice of a type of delivery other than the least expensive type of standard delivery offered by us), without undue delay and in any event not later than 14 days from the day on which we are informed about your decision to withdraw from this contract. We will carry out such reimbursement using the same means of payment as you used for the initial transaction, unless you have expressly agreed otherwise; in any event, you will not incur any fees as a result of such reimbursement.<\/p>\n<h3>Lapse of the right of withdrawal<\/h3>\n<p>The right of withdrawal expires prematurely if we have commenced performance of the contract after you have expressly agreed that we shall commence performance of the contract before the end of the revocation period and you have confirmed to us your knowledge that you will lose your right of revocation by giving your consent to commence performance of the contract.<\/p>\n<h2>B. Cancellation form<\/h2>\n<p>If you want to cancel the contract, please fill out this form and send it back.<\/p>\n<p>To<\/p>\n<p>devowl.io GmbH<br \/>\nTannet 12<br \/>\n94539 Grafling<br \/>\nGermany<br \/>\nEmail: support@devowl.io<\/p>\n<p>I\/we (*) hereby revoke the contract concluded by me\/us (*) for the purchase of the following goods (*)\/the provision of the following service (*)<\/p>\n<p>_______________________________________________________<\/p>\n<p>_______________________________________________________<\/p>\n<p>Ordered on (*) ____________ \/ received on (*) __________________________<\/p>\n<p>________________________________________________________<br \/>\nName of the consumer(s)<\/p>\n<p>________________________________________________________<br \/>\nAddress of the consumer(s)<\/p>\n<p>________________________________________________________<br \/>\nSignature of the consumer(s) (only in case of communication on paper)<\/p>\n<p>_________________________<br \/>\nDate<\/p>\n<p>(*) Delete as applicable<\/p>\n<p>&nbsp;<\/p>\n<p><em>Last change: 17.03.2026<\/em><\/p>\n<\/div><\/div><\/div><\/div><\/div><div class=\"vc_col-sm-6 wpb_column vc_column_container\"><div class=\"vc_column-inner\"><div class=\"wpb_wrapper\"><div class=\"wpb_text_column us_custom_713e4786 has_text_color\"><div class=\"wpb_wrapper\"><p><span class=\"highlight\">Deutsche Version (German version)<\/span><\/p>\n<\/div><\/div><div class=\"w-iconbox us_custom_f965b36c iconpos_left style_default color_contrast align_left\"><div class=\"w-iconbox-icon\" style=\"font-size:18px;\"><i class=\"fas fa-info\"><\/i><\/div><div class=\"w-iconbox-meta\"><h4 class=\"w-iconbox-title\">Besteht dein Widerrufsrecht noch?<\/h4><div class=\"w-iconbox-text\"><p>Bitte beachte, dass dein Vertrag nur widerrufen werden kann, wenn du bei deiner Bestellung nicht gew\u00fcnscht hast, dass die Bestellung vor Ablauf der gesetzlichen Widerrufsfrist f\u00fcr Verbraucher ausgef\u00fchrt wird und durch die vollst\u00e4ndigen Erf\u00fcllung des Vertrages (Bereitstellung der Software) dein Widerrufsrecht, welches du in der Widerrufsbelehrung zur Kenntnis genommen hast, erloschen ist.<\/p>\n<\/div><\/div><\/div><div class=\"wpb_text_column\"><div class=\"wpb_wrapper\"><p>Verbrauchern steht ein Widerrufsrecht nach folgender Ma\u00dfgabe zu, wobei Verbraucher jede nat\u00fcrliche Person ist, die ein Rechtsgesch\u00e4ft zu Zwecken abschlie\u00dft, die \u00fcberwiegend weder ihrer gewerblichen noch ihrer selbst\u00e4ndigen beruflichen T\u00e4tigkeit zugerechnet werden k\u00f6nnen.<\/p>\n<h2>A. Widerrufsbelehrung<\/h2>\n<h3>Widerrufsrecht<\/h3>\n<p>Sie haben das Recht, binnen vierzehn Tagen ohne Angabe von Gr\u00fcnden diesen Vertrag zu widerrufen.<\/p>\n<p>Die Widerrufsfrist betr\u00e4gt vierzehn Tage ab dem Tag des Vertragsabschlusses.<\/p>\n<p>Um Ihr Widerrufsrecht auszu\u00fcben, m\u00fcssen Sie uns (devowl.io GmbH, Tannet 12, 94539 Grafling, Deutschland, Tel.: +49 991 20098959, E-Mail: <a class=\"ql-link\" href=\"mailto:support@devowl.io\" target=\"_blank\" rel=\"noopener noreferrer\">support@devowl.io<\/a>) mittels einer eindeutigen Erkl\u00e4rung (z. B. ein mit der Post versandter Brief oder E-Mail) \u00fcber Ihren Entschluss, diesen Vertrag zu widerrufen, informieren.<\/p>\n<p>Sie k\u00f6nnen daf\u00fcr das beigef\u00fcgte Muster-Widerrufsformular verwenden, das jedoch nicht vorgeschrieben ist.<\/p>\n<p>Zur Wahrung der Widerrufsfrist reicht es aus, dass Sie die Mitteilung \u00fcber die Aus\u00fcbung des Widerrufsrechts vor Ablauf der Widerrufsfrist absenden.<\/p>\n<h3>Folgen des Widerrufs<\/h3>\n<p>Wenn Sie diesen Vertrag widerrufen, haben wir Ihnen alle Zahlungen, die wir von Ihnen erhalten haben, einschlie\u00dflich der Lieferkosten (mit Ausnahme der zus\u00e4tzlichen Kosten, die sich daraus ergeben, dass Sie eine andere Art der Lieferung als die von uns angebotene, g\u00fcnstigste Standardlieferung gew\u00e4hlt haben), unverz\u00fcglich und sp\u00e4testens binnen vierzehn Tagen ab dem Tag zur\u00fcckzuzahlen, an dem die Mitteilung \u00fcber Ihren Widerruf dieses Vertrags bei uns eingegangen ist. F\u00fcr diese R\u00fcckzahlung verwenden wir dasselbe Zahlungsmittel, das Sie bei der urspr\u00fcnglichen Transaktion eingesetzt haben, es sei denn, mit Ihnen wurde ausdr\u00fccklich etwas anderes vereinbart; in keinem Fall werden Ihnen wegen dieser R\u00fcckzahlung Entgelte berechnet.<\/p>\n<h3>Erl\u00f6schen des Widerrufsrechts<\/h3>\n<p>Das Widerrufsrecht erlischt vorzeitig, wenn wir mit der Ausf\u00fchrung des Vertrages begonnen haben, nachdem Sie ausdr\u00fccklich zugestimmt haben, dass wir mit der Ausf\u00fchrung des Vertrages vor Ablauf der Widerrufsfrist beginnen und Sie uns Ihre Kenntnis davon best\u00e4tigt haben, dass Sie durch Ihre Zustimmung mit Beginn der Ausf\u00fchrung des Vertrags Ihr Widerrufsrecht verlieren.<\/p>\n<h2>B. Widerrufsformular<\/h2>\n<p>Wenn Sie den Vertrag widerrufen wollen, dann f\u00fcllen Sie bitte dieses Formular aus und senden es zur\u00fcck.<\/p>\n<p>An<\/p>\n<p>devowl.io GmbH<br \/>\nTannet 12<br \/>\n94539 Grafling<br \/>\nDeutschland<br \/>\nE-Mail: support@devowl.io<\/p>\n<p>Hiermit widerrufe(n) ich\/wir (*) den von mir\/uns (*) abgeschlossenen Vertrag \u00fcber den Kauf der folgenden Waren (*)\/die Erbringung der folgenden Dienstleistung (*)<\/p>\n<p>_______________________________________________________<\/p>\n<p>_______________________________________________________<\/p>\n<p>Bestellt am (*) ____________ \/ erhalten am (*) __________________<\/p>\n<p>________________________________________________________<br \/>\nName des\/der Verbraucher(s)<\/p>\n<p>________________________________________________________<br \/>\nAnschrift des\/der Verbraucher(s)<\/p>\n<p>________________________________________________________<br \/>\nUnterschrift des\/der Verbraucher(s) (nur bei Mitteilung auf Papier)<\/p>\n<p>_________________________<br \/>\nDatum<\/p>\n<p>(*) Unzutreffendes streichen<\/p>\n<p>&nbsp;<\/p>\n<p><em>Letzte \u00c4nderung: 17.03.2026<\/em><\/p>\n<\/div><\/div><\/div><\/div><\/div><\/div><\/div><\/section>","protected":false},"excerpt":{"rendered":"Cancellation Policy &amp; Cancellation Form how to return an order English version Please note that the following text is a translation of the German version to the best of our knowledge. In case of doubt, the German version always has legal precedence due to the domicile of devowl.io GmbH. Is your right of withdrawal still...","protected":false},"author":1,"featured_media":0,"parent":0,"menu_order":28,"comment_status":"closed","ping_status":"closed","template":"","meta":{"_acf_changed":false,"_seopress_robots_primary_cat":"","_seopress_titles_title":"","_seopress_titles_desc":"Are you dissatisfied with our WordPress plugins? We explain under which conditions you can return them.","_seopress_robots_index":"","inline_featured_image":false,"restrictTranslations":["en_US","de_DE"],"footnotes":""},"class_list":["post-77","page","type-page","status-publish","hentry"],"acf":[],"_links":{"self":[{"href":"https:\/\/devowl.io\/de\/wp-json\/wp\/v2\/pages\/77","targetHints":{"allow":["GET"]}}],"collection":[{"href":"https:\/\/devowl.io\/de\/wp-json\/wp\/v2\/pages"}],"about":[{"href":"https:\/\/devowl.io\/de\/wp-json\/wp\/v2\/types\/page"}],"author":[{"embeddable":true,"href":"https:\/\/devowl.io\/de\/wp-json\/wp\/v2\/users\/1"}],"replies":[{"embeddable":true,"href":"https:\/\/devowl.io\/de\/wp-json\/wp\/v2\/comments?post=77"}],"version-history":[{"count":7,"href":"https:\/\/devowl.io\/de\/wp-json\/wp\/v2\/pages\/77\/revisions"}],"predecessor-version":[{"id":244779,"href":"https:\/\/devowl.io\/de\/wp-json\/wp\/v2\/pages\/77\/revisions\/244779"}],"wp:attachment":[{"href":"https:\/\/devowl.io\/de\/wp-json\/wp\/v2\/media?parent=77"}],"curies":[{"name":"wp","href":"https:\/\/api.w.org\/{rel}","templated":true}]}}