{"id":85,"date":"2020-12-27T22:39:54","date_gmt":"2020-12-27T21:39:54","guid":{"rendered":"https:\/\/devowl.io\/?page_id=85"},"modified":"2026-01-16T10:52:12","modified_gmt":"2026-01-16T08:52:12","slug":"legal-notice","status":"publish","type":"page","link":"https:\/\/devowl.io\/de\/impressum\/","title":{"rendered":"Impressum"},"content":{"rendered":"<section class=\"l-section wpb_row us_custom_0d54facf height_medium color_primary with_img parallax_ver\"><div class=\"l-section-img\" role=\"img\" aria-label=\"Bild\" data-img-width=\"1920\" data-img-height=\"800\" style=\"background-image: url(https:\/\/devowl.io\/wp-content\/uploads\/background\/bg-overlay-01.png);background-position: top center;background-repeat: no-repeat;\"><\/div><div class=\"l-section-h i-cf\"><div class=\"g-cols vc_row via_flex valign_top type_default stacking_default\"><div class=\"vc_col-sm-12 wpb_column vc_column_container\"><div class=\"vc_column-inner\"><div class=\"wpb_wrapper\"><div class=\"wpb_text_column us_custom_c3605269 text-shadow has_text_color\"><div class=\"wpb_wrapper\"><h1>Impressum<\/h1>\n<\/div><\/div><div class=\"wpb_text_column us_custom_d36921ab has_text_color\"><div class=\"wpb_wrapper\"><p><span class=\"highlight\">Rechtliche Informationen \u00fcber unser Unternehmen<\/span><\/p>\n<\/div><\/div><\/div><\/div><\/div><\/div><\/div><\/section><section class=\"l-section wpb_row height_medium\"><div class=\"l-section-h i-cf\"><div class=\"g-cols vc_row via_flex valign_top type_default stacking_default\"><div class=\"vc_col-sm-3 wpb_column vc_column_container\"><div class=\"vc_column-inner\"><div class=\"wpb_wrapper\"><\/div><\/div><\/div><div class=\"vc_col-sm-6 wpb_column vc_column_container\"><div class=\"vc_column-inner\"><div class=\"wpb_wrapper\"><div class=\"wpb_text_column\"><div class=\"wpb_wrapper\"><p>Inhaber der Webseite (gem\u00e4\u00df \u00a7 5 DDG):<\/p>\n<p><strong>devowl.io GmbH<\/strong><br \/>\nTannet 12<br \/>\n94539 Grafling<br \/>\nDeutschland<\/p>\n<p>E-Mail: support@devowl.io <strong>(Support Anfragen zu Produkten stelle bitte \u00fcber die <a href=\"\/de\/support\/\">Support Seite<\/a>)<\/strong><br \/>\nTelefon: +49 991 20098959 <strong>(Wir bieten <span style=\"text-decoration: underline;\">kein<\/span> Telefon-Support an und bitten dich deswegen bei Fragen ein <a href=\"\/de\/support\/\">Support Ticket<\/a> zu er\u00f6ffnen)<\/strong><\/p>\n<p>Vertretungsberechtigte Gesch\u00e4ftsf\u00fchrung: Matthias G\u00fcnter und Jan Karres<br \/>\nVerantwortlich f\u00fcr redaktionelle Inhalte (nach \u00a7 18 Abs. 2 MStV): Matthias G\u00fcnter und Jan Karres (Tannet 12, 94539 Grafling, Deutschland)<\/p>\n<p><span style=\"font-size: 18px;\">Registergericht<\/span><span style=\"font-size: 18px;\">: Amtsgericht Deggendorf, Deutschland<\/span><\/p>\n<p>Handelsregister: HRB 5100<br \/>\nUmsatzsteuer-ID: DE328159884<\/p>\n<p>Die devowl.io GmbH ist nicht bereit und nicht verpflichtet an einem Streitbeilegungsverfahren vor einer Verbraucherschlichtungsstelle teilzunehmen.<\/p>\n<p>Die auf der Website und allen Unterseiten bereitgestellten Informationen werden durch den genannten Betreiber sorgf\u00e4ltig und regelm\u00e4\u00dfig aktualisiert. Dennoch k\u00f6nnen wir keine Haftung oder Garantie f\u00fcr die Richtigkeit, Vollst\u00e4ndigkeit und Aktualit\u00e4t der Informationen \u00fcbernehmen. Des Weiteren \u00fcbernimmt der Betreiber von devowl.io keine Haftung f\u00fcr Inhalt externer Links. F\u00fcr den bereitgestellten Inhalt der verlinkten Webseiten ist der Betreiber der jeweiligen Webseite verantwortlich.<\/p>\n<\/div><\/div><\/div><\/div><\/div><div class=\"vc_col-sm-3 wpb_column vc_column_container\"><div class=\"vc_column-inner\"><div class=\"wpb_wrapper\"><\/div><\/div><\/div><\/div><\/div><\/section>","protected":false},"excerpt":{"rendered":"Legal Notice legal information about our company Inhaber der Webseite (gem\u00e4\u00df \u00a7 5 DDG): devowl.io GmbH Tannet 12 94539 Grafling Deutschland E-Mail: support@devowl.io (Support Anfragen zu Produkten stelle bitte \u00fcber die Support Seite) Telefon: +49 991 20098959 (Wir bieten kein Telefon-Support an und bitten dich deswegen bei Fragen ein Support Ticket zu er\u00f6ffnen) Vertretungsberechtigte Gesch\u00e4ftsf\u00fchrung:...","protected":false},"author":1,"featured_media":0,"parent":0,"menu_order":26,"comment_status":"closed","ping_status":"closed","template":"","meta":{"_acf_changed":false,"_seopress_robots_primary_cat":"","_seopress_titles_title":"","_seopress_titles_desc":"","_seopress_robots_index":"","inline_featured_image":false,"restrictTranslations":["en_US","de_DE"],"footnotes":""},"class_list":["post-85","page","type-page","status-publish","hentry"],"acf":[],"_links":{"self":[{"href":"https:\/\/devowl.io\/de\/wp-json\/wp\/v2\/pages\/85","targetHints":{"allow":["GET"]}}],"collection":[{"href":"https:\/\/devowl.io\/de\/wp-json\/wp\/v2\/pages"}],"about":[{"href":"https:\/\/devowl.io\/de\/wp-json\/wp\/v2\/types\/page"}],"author":[{"embeddable":true,"href":"https:\/\/devowl.io\/de\/wp-json\/wp\/v2\/users\/1"}],"replies":[{"embeddable":true,"href":"https:\/\/devowl.io\/de\/wp-json\/wp\/v2\/comments?post=85"}],"version-history":[{"count":15,"href":"https:\/\/devowl.io\/de\/wp-json\/wp\/v2\/pages\/85\/revisions"}],"predecessor-version":[{"id":244392,"href":"https:\/\/devowl.io\/de\/wp-json\/wp\/v2\/pages\/85\/revisions\/244392"}],"wp:attachment":[{"href":"https:\/\/devowl.io\/de\/wp-json\/wp\/v2\/media?parent=85"}],"curies":[{"name":"wp","href":"https:\/\/api.w.org\/{rel}","templated":true}]}}