{"id":91,"date":"2020-12-27T22:40:38","date_gmt":"2020-12-27T21:40:38","guid":{"rendered":"https:\/\/devowl.io\/?page_id=91"},"modified":"2024-07-30T11:24:09","modified_gmt":"2024-07-30T09:24:09","slug":"wordpress-real-custom-post-order","status":"publish","type":"page","link":"https:\/\/devowl.io\/de\/wordpress-real-custom-post-order\/","title":{"rendered":"Real Custom Post Order"},"content":{"rendered":"<section class=\"l-section wpb_row us_custom_f20375b7 height_medium\" id=\"intro\"><div class=\"l-section-h i-cf\"><div class=\"g-cols vc_row via_flex valign_top type_default stacking_default\"><div class=\"vc_col-sm-6 wpb_column vc_column_container\"><div class=\"vc_column-inner\"><div class=\"wpb_wrapper\"><div class=\"g-cols wpb_row via_flex valign_top type_default stacking_default\"><div class=\"vc_col-sm-12 wpb_column vc_column_container\"><div class=\"vc_column-inner\"><div class=\"wpb_wrapper\"><div class=\"w-image us_custom_c5deda31 align_left\"><div class=\"w-image-h\"><img decoding=\"async\" width=\"890\" height=\"890\" src=\"https:\/\/devowl.io\/wp-content\/uploads\/logo\/real-customer-post-order.svg\" class=\"attachment-large size-large\" alt=\"Real Customer Post Order\" loading=\"lazy\" \/><\/div><\/div><div class=\"wpb_text_column us_custom_0259209c has_text_color\"><div class=\"wpb_wrapper\"><h1>Real Custom Post Order<\/h1>\n<\/div><\/div><\/div><\/div><\/div><\/div><div class=\"wpb_text_column us_custom_643cee40 has_text_color\"><div class=\"wpb_wrapper\"><p>Erstelle eine benutzerdefinierte Reihenfolge f\u00fcr deine Inhalte.<\/p>\n<\/div><\/div><div class=\"wpb_text_column\"><div class=\"wpb_wrapper\"><p class=\"translation-block\"><strong>Benutzerdefinierte Reihenfolge von Beitr\u00e4gen, Seiten, WooCommerce-Produkte und benutzerdefinierten Beitragstypen<\/strong> per Drag &amp; Drop. Einfaches und intuitives Sortieren deiner Inhalte!<\/p>\n<\/div><\/div><div class=\"w-hwrapper valign_top align_none\"><div class=\"w-btn-wrapper align_none\"><a class=\"w-btn us-btn-style_1\" target=\"_blank\" rel=\"nofollow\" href=\"https:\/\/de.wordpress.org\/plugins\/real-custom-post-order\/\"><span class=\"w-btn-label\">Kostenlos herunterladen<\/span><\/a><\/div><div class=\"w-btn-wrapper align_none\"><a class=\"w-btn us-btn-style_2\" target=\"_blank\" rel=\"nofollow\" href=\"https:\/\/try.devowl.io\/?product=RCPO\"><span class=\"w-btn-label\">Jetzt testen<\/span><\/a><\/div><\/div><\/div><\/div><\/div><div class=\"vc_col-sm-6 wpb_column vc_column_container\"><div class=\"vc_column-inner\"><div class=\"wpb_wrapper\"><div class=\"w-image us_custom_c93eb633 style_shadow-1 align_none has_bg_color\"><div class=\"w-image-h\"><img decoding=\"async\" width=\"890\" height=\"756\" src=\"https:\/\/devowl.io\/wp-content\/uploads\/wordpress-plugins\/real-custom-post-order\/neuordnung-von-beitragen-mit-real-custom-post-order.jpg\" class=\"attachment-large size-large\" alt=\"Neuordnung von Beitra\u0308gen mit Real Custom Post Order\" loading=\"lazy\" srcset=\"https:\/\/devowl.io\/wp-content\/uploads\/wordpress-plugins\/real-custom-post-order\/neuordnung-von-beitragen-mit-real-custom-post-order.jpg 1585w, https:\/\/devowl.io\/wp-content\/uploads\/wordpress-plugins\/real-custom-post-order\/neuordnung-von-beitragen-mit-real-custom-post-order-305x326.jpg 305w, https:\/\/devowl.io\/wp-content\/uploads\/wordpress-plugins\/real-custom-post-order\/neuordnung-von-beitragen-mit-real-custom-post-order-834x890.jpg 834w, https:\/\/devowl.io\/wp-content\/uploads\/wordpress-plugins\/real-custom-post-order\/neuordnung-von-beitragen-mit-real-custom-post-order-11x12.jpg 11w, https:\/\/devowl.io\/wp-content\/uploads\/wordpress-plugins\/real-custom-post-order\/neuordnung-von-beitragen-mit-real-custom-post-order-611x652.jpg 611w\" sizes=\"auto, (max-width: 890px) 100vw, 890px\" \/><\/div><\/div><\/div><\/div><\/div><\/div><\/div><\/section><section class=\"l-section wpb_row us_custom_db597874 height_medium\"><div class=\"l-section-h i-cf\"><div class=\"g-cols vc_row via_flex valign_top type_default stacking_default\"><div class=\"vc_col-sm-6 wpb_column vc_column_container\"><div class=\"vc_column-inner\"><div class=\"wpb_wrapper\"><div class=\"wpb_text_column us_custom_eb849559\"><div class=\"wpb_wrapper\"><h2>Features<\/h2>\n<p class=\"translation-block\"><strong>Erstelle eine benutzerdefinierte Reihenfolge deine Inhalte per Drag &amp; Drop<\/strong> f\u00fcr Beitr\u00e4ge, Seiten, WooCommerce-Produkte und alle anderen benutzerdefinierten Beitragstypen.<\/p>\n<\/div><\/div><div class=\"wpb_text_column us_custom_0900445a feature has_text_color\"><div class=\"wpb_wrapper\"><h3 class=\"translation-block\"><strong>Benutzerdefinierte Reihenfolge<\/strong> per Drag &amp; Drop<\/h3>\n<\/div><\/div><div class=\"w-image us_custom_4f24afa8 align_none\"><a ref=\"magnificPopup\" href=\"https:\/\/devowl.io\/wp-content\/uploads\/wordpress-plugins\/real-custom-post-order\/features\/sort-a-post-by-drag-and-drop-and-create-a-custom-order-of-posts.gif\" aria-label=\"Verschiebe eine Seite f\u00fcr eine benutzerdefinierte Beitragsreihenfolge per Drag-and-drop\" class=\"w-image-h\"><img decoding=\"async\" width=\"616\" height=\"474\" src=\"https:\/\/devowl.io\/wp-content\/uploads\/wordpress-plugins\/real-custom-post-order\/features\/sort-a-post-by-drag-and-drop-and-create-a-custom-order-of-posts.gif\" class=\"attachment-large size-large\" alt=\"Verschiebe eine Seite f\u00fcr eine benutzerdefinierte Beitragsreihenfolge per Drag-and-drop\" loading=\"lazy\" \/><\/a><\/div><\/div><\/div><\/div><div class=\"vc_col-sm-6 wpb_column vc_column_container\"><div class=\"vc_column-inner\"><div class=\"wpb_wrapper\"><div class=\"wpb_text_column us_custom_eb849559\"><div class=\"wpb_wrapper\"><h2>Unterst\u00fctzte Sprachen<\/h2>\n<p>Real Custom Post Order ist in mehreren Sprachen verf\u00fcgbar.<\/p>\n<\/div><\/div><div class=\"w-grid us_custom_703b2333 language-flags type_grid layout_1736 cols_5\" id=\"us_grid_1\" style=\"--columns:5;--gap:1.5rem;\" data-filterable=\"true\"><style>@media (max-width:1049px){#us_grid_1{--columns:3!important}}@media (max-width:767px){#us_grid_1{--columns:3!important}}@media (max-width:499px){#us_grid_1{--columns:2!important}}.layout_1736 .w-grid-item-h{}.layout_1736 .usg_post_image_1{margin-bottom:0!important}.layout_1736 .usg_post_title_1{font-size:0.85rem!important}<\/style><div class=\"w-grid-list\">\t<article class=\"w-grid-item size_1x1 post-1725 attachment type-attachment status-inherit hentry\" data-id=\"1725\">\r\n\t\t<div class=\"w-grid-item-h\">\r\n\t\t\t\t\t\t<div class=\"w-post-elm post_image usg_post_image_1 stretched\"><img decoding=\"async\" src=\"https:\/\/devowl.io\/wp-content\/uploads\/languages\/english.svg\" class=\"attachment- size-\" alt=\"Englisch\" \/><\/div><div class=\"w-post-elm post_title usg_post_title_1 align_center entry-title color_link_inherit\">Englisch<\/div>\t\t<\/div>\r\n\t\t\t<\/article>\r\n\t<article class=\"w-grid-item size_1x1 post-1727 attachment type-attachment status-inherit hentry\" data-id=\"1727\">\r\n\t\t<div class=\"w-grid-item-h\">\r\n\t\t\t\t\t\t<div class=\"w-post-elm post_image usg_post_image_1 stretched\"><img decoding=\"async\" src=\"https:\/\/devowl.io\/wp-content\/uploads\/languages\/german.svg\" class=\"attachment- size-\" alt=\"Deutsch\" \/><\/div><div class=\"w-post-elm post_title usg_post_title_1 align_center entry-title color_link_inherit\">Deutsch<\/div>\t\t<\/div>\r\n\t\t\t<\/article>\r\n\t<article class=\"w-grid-item size_1x1 post-1724 attachment type-attachment status-inherit hentry\" data-id=\"1724\">\r\n\t\t<div class=\"w-grid-item-h\">\r\n\t\t\t\t\t\t<div class=\"w-post-elm post_image usg_post_image_1 stretched\"><img decoding=\"async\" src=\"https:\/\/devowl.io\/wp-content\/uploads\/languages\/dutch.svg\" class=\"attachment- size-\" alt=\"Niederl\u00e4ndisch\" \/><\/div><div class=\"w-post-elm post_title usg_post_title_1 align_center entry-title color_link_inherit\">Niederl\u00e4ndisch<\/div>\t\t<\/div>\r\n\t\t\t<\/article>\r\n\t<article class=\"w-grid-item size_1x1 post-1732 attachment type-attachment status-inherit hentry\" data-id=\"1732\">\r\n\t\t<div class=\"w-grid-item-h\">\r\n\t\t\t\t\t\t<div class=\"w-post-elm post_image usg_post_image_1 stretched\"><img decoding=\"async\" src=\"https:\/\/devowl.io\/wp-content\/uploads\/languages\/spanish.svg\" class=\"attachment- size-\" alt=\"Spanisch\" \/><\/div><div class=\"w-post-elm post_title usg_post_title_1 align_center entry-title color_link_inherit\">Spanisch<\/div>\t\t<\/div>\r\n\t\t\t<\/article>\r\n\t<article class=\"w-grid-item size_1x1 post-1726 attachment type-attachment status-inherit hentry\" data-id=\"1726\">\r\n\t\t<div class=\"w-grid-item-h\">\r\n\t\t\t\t\t\t<div class=\"w-post-elm post_image usg_post_image_1 stretched\"><img decoding=\"async\" src=\"https:\/\/devowl.io\/wp-content\/uploads\/languages\/french.svg\" class=\"attachment- size-\" alt=\"Franz\u00f6sisch\" \/><\/div><div class=\"w-post-elm post_title usg_post_title_1 align_center entry-title color_link_inherit\">Franz\u00f6sisch<\/div>\t\t<\/div>\r\n\t\t\t<\/article>\r\n<\/div><div class=\"w-grid-preloader\">\t<div class=\"g-preloader type_1\">\r\n\t\t<div><\/div>\r\n\t<\/div>\r\n\t<\/div>\t<div class=\"w-grid-json hidden\" onclick='return {&quot;action&quot;:&quot;us_ajax_grid&quot;,&quot;infinite_scroll&quot;:0,&quot;max_num_pages&quot;:1,&quot;pagination&quot;:&quot;none&quot;,&quot;template_vars&quot;:{&quot;columns&quot;:&quot;5&quot;,&quot;exclude_items&quot;:&quot;none&quot;,&quot;img_size&quot;:&quot;default&quot;,&quot;ignore_items_size&quot;:0,&quot;items_layout&quot;:&quot;1736&quot;,&quot;items_offset&quot;:&quot;1&quot;,&quot;load_animation&quot;:&quot;none&quot;,&quot;overriding_link&quot;:&quot;{\\&quot;url\\&quot;:\\&quot;\\&quot;}&quot;,&quot;post_id&quot;:0,&quot;query_args&quot;:{&quot;post_type&quot;:[&quot;attachment&quot;],&quot;post__in&quot;:[&quot;1725&quot;,&quot;1727&quot;,&quot;1724&quot;,&quot;1732&quot;,&quot;1726&quot;],&quot;post_status&quot;:&quot;inherit&quot;,&quot;post_mime_type&quot;:&quot;image&quot;,&quot;posts_per_page&quot;:&quot;5&quot;},&quot;orderby_query_args&quot;:{&quot;orderby&quot;:{&quot;post__in&quot;:&quot;ASC&quot;},&quot;order&quot;:&quot;ASC&quot;},&quot;type&quot;:&quot;grid&quot;,&quot;us_grid_post_type&quot;:&quot;attachment&quot;,&quot;us_grid_ajax_index&quot;:1,&quot;us_grid_filter_query_string&quot;:null,&quot;us_grid_index&quot;:1,&quot;page_args&quot;:[]}}'><\/div>\r\n\t<\/div><div class=\"wpb_text_column us_custom_37c62887\"><div class=\"wpb_wrapper\"><p class=\"translation-block\"><strong>Deine Sprache ist nicht verf\u00fcgbar und du bist Muttersprachler?<\/strong> Bitte \u00f6ffne ein <a href=\"\/de\/support\/\" target=\"_blank\" rel=\"noopener noreferrer\">Support-Ticket<\/a>, um deine \u00dcbersetzungen hinzuzuf\u00fcgen. Vielen Dank f\u00fcr deine Hilfe!<\/p>\n<\/div><\/div><div class=\"w-separator size_custom\" style=\"height:2.7rem\"><\/div><div class=\"wpb_text_column us_custom_eb849559\"><div class=\"wpb_wrapper\"><h2>Bewerte uns auf wordpress.org<\/h2>\n<p class=\"translation-block\">Wenn dir Real Custom Post Order gef\u00e4llt, w\u00fcrden wir uns freuen, von dir eine <a href=\"https:\/\/wordpress.org\/support\/plugin\/real-custom-post-order\/reviews\/\" target=\"_blank\" rel=\"noopener noreferrer\">Rezension auf wordpress.org<\/a> zu erhalten.<\/p>\n<p class=\"translation-block\">Im seltenen Fall von Schwierigkeiten \u00f6ffne bitte ein <a href=\"https:\/\/devowl.io\/de\/support\/\" target=\"_blank\" rel=\"noopener noreferrer\">Support-Ticket<\/a>, und wir werden versuchen, eine L\u00f6sung f\u00fcr dich zu finden.<\/p>\n<\/div><\/div><\/div><\/div><\/div><\/div><\/div><\/section><section class=\"l-section wpb_row us_custom_3896e3a5 height_medium with_img\"><div class=\"l-section-img\" role=\"img\" aria-label=\"Bild\" data-img-width=\"\" data-img-height=\"\" style=\"background-image: url(https:\/\/devowl.io\/wp-content\/uploads\/languages\/french.svg);background-position: top center;background-repeat: no-repeat;background-size: contain;\"><\/div><div class=\"l-section-h i-cf\"><div class=\"g-cols vc_row via_flex valign_top type_default stacking_default\"><div class=\"vc_col-sm-12 wpb_column vc_column_container\"><div class=\"vc_column-inner\"><div class=\"wpb_wrapper\"><div class=\"wpb_text_column us_custom_eb849559\"><div class=\"wpb_wrapper\"><h2>Kostenlos herunterladen<\/h2>\n<p>Real Custom Post Order ist ein v\u00f6llig kostenloses WordPress-Plugin. Lade es einfach herunter, installieren es und erstellen deine benutzerdefinierte Reihenfolge innerhalb weniger Minuten!<\/p>\n<\/div><\/div><div class=\"w-btn-wrapper align_center\"><a class=\"w-btn us-btn-style_1 us_custom_b4198c51\" target=\"_blank\" rel=\"nofollow\" href=\"https:\/\/de.wordpress.org\/plugins\/real-custom-post-order\/\"><span class=\"w-btn-label\">Herunterladen auf wordpress.org<\/span><\/a><\/div><\/div><\/div><\/div><\/div><\/div><\/section><section class=\"l-section wpb_row us_custom_dc55b62f height_medium with_img\"><div class=\"l-section-img\" role=\"img\" aria-label=\"Bild\" data-img-width=\"\" data-img-height=\"\" style=\"background-image: url(https:\/\/devowl.io\/wp-content\/uploads\/languages\/french.svg);background-position: top center;background-repeat: no-repeat;background-size: contain;\"><\/div><div class=\"l-section-h i-cf\"><div class=\"g-cols vc_row via_flex valign_top type_default stacking_default\"><div class=\"vc_col-sm-12 wpb_column vc_column_container\"><div class=\"vc_column-inner\"><div class=\"wpb_wrapper\"><div class=\"wpb_text_column us_custom_602c3f15\"><div class=\"wpb_wrapper\"><h2>Kompatibilit\u00e4t<\/h2>\n<p class=\"translation-block\">Wir versuchen unser Bestes, Real Custom Post Order mit anderen Plugins kompatibel zu machen, die dein WordPress verbessern. <strong>Derzeit sind wir explizit mit den folgenden Plugins kompatibel.<\/strong> Wenn du Inkompatibilit\u00e4ten findest, \u00f6ffne einfach ein <a href=\"https:\/\/devowl.io\/de\/support\/\" target=\"_blank\" rel=\"noopener noreferrer\">Support-Ticket<\/a>, <strong>und wir werden daf\u00fcr sorgen, dass es funktioniert.<\/strong><\/p>\n<\/div><\/div><div class=\"w-grid us_custom_703b2333 compatibility-logos type_grid layout_1818 cols_6\" id=\"us_grid_2\" style=\"--columns:6;--gap:1.5rem;\" data-filterable=\"true\"><style>@media (max-width:1049px){#us_grid_2{--columns:5!important}}@media (max-width:767px){#us_grid_2{--columns:3!important}}@media (max-width:499px){#us_grid_2{--columns:2!important}}.layout_1818 .w-grid-item-h{}.layout_1818 .usg_post_image_1{margin-bottom:0!important}.layout_1818 .usg_post_title_1{font-size:0.85rem!important}<\/style><div class=\"w-grid-list\">\t<article class=\"w-grid-item size_1x1 post-225 attachment type-attachment status-inherit hentry\" data-id=\"225\">\r\n\t\t<div class=\"w-grid-item-h\">\r\n\t\t\t\t\t\t<div class=\"w-post-elm post_image usg_post_image_1 image-sw hover-effect stretched\"><img decoding=\"async\" width=\"890\" height=\"890\" src=\"https:\/\/devowl.io\/wp-content\/uploads\/logo\/real-category-management.svg\" class=\"attachment-large size-large\" alt=\"Real Category Management\" \/><\/div><div class=\"w-post-elm post_title usg_post_title_1 align_center entry-title color_link_inherit\">Real Category Management<\/div>\t\t<\/div>\r\n\t\t\t<\/article>\r\n\t<article class=\"w-grid-item size_1x1 post-222 attachment type-attachment status-inherit hentry\" data-id=\"222\">\r\n\t\t<div class=\"w-grid-item-h\">\r\n\t\t\t\t\t\t<div class=\"w-post-elm post_image usg_post_image_1 image-sw hover-effect stretched\"><img decoding=\"async\" width=\"890\" height=\"890\" src=\"https:\/\/devowl.io\/wp-content\/uploads\/logo\/real-media-library.svg\" class=\"attachment-large size-large\" alt=\"Real Media Library\" \/><\/div><div class=\"w-post-elm post_title usg_post_title_1 align_center entry-title color_link_inherit\">Real Media Library<\/div>\t\t<\/div>\r\n\t\t\t<\/article>\r\n\t<article class=\"w-grid-item size_1x1 post-1943 attachment type-attachment status-inherit hentry\" data-id=\"1943\">\r\n\t\t<div class=\"w-grid-item-h\">\r\n\t\t\t\t\t\t<div class=\"w-post-elm post_image usg_post_image_1 image-sw hover-effect stretched\"><img decoding=\"async\" width=\"226\" height=\"100\" src=\"https:\/\/devowl.io\/wp-content\/uploads\/wordpress-plugins\/real-custom-post-order\/compatibility\/woocommerce.png\" class=\"attachment-large size-large\" alt=\"WooCommerce\" srcset=\"https:\/\/devowl.io\/wp-content\/uploads\/wordpress-plugins\/real-custom-post-order\/compatibility\/woocommerce.png 226w, https:\/\/devowl.io\/wp-content\/uploads\/wordpress-plugins\/real-custom-post-order\/compatibility\/woocommerce-16x7.png 16w\" sizes=\"(max-width: 226px) 100vw, 226px\" \/><\/div><div class=\"w-post-elm post_title usg_post_title_1 align_center entry-title color_link_inherit\">WooCommerce<\/div>\t\t<\/div>\r\n\t\t\t<\/article>\r\n\t<article class=\"w-grid-item size_1x1 post-1940 attachment type-attachment status-inherit hentry\" data-id=\"1940\">\r\n\t\t<div class=\"w-grid-item-h\">\r\n\t\t\t\t\t\t<div class=\"w-post-elm post_image usg_post_image_1 image-sw hover-effect stretched\"><img decoding=\"async\" width=\"226\" height=\"100\" src=\"https:\/\/devowl.io\/wp-content\/uploads\/wordpress-plugins\/real-custom-post-order\/compatibility\/yoast-seo.png\" class=\"attachment-large size-large\" alt=\"Yoast SEO\" srcset=\"https:\/\/devowl.io\/wp-content\/uploads\/wordpress-plugins\/real-custom-post-order\/compatibility\/yoast-seo.png 226w, https:\/\/devowl.io\/wp-content\/uploads\/wordpress-plugins\/real-custom-post-order\/compatibility\/yoast-seo-16x7.png 16w\" sizes=\"(max-width: 226px) 100vw, 226px\" \/><\/div><div class=\"w-post-elm post_title usg_post_title_1 align_center entry-title color_link_inherit\">Yoast SEO<\/div>\t\t<\/div>\r\n\t\t\t<\/article>\r\n\t<article class=\"w-grid-item size_1x1 post-1945 attachment type-attachment status-inherit hentry\" data-id=\"1945\">\r\n\t\t<div class=\"w-grid-item-h\">\r\n\t\t\t\t\t\t<div class=\"w-post-elm post_image usg_post_image_1 image-sw hover-effect stretched\"><img decoding=\"async\" width=\"226\" height=\"100\" src=\"https:\/\/devowl.io\/wp-content\/uploads\/wordpress-plugins\/real-custom-post-order\/compatibility\/wpseo.png\" class=\"attachment-large size-large\" alt=\"wpSEO\" srcset=\"https:\/\/devowl.io\/wp-content\/uploads\/wordpress-plugins\/real-custom-post-order\/compatibility\/wpseo.png 226w, https:\/\/devowl.io\/wp-content\/uploads\/wordpress-plugins\/real-custom-post-order\/compatibility\/wpseo-16x7.png 16w\" sizes=\"(max-width: 226px) 100vw, 226px\" \/><\/div><div class=\"w-post-elm post_title usg_post_title_1 align_center entry-title color_link_inherit\">wpSEO<\/div>\t\t<\/div>\r\n\t\t\t<\/article>\r\n<\/div><div class=\"w-grid-preloader\">\t<div class=\"g-preloader type_1\">\r\n\t\t<div><\/div>\r\n\t<\/div>\r\n\t<\/div>\t<div class=\"w-grid-json hidden\" onclick='return {&quot;action&quot;:&quot;us_ajax_grid&quot;,&quot;infinite_scroll&quot;:0,&quot;max_num_pages&quot;:1,&quot;pagination&quot;:&quot;none&quot;,&quot;template_vars&quot;:{&quot;columns&quot;:&quot;6&quot;,&quot;exclude_items&quot;:&quot;none&quot;,&quot;img_size&quot;:&quot;default&quot;,&quot;ignore_items_size&quot;:0,&quot;items_layout&quot;:&quot;1818&quot;,&quot;items_offset&quot;:&quot;1&quot;,&quot;load_animation&quot;:&quot;none&quot;,&quot;overriding_link&quot;:&quot;{\\&quot;url\\&quot;:\\&quot;\\&quot;}&quot;,&quot;post_id&quot;:0,&quot;query_args&quot;:{&quot;post_type&quot;:[&quot;attachment&quot;],&quot;post__in&quot;:[&quot;225&quot;,&quot;222&quot;,&quot;1943&quot;,&quot;1940&quot;,&quot;1945&quot;],&quot;post_status&quot;:&quot;inherit&quot;,&quot;post_mime_type&quot;:&quot;image&quot;,&quot;posts_per_page&quot;:&quot;48&quot;},&quot;orderby_query_args&quot;:{&quot;orderby&quot;:{&quot;post__in&quot;:&quot;ASC&quot;},&quot;order&quot;:&quot;ASC&quot;},&quot;type&quot;:&quot;grid&quot;,&quot;us_grid_post_type&quot;:&quot;attachment&quot;,&quot;us_grid_ajax_index&quot;:2,&quot;us_grid_filter_query_string&quot;:null,&quot;us_grid_index&quot;:2,&quot;page_args&quot;:[]}}'><\/div>\r\n\t<\/div><\/div><\/div><\/div><\/div><\/div><\/section><section class=\"l-section wpb_row us_custom_fa07e175 height_medium with_img\"><div class=\"l-section-img\" role=\"img\" aria-label=\"Bild\" data-img-width=\"226\" data-img-height=\"100\" style=\"background-image: url(https:\/\/devowl.io\/wp-content\/uploads\/wordpress-plugins\/real-custom-post-order\/compatibility\/wpseo.png);background-position: top center;background-repeat: no-repeat;background-size: contain;\"><\/div><div class=\"l-section-h i-cf\"><div class=\"g-cols vc_row via_flex valign_top type_default stacking_default\"><div class=\"vc_col-sm-12 wpb_column vc_column_container\"><div class=\"vc_column-inner\"><div class=\"wpb_wrapper\"><div class=\"wpb_text_column us_custom_e10d76c2\"><div class=\"wpb_wrapper\"><h2>Anforderungen<\/h2>\n<p class=\"translation-block\">Real Custom Post Order ist ein modernes WordPress-Plugin, aber wir versuchen unser Bestes, um <strong>Abw\u00e4rtskompatibilit\u00e4t<\/strong> zu gew\u00e4hrleisten, damit du es auch dann verwenden kannst, wenn dein System nicht das neueste ist.<\/p>\n<p><span class=\"highlight\">PHP Version<\/span> 7.4 oder neuer (PHP 8 unterst\u00fctzt) <span class=\"highlight\">WordPress Version<\/span> 5.9 oder neuer<\/p>\n<p class=\"translation-block\"><span class=\"highlight\">Datenbank Version<\/span> MySQL 5.7 oder neuer oder MariaDB 10.3 oder neuer<\/p>\n<\/div><\/div><\/div><\/div><\/div><\/div><\/div><\/section>","protected":false},"excerpt":{"rendered":"","protected":false},"author":1,"featured_media":223,"parent":0,"menu_order":24,"comment_status":"closed","ping_status":"closed","template":"","meta":{"_acf_changed":false,"_seopress_robots_primary_cat":"","_seopress_titles_title":"Real Custom Post Order for WordPress - Free Plugin","_seopress_titles_desc":"Custom post order for posts, pages, WooCommerce products and custom post types using drag and drop. Simple and intuitive sorting of your content!","_seopress_robots_index":"","inline_featured_image":false,"restrictTranslations":["en_US","de_DE"],"footnotes":""},"class_list":["post-91","page","type-page","status-publish","has-post-thumbnail","hentry"],"acf":[],"_links":{"self":[{"href":"https:\/\/devowl.io\/de\/wp-json\/wp\/v2\/pages\/91","targetHints":{"allow":["GET"]}}],"collection":[{"href":"https:\/\/devowl.io\/de\/wp-json\/wp\/v2\/pages"}],"about":[{"href":"https:\/\/devowl.io\/de\/wp-json\/wp\/v2\/types\/page"}],"author":[{"embeddable":true,"href":"https:\/\/devowl.io\/de\/wp-json\/wp\/v2\/users\/1"}],"replies":[{"embeddable":true,"href":"https:\/\/devowl.io\/de\/wp-json\/wp\/v2\/comments?post=91"}],"version-history":[{"count":7,"href":"https:\/\/devowl.io\/de\/wp-json\/wp\/v2\/pages\/91\/revisions"}],"predecessor-version":[{"id":238912,"href":"https:\/\/devowl.io\/de\/wp-json\/wp\/v2\/pages\/91\/revisions\/238912"}],"wp:featuredmedia":[{"embeddable":true,"href":"https:\/\/devowl.io\/de\/wp-json\/wp\/v2\/media\/223"}],"wp:attachment":[{"href":"https:\/\/devowl.io\/de\/wp-json\/wp\/v2\/media?parent=91"}],"curies":[{"name":"wp","href":"https:\/\/api.w.org\/{rel}","templated":true}]}}